{"id":3,"date":"2024-06-10T17:40:59","date_gmt":"2024-06-10T20:40:59","guid":{"rendered":"https:\/\/educacaocomproposito.com.br\/?page_id=3"},"modified":"2024-09-13T20:00:07","modified_gmt":"2024-09-13T23:00:07","slug":"politica-de-privacidade","status":"publish","type":"page","link":"https:\/\/educacaocomproposito.com.br\/index.php\/politica-de-privacidade\/","title":{"rendered":"Pol\u00edtica de privacidade"},"content":{"rendered":"\t\t<div data-elementor-type=\"wp-page\" data-elementor-id=\"3\" class=\"elementor elementor-3\" data-elementor-post-type=\"page\">\n\t\t\t\t<div class=\"elementor-element elementor-element-7490d0f1 e-flex e-con-boxed e-con e-parent\" data-id=\"7490d0f1\" data-element_type=\"container\" data-e-type=\"container\">\n\t\t\t\t\t<div class=\"e-con-inner\">\n\t\t\t\t<div class=\"elementor-element elementor-element-46bcec0a elementor-widget elementor-widget-text-editor\" data-id=\"46bcec0a\" data-element_type=\"widget\" data-e-type=\"widget\" data-widget_type=\"text-editor.default\">\n\t\t\t\t<div class=\"elementor-widget-container\">\n\t\t\t\t\t\t\t\t\t<p><\/p>\n<h2 class=\"wp-block-heading\">1. Introdu\u00e7\u00e3o<\/h2>\n<p>Bem-vindo \u00e0 plataforma Educa\u00e7\u00e3o com Prop\u00f3sito, a loja de materiais pedag\u00f3gicos com o objetivo de envolver o potencial de cada esfera educativa e acolher uma pedagogia com prop\u00f3sito, que inspire e transforme a educa\u00e7\u00e3o. Na Educa\u00e7\u00e3o com Prop\u00f3sito, levamos a sua privacidade a s\u00e9rio e queremos ser transparentes explicando como usamos seus dados pessoais e como voc\u00ea pode geri-los. Esta Pol\u00edtica de Privacidade e Prote\u00e7\u00e3o de Dados (\u201cPol\u00edtica\u201d) deve ser lida em conjunto com os Termos de Uso (\u201cTermos\u201d).<\/p>\n<p>O tratamento de dados pessoais \u00e9 uma condi\u00e7\u00e3o para utilizar o portal, recursos ou site (\u201cplataforma\u201d) da Educa\u00e7\u00e3o com Prop\u00f3sito, n\u00e3o sendo poss\u00edvel oferecer os benef\u00edcios dos nossos servi\u00e7os, promo\u00e7\u00f5es e acesso a conte\u00fados sem ter acesso aos seus dados pessoais.<\/p>\n<p>N\u00f3s da Educa\u00e7\u00e3o com Prop\u00f3sito sabemos que seus dados pessoais (\u201cDados\u201d) s\u00e3o bens valiosos e devem ser mantidos com seguran\u00e7a. Por isso, nesta Pol\u00edtica, vamos nos esfor\u00e7ar para deixar bem claro como e por que utilizamos seus dados.<\/p>\n<h2>2. Principais conceitos<\/h2>\n<h3>2.1. O que s\u00e3o dados pessoais?<\/h3>\n<p>Dados Pessoais s\u00e3o informa\u00e7\u00f5es que identificam uma pessoa natural, exemplo: e-mail, CPF, telefone e endere\u00e7o. Quando os Dados Pessoais s\u00e3o sobre origem racial ou \u00e9tnica, convic\u00e7\u00e3o religiosa, opini\u00e3o pol\u00edtica, filia\u00e7\u00e3o a sindicato ou a organiza\u00e7\u00e3o de car\u00e1ter religioso, filos\u00f3fico ou pol\u00edtico, dado referente \u00e0 sa\u00fade ou \u00e0 vida sexual, dado gen\u00e9tico ou biom\u00e9trico, quando vinculado a uma pessoa natural s\u00e3o considerados Dados Pessoais Sens\u00edveis, e precisam ser tratados com ainda mais cautela pelas empresas.<\/p>\n<h3>2.2. O que s\u00e3o cookies?<\/h3>\n<p><span style=\"font-weight: 400;\">Durante a navega\u00e7\u00e3o na internet quando voc\u00ea acessa sites de m\u00eddias sociais, not\u00edcias, lojas virtuais entre outros, eles podem enviar pequenos arquivos de texto (cookies) para o seu navegador para registrar o seu comportamento. Entre outros objetivos, eles servem para identificar o usu\u00e1rio e suas prefer\u00eancias, ajustar o idioma uma vez escolhido por voc\u00ea, medir e analisar a atividade no site para melhorias de navega\u00e7\u00e3o, exibir an\u00fancios de acordo com o perfil especificado pelo usu\u00e1rio.<\/span><\/p>\n<h3 class=\"wp-block-heading\">2.3. O que \u00e9 a LGPD?<\/h3>\n<p><span style=\"font-weight: 400;\">LGPD \u00e9 a sigla da Lei Geral de Prote\u00e7\u00e3o de Dados (Lei n\u00ba 13.709\/2018). A LGPD estabelece regras sobre coleta, armazenamento e compartilhamento de dados pessoais, atribuindo e garantindo a prote\u00e7\u00e3o de dados pessoais dos cidad\u00e3os brasileiros dentro e fora do Brasil.<\/span><\/p>\n<h2><b>3. Como e quais Dados coletamos?<\/b><\/h2>\n<h3><b>3.1. Pelo seu cadastro no site da Educa\u00e7\u00e3o com Prop\u00f3sito.&nbsp;<\/b><\/h3>\n<p><span style=\"font-weight: 400;\">Para o cadastro e compra de arquivos na nossa plataforma, n\u00f3s perguntamos seu nome completo, email, telefone celular e cria\u00e7\u00e3o de login e senha. Dados de cart\u00e3o de cr\u00e9dito n\u00e3o s\u00e3o armazenados.<\/span><\/p>\n<h3><b>3.2. Pela navega\u00e7\u00e3o na plataforma<\/b><\/h3>\n<p><span style=\"font-weight: 400;\">Quando voc\u00ea navega em nossa plataforma, preenche formul\u00e1rios, participa de promo\u00e7\u00f5es e eventos online e demais intera\u00e7\u00f5es que possa vir a fazer em nossos servi\u00e7os. Tamb\u00e9m quando voc\u00ea acessa por dispositivos diferentes como: notebook, computador, celular ou outro dispositivo de acesso. Os Dados que coletamos neste caso s\u00e3o: sua localiza\u00e7\u00e3o aproximada (latitude e longitude), seu endere\u00e7o de IP, informa\u00e7\u00f5es do seu dispositivo de acesso (tipo de sistema operacional, modelo do aparelho), informa\u00e7\u00e3o da sua conex\u00e3o de internet; tipo do seu navegador e as p\u00e1ginas e conte\u00fados que voc\u00ea acessa em nossos Servi\u00e7os.<\/span><\/p>\n<h3><b>3.3. Por meio de terceiros<\/b><\/h3>\n<p><b><\/b><b><\/b><span style=\"font-weight: 400;\">Podemos tamb\u00e9m utilizar alguns dos seus Dados atrav\u00e9s de fontes dispon\u00edveis ao p\u00fablico, prestadores de servi\u00e7os e nossos parceiros.<\/span><\/p>\n<h3><b>3.4. Por meio de cookies<\/b><\/h3>\n<p><span style=\"font-weight: 400;\">Atrav\u00e9s do uso de cookies, identificamos seus h\u00e1bitos de visita, suas prefer\u00eancias, entrega de an\u00fancios e an\u00e1lises de audi\u00eancias.<\/span><\/p>\n<p><b>\u2013 O que s\u00e3o os cookies?<\/b><b><br><\/b><span style=\"font-weight: 400;\">Cookies s\u00e3o pequenos arquivos de texto enviados e armazenados no seu computador. Estes pequenos arquivos servem para reconhecer, acompanhar e armazenar a sua navega\u00e7\u00e3o como usu\u00e1rio na Internet.<\/span><\/p>\n<p><b>\u2013 Como a nossa plataforma utiliza os cookies e outras tecnologias de rastreamento?<\/b><b><br><\/b><span style=\"font-weight: 400;\">Utilizamos cookies e outras tecnologias de rastreamento para identificar voc\u00ea e seus interesses, lembrar suas prefer\u00eancias e acompanhar o uso da nossa plataforma. Tamb\u00e9m utilizamos os cookies e outras tecnologias de rastreamento para controlar o acesso a determinados conte\u00fados em nossa plataforma, proteg\u00ea-las e processar quaisquer solicita\u00e7\u00f5es que voc\u00ea nos fa\u00e7a.<\/span><span style=\"font-weight: 400;\"><br><\/span><span style=\"font-weight: 400;\">Para administra\u00e7\u00e3o da plataforma e para fins de pesquisa e an\u00e1lise, a plataforma Educa\u00e7\u00e3o com Prop\u00f3sito, possui parceiros prestadores de servi\u00e7os terceirizados para rastrear e analisar as estat\u00edsticas de uso e ajudar a melhorar a experi\u00eancia do usu\u00e1rio da nossa plataforma.<\/span><\/p>\n<p><b>\u2013 Quais as categorias e a finalidade dos cookies?<\/b><span style=\"font-weight: 400;\"><br><\/span><span style=\"font-weight: 400;\">Estritamente necess\u00e1rios\/t\u00e9cnicos.<\/span><span style=\"font-weight: 400;\"><br><\/span><span style=\"font-weight: 400;\">Eles s\u00e3o necess\u00e1rios para o funcionamento da plataforma, sem eles torna-se imposs\u00edvel executar algumas funcionalidades da plataforma. Eles permitem que voc\u00ea navegue e use os servi\u00e7os e recursos (por exemplo, cookies de seguran\u00e7a para autenticar usu\u00e1rios, evitar a utiliza\u00e7\u00e3o fraudulenta de credenciais de login e proteger os dados do usu\u00e1rio de terceiros n\u00e3o autorizados). Portanto, n\u00e3o \u00e9 poss\u00edvel recusar estes cookies se voc\u00ea quiser navegar e consumir nossos conte\u00fados.<\/span><\/p>\n<p><b>Anal\u00edticos\/Desempenho<\/b><span style=\"font-weight: 400;\"><br><\/span><span style=\"font-weight: 400;\">Coletam informa\u00e7\u00f5es de forma an\u00f4nima, ou seja, os resultados que recebemos dessa an\u00e1lise s\u00e3o fornecidos de forma agregada e n\u00e3o permitem a identifica\u00e7\u00e3o direta ou indireta do usu\u00e1rio. Esses cookies permitem determinar informa\u00e7\u00f5es, como o n\u00famero de visitantes de uma p\u00e1gina, como os visitantes chegaram ao site e as p\u00e1ginas acessadas. Por exemplo, esses cookies rastreiam as p\u00e1ginas que s\u00e3o visitadas com maior frequ\u00eancia e a localidade de nossos visitantes. Esses cookies incluem, por exemplo, os cookies do Google Analytics.<\/span><\/p>\n<p><b>Funcionalidade<\/b><span style=\"font-weight: 400;\"><br><\/span><span style=\"font-weight: 400;\">Os cookies desta categoria permitem a plataforma Educa\u00e7\u00e3o com Prop\u00f3sito operar a plataforma com as escolhas que voc\u00ea faz. Eles nos permitem \u201clembrar\u201d de suas visitas anteriores \u00e0 plataforma. Por exemplo, reconheceremos o seu nome de usu\u00e1rio e lembramos como voc\u00ea personalizou o seu conte\u00fado dentro da plataforma, nos possibilita oferecer a voc\u00ea, sempre que voc\u00ea retornar a plataforma, as mesmas personaliza\u00e7\u00f5es realizadas anteriormente.<\/span><\/p>\n<p><b>Publicidade e direcionamento<\/b><span style=\"font-weight: 400;\"><br><\/span><span style=\"font-weight: 400;\">Esses cookies coletam informa\u00e7\u00f5es sobre as suas atividades na plataforma e em outros sites para fornecer publicidade segmentada. Podemos tamb\u00e9m permitir que os nossos prestadores de servi\u00e7os terceirizados utilizem cookies na plataforma para os mesmos fins identificados acima. Os prestadores de servi\u00e7os terceirizados que geram esses cookies, como: Google, Facebook, entre outros, possuem as suas pr\u00f3prias pol\u00edticas de privacidade e podem utilizar os seus cookies para segmentar publicidade para voc\u00ea em outros sites, com base na sua visita a nossa plataforma.<\/span><\/p>\n<p><b>\u2013 Utiliza\u00e7\u00e3o de cookies de terceiros<\/b><span style=\"font-weight: 400;\"><br><\/span><span style=\"font-weight: 400;\">Prestadores de servi\u00e7os, com a nossa autoriza\u00e7\u00e3o, poder\u00e3o utilizar seus pr\u00f3prios cookies nos Servi\u00e7os. Tais cookies coletar\u00e3o os seus dados nas nossas propriedades para as finalidades previstas nesta pol\u00edtica.<\/span><span style=\"font-weight: 400;\"><br><\/span><span style=\"font-weight: 400;\">Os \u201ccookies de terceiros\u201d s\u00e3o cookies que terceiros inserem no seu dispositivo atrav\u00e9s da nossa plataforma, com a finalidade de nos ajudar a medir e aperfei\u00e7oar a efic\u00e1cia de nossas comunica\u00e7\u00f5es. Para maiores informa\u00e7\u00f5es sobre como essas empresas coletam e utilizam as informa\u00e7\u00f5es em nosso nome, consulte as respectivas pol\u00edticas de privacidade em: Google e Facebook<\/span><\/p>\n<p><span style=\"font-weight: 400;\">\u2013 Quais cookies que utilizamos?<\/span><span style=\"font-weight: 400;\"><br><\/span><span style=\"font-weight: 400;\">Nome: Facebook Ads<\/span><span style=\"font-weight: 400;\"><br><\/span><span style=\"font-weight: 400;\">Fornecedor: Facebook<\/span><span style=\"font-weight: 400;\"><br><\/span><span style=\"font-weight: 400;\">Finalidade: An\u00fancios<\/span><span style=\"font-weight: 400;\"><br><\/span><span style=\"font-weight: 400;\">Validade: N\u00e3o temos dados individualizados<\/span><span style=\"font-weight: 400;\"><br><\/span><span style=\"font-weight: 400;\">Tipo: Marketing<\/span><\/p>\n<p><span style=\"font-weight: 400;\">Nome: Google Ads<\/span><span style=\"font-weight: 400;\"><br><\/span><span style=\"font-weight: 400;\">Fornecedor: Google<\/span><span style=\"font-weight: 400;\"><br><\/span><span style=\"font-weight: 400;\">Finalidade: An\u00fancios<\/span><span style=\"font-weight: 400;\"><br><\/span><span style=\"font-weight: 400;\">Validade: N\u00e3o temos dados individualizados<\/span><span style=\"font-weight: 400;\"><br><\/span><span style=\"font-weight: 400;\">Tipo: Marketing<\/span><\/p>\n<p><span style=\"font-weight: 400;\">Nome: Google Analytics<\/span><span style=\"font-weight: 400;\"><br><\/span><span style=\"font-weight: 400;\">Fornecedor: Google<\/span><span style=\"font-weight: 400;\"><br><\/span><span style=\"font-weight: 400;\">Finalidade: Estat\u00edstica<\/span><span style=\"font-weight: 400;\"><br><\/span><span style=\"font-weight: 400;\">Validade: N\u00e3o temos dados individualizados<\/span><span style=\"font-weight: 400;\"><br><\/span><span style=\"font-weight: 400;\">Tipo: Estat\u00edstica<\/span><\/p>\n<p><span style=\"font-weight: 400;\">Nome: Google Tag Manager<\/span><span style=\"font-weight: 400;\"><br><\/span><span style=\"font-weight: 400;\">Fornecedor: Google<\/span><span style=\"font-weight: 400;\"><br><\/span><span style=\"font-weight: 400;\">Finalidade: Estat\u00edstica<\/span><span style=\"font-weight: 400;\"><br><\/span><span style=\"font-weight: 400;\">Validade: N\u00e3o temos dados individualizados<\/span><span style=\"font-weight: 400;\"><br><\/span><span style=\"font-weight: 400;\">Tipo: Estat\u00edstica<\/span><\/p>\n<p><b>\u2013 Como fa\u00e7o para alterar ou bloquear cookies?<\/b><span style=\"font-weight: 400;\"><br><\/span><span style=\"font-weight: 400;\">Os navegadores normalmente est\u00e3o configurados para aceitar os cookies. Por\u00e9m, voc\u00ea pode alterar estas configura\u00e7\u00f5es no momento que desejar para bloquear ou alert\u00e1-lo quando um cookie estiver sendo enviado ao seu dispositivo.<\/span><span style=\"font-weight: 400;\"><br><\/span><span style=\"font-weight: 400;\">Existem v\u00e1rias formas de gerenciar cookies, voc\u00ea pode bloquear cookies de um site espec\u00edfico, bloquear cookies de terceiros em rela\u00e7\u00e3o a um site, ou ainda bloquear todos os cookies. Mas fique atento, o bloqueio de todos os cookies ir\u00e1 afetar o funcionamento da sua experi\u00eancia, pois n\u00e3o ser\u00e1 poss\u00edvel identificar suas prefer\u00eancias na plataforma e nem recomendar conte\u00fado e publicidade relevante.<\/span><span style=\"font-weight: 400;\"><br><\/span><span style=\"font-weight: 400;\">Para saber mais sobre os ajustes de cookies, consulte as instru\u00e7\u00f5es do seu navegador, lembrando que voc\u00ea deve fazer essa configura\u00e7\u00e3o escolhida em todos os dispositivos utilizados para acessar os Servi\u00e7os (como computadores, smartphones, tablets).<\/span><span style=\"font-weight: 400;\"><br><\/span><span style=\"font-weight: 400;\">Consulte as respectivas configura\u00e7\u00f5es dos nossos principais navegadores em: Internet Explorer, Edge, Chrome, Safari, Firefox e Opera.<\/span><\/p>\n<h2><b>4. Para quais finalidades usamos os seus Dados?<\/b><\/h2>\n<h3><b>4.1. Fornecer Servi\u00e7os personalizados a voc\u00ea<\/b><\/h3>\n<p><span style=\"font-weight: 400;\">Coletamos seus Dados para que possamos entregar conte\u00fado, processar pagamentos e direcionar Servi\u00e7os do seu interesse. Seus Dados nos ajudam a criar uma experi\u00eancia personalizada de acordo com seus interesses.<\/span><\/p>\n<h4>\n<\/h4>\n<h3><b>4.2. Nos comunicar com voc\u00ea de forma diferenciada<\/b><\/h3>\n<p><b><br><\/b><span style=\"font-weight: 400;\">Coletamos seus Dados para aprimorar nossos servi\u00e7os, melhorar nosso atendimento t\u00e9cnico e operacional respondendo o mais breve poss\u00edvel suas solicita\u00e7\u00f5es, quando voc\u00ea entrar em contato conosco.<\/span>\n<\/p>\n<h3><b>4.3. Aumentar a seguran\u00e7a e prote\u00e7\u00e3o dos seus direitos<\/b><\/h3>\n<p><span style=\"font-weight: 400;\">Alguns Dados s\u00e3o mantidos armazenados para prevenir atividades ilegais e suspeitas.<\/span><\/p>\n<h3><b>4.4. Aprimorar e desenvolver novos servi\u00e7os<\/b><\/h3>\n<p><span style=\"font-weight: 400;\">Utilizamos seus Dados em pesquisas e an\u00e1lises de dados (intelig\u00eancia anal\u00edtica) para aprimorar e oferecer novos servi\u00e7os.<\/span><\/p>\n<h3><b>4.5. Cumprir obriga\u00e7\u00f5es legais<\/b><\/h3>\n<p><\/p>\n<p><span style=\"font-weight: 400;\">Mantemos seus Dados para que, caso haja necessidade, possamos cumprir obriga\u00e7\u00f5es legais e regulat\u00f3rias judiciais ou administrativas.<\/span><\/p>\n<h2><b>5. Como tratamos dados de crian\u00e7as?<\/b><\/h2>\n<p><span style=\"font-weight: 400;\">N\u00f3s buscamos n\u00e3o coletar dados de crian\u00e7as (indiv\u00edduos menores de 13 anos). A idade m\u00ednima para utilizar a nossa plataforma, participar de promo\u00e7\u00f5es e ofertas \u00e9 de 13 anos. Antes do armazenamento de dados, solicitamos para valida\u00e7\u00e3o de idade, no momento do cadastro, o CPF e a data de nascimento do usu\u00e1rio.<\/span><\/p>\n<h2><b>6. Com quem compartilhamos seus Dados<\/b><\/h2>\n<h3><b>6.1. Quais empresas do Grupo \u201cEduca\u00e7\u00e3o com Prop\u00f3stito\u201d<\/b><\/h3>\n<p><span style=\"font-weight: 400;\">Controlam os seus Dados<\/span><span style=\"font-weight: 400;\"><br><\/span><span style=\"font-weight: 400;\">As empresas da Educa\u00e7\u00e3o com Prop\u00f3sito compartilham entre sua infraestrutura, sistemas e tecnologia para que voc\u00ea tenha sempre uma experi\u00eancia integrada e um mesmo padr\u00e3o de atendimento em todos os servi\u00e7os oferecidos.<\/span><span style=\"font-weight: 400;\"><br><\/span><span style=\"font-weight: 400;\">Seus Dados s\u00e3o controlados pelas empresas listadas abaixo:<\/span><span style=\"font-weight: 400;\"><br><\/span><span style=\"font-weight: 400;\">LAIS FERREIRA DE GODOY JOAO LTDA, inscrita no CNPJ 55.652.216\/0001-23.<\/span><\/p>\n<h3><b>6.2. Compartilhamos com terceiros<\/b><\/h3>\n<p><span style=\"font-weight: 400;\">Compartilhamos seus Dados com alguns de nossos parceiros que nos ajudam na execu\u00e7\u00e3o dos nossos Servi\u00e7os, como parceiros: provedores e integradores de meios de pagamento, empresas de cart\u00e3o de cr\u00e9dito, prestadora de servi\u00e7os de marketing e publicidade, autoridades judiciais, policiais ou governamentais, prestadores de servi\u00e7os para manuten\u00e7\u00e3o de nossa plataforma, an\u00e1lise de dados visando o enriquecimento da base de dados para personaliza\u00e7\u00e3o e melhoria dos servi\u00e7os. Todos os prestadores de servi\u00e7os est\u00e3o contratualmente obrigados ao sigilo, bem como a respeitar a Lei aplic\u00e1vel e nos termos de nossa Pol\u00edtica.<\/span><\/p>\n<h2><b>7. Hiperlinks para outros sites da internet<\/b><\/h2>\n<p><span style=\"font-weight: 400;\">Nossa plataforma poder\u00e1 conter links de acesso a outros sites da internet (hiperlinks). Lembramos que nossa Pol\u00edtica se aplica apenas a nossa plataforma de acesso aos nossos Servi\u00e7os. Recomendamos que ao clicar em link para outro site, voc\u00ea leia a pol\u00edtica de privacidade deles.<\/span><\/p>\n<h2><b>8. Como protegemos os seus Dados?<\/b><\/h2>\n<p><span style=\"font-weight: 400;\">Utilizamos padr\u00f5es t\u00e9cnicos de mercado para manter a seguran\u00e7a e privacidade dos seus Dados.<\/span><\/p>\n<h2><b>9. Voc\u00ea no controle \u2013 Seus direitos de usu\u00e1rio<\/b><\/h2>\n<p><span style=\"font-weight: 400;\">A qualquer momento voc\u00ea pode decidir sobre a atualiza\u00e7\u00e3o e o tratamento que poderemos dar aos seus Dados. Voc\u00ea pode, de forma gratuita, revogar um consentimento dado anteriormente, corrigir, atualizar ou excluir seus Dados.<\/span><span style=\"font-weight: 400;\"><br><\/span><span style=\"font-weight: 400;\">Para isso, caso deseje realizar alguma das a\u00e7\u00f5es anteriores, ou mesmo se desejar apenas entender mais, tirar d\u00favida ou confirmar a exist\u00eancia de algum tratamento, entre em contato com o nosso time de privacidade atrav\u00e9s do e-mail <a href=\"mailto:laisgodoy.pedagogia@gmail.com\">laisgodoy.pedagogia@gmail.com<\/a><\/span><span style=\"font-weight: 400;\">. Caso voc\u00ea solicite a atualiza\u00e7\u00e3o, corre\u00e7\u00e3o ou mesmo a exclus\u00e3o dos seus Dados, nossa plataforma atender\u00e1 a solicita\u00e7\u00e3o em at\u00e9 15 dias. Ap\u00f3s a exclus\u00e3o, n\u00f3s da Educa\u00e7\u00e3o com Prop\u00f3sito poderemos manter os seus Dados somente (a) pelo prazo necess\u00e1rio para fins de processos judiciais, administrativos e arbitrais, (b) para cumprimento de obriga\u00e7\u00e3o legal e\/ou regulat\u00f3ria, (c) para o exerc\u00edcio regular de direitos, como, por exemplo, fazer valer os direitos com base no contrato de assinatura e\/ou Termos aplic\u00e1veis ou (d) em formato anonimizado.<\/span><span style=\"font-weight: 400;\"><br><\/span><span style=\"font-weight: 400;\">Armazenamos seus dados durante todo o per\u00edodo que voc\u00ea navegar na nossa plataforma e utilizar nossos servi\u00e7os, ou se for um potencial cliente e quiser acompanhar nossas novidades. Caso voc\u00ea fique inativo na nossa plataforma por um per\u00edodo de 1(um) ano a contar da \u00faltima visita que voc\u00ea nos fizer, n\u00f3s excluiremos seus dados do nosso banco de dados.<\/span><\/p>\n<h2><b>10. Transfer\u00eancia<\/b><\/h2>\n<p><span style=\"font-weight: 400;\">Internacional de Dados<\/span><span style=\"font-weight: 400;\"><br><\/span><span style=\"font-weight: 400;\">Para oferecer os nossos servi\u00e7os, alguns de seus Dados poder\u00e3o ser transferidos para outros pa\u00edses, essa transfer\u00eancia ocorrer\u00e1 quando utilizarmos servi\u00e7os em nuvem para processamento ou armazenamento de dados, localizados fora do Brasil. Fique tranquilo, nestas situa\u00e7\u00f5es tamb\u00e9m estaremos atendendo todos os requisitos estabelecidos na Lei vigente e nesta Pol\u00edtica, al\u00e9m de adotar as melhores pr\u00e1ticas de mercado a fim de garantir a prote\u00e7\u00e3o e privacidade dos seus Dados.<\/span><\/p>\n<h2><b>11. Contato<\/b><\/h2>\n<p><span style=\"font-weight: 400;\">Somos todos ouvidos. Entre em contato conosco caso tenha algum pedido, d\u00favida ou sugest\u00e3o com rela\u00e7\u00e3o a nossa Pol\u00edtica.<\/span><span style=\"font-weight: 400;\"><br><\/span><span style=\"font-weight: 400;\">Equipe de suporte \u2013 <\/span><a href=\"mailto:laisgodoy.pedagogia@gmail.com\"><span style=\"font-weight: 400;\">laisgodoy.pedagogia@gmail.com<\/span><\/a> <span style=\"font-weight: 400;\">OU acesse a se\u00e7\u00e3o de perguntas frequentes em nossa plataforma.<\/span><\/p>\n<p><\/p>\n<p><\/p>\t\t\t\t\t\t\t\t<\/div>\n\t\t\t\t<\/div>\n\t\t\t\t\t<\/div>\n\t\t\t\t<\/div>\n\t\t\t\t<\/div>\n\t\t","protected":false},"excerpt":{"rendered":"<p>1. Introdu\u00e7\u00e3o Bem-vindo \u00e0 plataforma Educa\u00e7\u00e3o com Prop\u00f3sito, a loja de materiais pedag\u00f3gicos com o objetivo de envolver o potencial de cada esfera educativa e acolher uma pedagogia com prop\u00f3sito, que inspire e transforme a educa\u00e7\u00e3o. Na Educa\u00e7\u00e3o com Prop\u00f3sito, levamos a sua privacidade a s\u00e9rio e queremos ser transparentes explicando como usamos seus dados [&hellip;]<\/p>\n","protected":false},"author":1,"featured_media":0,"parent":0,"menu_order":0,"comment_status":"closed","ping_status":"open","template":"","meta":{"bwfblock_default_font":"","_uf_show_specific_survey":0,"_uf_disable_surveys":false,"footnotes":""},"class_list":["post-3","page","type-page","status-publish","hentry"],"blocksy_meta":[],"aioseo_notices":[],"_links":{"self":[{"href":"https:\/\/educacaocomproposito.com.br\/index.php\/wp-json\/wp\/v2\/pages\/3","targetHints":{"allow":["GET"]}}],"collection":[{"href":"https:\/\/educacaocomproposito.com.br\/index.php\/wp-json\/wp\/v2\/pages"}],"about":[{"href":"https:\/\/educacaocomproposito.com.br\/index.php\/wp-json\/wp\/v2\/types\/page"}],"author":[{"embeddable":true,"href":"https:\/\/educacaocomproposito.com.br\/index.php\/wp-json\/wp\/v2\/users\/1"}],"replies":[{"embeddable":true,"href":"https:\/\/educacaocomproposito.com.br\/index.php\/wp-json\/wp\/v2\/comments?post=3"}],"version-history":[{"count":9,"href":"https:\/\/educacaocomproposito.com.br\/index.php\/wp-json\/wp\/v2\/pages\/3\/revisions"}],"predecessor-version":[{"id":1274,"href":"https:\/\/educacaocomproposito.com.br\/index.php\/wp-json\/wp\/v2\/pages\/3\/revisions\/1274"}],"wp:attachment":[{"href":"https:\/\/educacaocomproposito.com.br\/index.php\/wp-json\/wp\/v2\/media?parent=3"}],"curies":[{"name":"wp","href":"https:\/\/api.w.org\/{rel}","templated":true}]}}