{"id":104058,"date":"2026-02-20T18:58:50","date_gmt":"2026-02-20T21:58:50","guid":{"rendered":"https:\/\/educacaocomproposito.com.br\/?post_type=product&#038;p=104058"},"modified":"2026-02-25T16:48:05","modified_gmt":"2026-02-25T19:48:05","slug":"kit-mulheres-que-florescem","status":"publish","type":"product","link":"https:\/\/educacaocomproposito.com.br\/index.php\/product\/kit-mulheres-que-florescem\/","title":{"rendered":"Kit &#8211; Mulheres que florescem"},"content":{"rendered":"<p><strong>\ud83d\udce6 O que voc\u00ea recebe neste kit completo:<\/strong><br \/>\u2714 Painel base \u201cMulheres\u201d (9 folhas A4)<br \/>\u2714 5 faixas tem\u00e1ticas (Coragem, Cuidado, Amor, Escuta e Resili\u00eancia)<br \/>\u2714 Polaroids edit\u00e1veis no Canva Pro e Gratuito (3 tamanhos &#8211; pequeno, m\u00e9dio e grande)<br \/>\u2714 Flores complementares decorativas<br \/>\u2714 Faixa \u201c8 de Mar\u00e7o\u201d<br \/>\u2714 Faixa \u201cDia Internacional da Mulher\u201d<br \/>\u2714 Lembrancinha porta-piranha &#8211; Dispon\u00edvel em duas medidas<\/p>\n<p><strong>Detalhes T\u00e9cnicos:<\/strong><br \/>\ud83d\udcc4 Material\u00a0<strong>100% digital (PDF)<\/strong><br \/>\ud83d\udda8\ufe0f Pronto para imprimir<br \/>\ud83d\udd10 Direitos autorais<br \/>Material protegido por direitos autorais.<br \/>\ud83d\udeab Uso pessoal e pedag\u00f3gico \u2013\u00a0<strong>proibida a redistribui\u00e7\u00e3o ou comercializa\u00e7\u00e3o<\/strong>\u00a0<strong>do material f\u00edsico ou digital<\/strong>.<br \/>\u26a0\ufe0f N\u00e3o enviamos pelos CORREIOS.<br \/>\u26a0\ufe0f Aten\u00e7\u00e3o: Este produto n\u00e3o \u00e9 clipart e n\u00e3o disponibilizamos a arte aberta.<\/p>\n<p><strong>\ud83d\udce5 Como acessar seu arquivo<br \/>Ap\u00f3s a confirma\u00e7\u00e3o do pagamento, voc\u00ea poder\u00e1 baixar o seu produto de tr\u00eas formas pr\u00e1ticas:<br \/><\/strong>1\ufe0f\u20e3 Via e-mail<br \/>Voc\u00ea receber\u00e1 um e-mail com o t\u00edtulo \u201cSeu arquivo chegou\u201d.<br \/>Lembre-se de verificar tamb\u00e9m a caixa de Spam\/Lixo eletr\u00f4nico.<br \/>Para baixar, clique em todos os t\u00edtulos destacados e sublinhados na se\u00e7\u00e3o de Downloads.<br \/>2\ufe0f\u20e3 Via WhatsApp<br \/>Voc\u00ea receber\u00e1 uma mensagem autom\u00e1tica em seu WhatsApp.<br \/>Para receber o arquivo por l\u00e1, basta clicar no bot\u00e3o: \u201cRECEBER meu pedido aqui\u201d.<br \/>3\ufe0f\u20e3 Na sua \u00c1rea do Cliente (site)<br \/>Clique nas tr\u00eas linhas no canto superior esquerdo.<br \/>Acesse Minha Conta &gt; Downloads.<br \/>Baixe diretamente todos os produtos adquiridos.<br \/><strong>\ud83d\udccc Qualquer d\u00favida, nosso suporte est\u00e1 \u00e0 disposi\u00e7\u00e3o:<br \/>(11) 94050-7483.<\/strong><\/p>\n","protected":false},"excerpt":{"rendered":"<p>Existem mulheres que n\u00e3o apenas passam por um espa\u00e7o\u2026<br \/>Elas <strong>marcam, inspiram e florescem onde est\u00e3o.<\/strong><\/p>\n<p>O <strong>Kit Mulheres que Florescem<\/strong> foi criado para valorizar a ess\u00eancia feminina com delicadeza, significado e profundidade. Ideal para escolas, igrejas, equipes pedag\u00f3gicas, empresas ou qualquer ambiente que deseje celebrar o Dia Internacional da Mulher de forma sens\u00edvel e impactante.<\/p>\n<p>Mais do que um painel decorativo, este material promove reflex\u00e3o, pertencimento e reconhecimento.<\/p>\n","protected":false},"featured_media":104091,"comment_status":"open","ping_status":"closed","template":"","meta":{"bwfblock_default_font":"","_uf_show_specific_survey":0,"_uf_disable_surveys":false},"product_brand":[],"product_cat":[37],"product_tag":[47],"class_list":{"0":"post-104058","1":"product","2":"type-product","3":"status-publish","4":"has-post-thumbnail","6":"product_cat-datas-comemorativas","7":"product_tag-datas-comemorativas","9":"first","10":"instock","11":"sale","12":"downloadable","13":"virtual","14":"sold-individually","15":"purchasable","16":"product-type-simple"},"aioseo_notices":[],"_links":{"self":[{"href":"https:\/\/educacaocomproposito.com.br\/index.php\/wp-json\/wp\/v2\/product\/104058","targetHints":{"allow":["GET"]}}],"collection":[{"href":"https:\/\/educacaocomproposito.com.br\/index.php\/wp-json\/wp\/v2\/product"}],"about":[{"href":"https:\/\/educacaocomproposito.com.br\/index.php\/wp-json\/wp\/v2\/types\/product"}],"replies":[{"embeddable":true,"href":"https:\/\/educacaocomproposito.com.br\/index.php\/wp-json\/wp\/v2\/comments?post=104058"}],"version-history":[{"count":3,"href":"https:\/\/educacaocomproposito.com.br\/index.php\/wp-json\/wp\/v2\/product\/104058\/revisions"}],"predecessor-version":[{"id":104093,"href":"https:\/\/educacaocomproposito.com.br\/index.php\/wp-json\/wp\/v2\/product\/104058\/revisions\/104093"}],"wp:featuredmedia":[{"embeddable":true,"href":"https:\/\/educacaocomproposito.com.br\/index.php\/wp-json\/wp\/v2\/media\/104091"}],"wp:attachment":[{"href":"https:\/\/educacaocomproposito.com.br\/index.php\/wp-json\/wp\/v2\/media?parent=104058"}],"wp:term":[{"taxonomy":"product_brand","embeddable":true,"href":"https:\/\/educacaocomproposito.com.br\/index.php\/wp-json\/wp\/v2\/product_brand?post=104058"},{"taxonomy":"product_cat","embeddable":true,"href":"https:\/\/educacaocomproposito.com.br\/index.php\/wp-json\/wp\/v2\/product_cat?post=104058"},{"taxonomy":"product_tag","embeddable":true,"href":"https:\/\/educacaocomproposito.com.br\/index.php\/wp-json\/wp\/v2\/product_tag?post=104058"}],"curies":[{"name":"wp","href":"https:\/\/api.w.org\/{rel}","templated":true}]}}