{"id":105095,"date":"2026-02-25T16:43:50","date_gmt":"2026-02-25T19:43:50","guid":{"rendered":"https:\/\/educacaocomproposito.com.br\/?post_type=product&#038;p=105095"},"modified":"2026-02-25T19:52:47","modified_gmt":"2026-02-25T22:52:47","slug":"kit-jornal-da-escola-edicao-especial-dia-internacional-da-mulher","status":"publish","type":"product","link":"https:\/\/educacaocomproposito.com.br\/index.php\/product\/kit-jornal-da-escola-edicao-especial-dia-internacional-da-mulher\/","title":{"rendered":"Kit Jornal da Escola | Edi\u00e7\u00e3o Especial &#8220;Dia Internacional da Mulher&#8221;"},"content":{"rendered":"<p>\u2728 O que voc\u00ea recebe neste kit:<br \/>\u2714 Painel Base completo em <strong>27 folhas A4<\/strong> (formato ampliado para montagem impactante)<br \/>Medida aproximada 158x80cm.<br \/>\u2714 Elementos florais decorativos com acabamento recort\u00e1vel<br \/>\u2714 Espa\u00e7o \u201cProtagonistas desta Edi\u00e7\u00e3o\u201d para personaliza\u00e7\u00e3o<br \/>\u2714 Polaroids edit\u00e1veis (4 tamanhos: pequeno, m\u00e9dio, grande e gigante)| O Tamanho ir\u00e1 variar conforme a quantidade de mulheres que ser\u00e3o homenageadas no painel. <br \/>\u2714 Polaroid estilo jornal edit\u00e1vel no Canva (vers\u00e3o gratuita ou Pro) | Nome e Foto personaliz\u00e1veis.<br \/>\u2714 Sacola\/lembrancinha com est\u00e9tica estilo jornal (foto e nome personaliz\u00e1veis)<br \/>\u2714 QR Codes com acesso aos v\u00eddeos tutoriais de montagem<br \/>\u2714 Instru\u00e7\u00f5es detalhadas de impress\u00e3o e montagem<\/p>\n<p>\ud83d\udcc4 Material\u00a0<strong>100% digital (PDF)<\/strong><br \/>\ud83d\udda8\ufe0f Pronto para imprimir<br \/>\u26a0\ufe0f Possu\u00ed dois elementos edit\u00e1veis (Polaroid para o painel e sacola\/lembrancinha). <br \/>\ud83d\udd10 Direitos autorais<br \/>Material protegido por direitos autorais.<br \/>\ud83d\udeab Uso pessoal e pedag\u00f3gico \u2013\u00a0<strong>proibida a redistribui\u00e7\u00e3o ou comercializa\u00e7\u00e3o<\/strong>\u00a0<strong>do material f\u00edsico ou digital<\/strong>.<br \/>\u26a0\ufe0f N\u00e3o enviamos pelos CORREIOS.<br \/>\u26a0\ufe0f Aten\u00e7\u00e3o: Este produto n\u00e3o \u00e9 clipart e n\u00e3o disponibilizamos a arte aberta.<\/p>\n<p><strong>\ud83d\udce5 Como acessar seu arquivo<br \/>Ap\u00f3s a confirma\u00e7\u00e3o do pagamento, voc\u00ea poder\u00e1 baixar o seu produto de tr\u00eas formas pr\u00e1ticas:<br \/><\/strong>1\ufe0f\u20e3 Via e-mail<br \/>Voc\u00ea receber\u00e1 um e-mail com o t\u00edtulo \u201cSeu arquivo chegou\u201d.<br \/>Lembre-se de verificar tamb\u00e9m a caixa de Spam\/Lixo eletr\u00f4nico.<br \/>Para baixar, clique em todos os t\u00edtulos destacados e sublinhados na se\u00e7\u00e3o de Downloads.<br \/>2\ufe0f\u20e3 Via WhatsApp<br \/>Voc\u00ea receber\u00e1 uma mensagem autom\u00e1tica em seu WhatsApp.<br \/>Para receber o arquivo por l\u00e1, basta clicar no bot\u00e3o: \u201cRECEBER meu pedido aqui\u201d.<br \/>3\ufe0f\u20e3 Na sua \u00c1rea do Cliente (site)<br \/>Clique nas tr\u00eas linhas no canto superior esquerdo.<br \/>Acesse Minha Conta &gt; Downloads.<br \/>Baixe diretamente todos os produtos adquiridos.<br \/><strong>\ud83d\udccc Qualquer d\u00favida, nosso suporte est\u00e1 \u00e0 disposi\u00e7\u00e3o:<br \/>(11) 94050-7483.<\/strong><\/p>\n","protected":false},"excerpt":{"rendered":"<p>Um painel impactante, afetivo e visualmente encantador para celebrar o Dia Internacional da Mulher com significado, reconhecimento e protagonismo feminino.<\/p>\n<p>O <strong>Kit Jornal da Nossa Escola<\/strong> foi criado para transformar o ambiente escolar em uma verdadeira edi\u00e7\u00e3o especial de homenagem \u2014 valorizando hist\u00f3rias reais, mulheres extraordin\u00e1rias e o impacto di\u00e1rio que elas constroem na educa\u00e7\u00e3o.<\/p>\n<p>Inspirado na est\u00e9tica cl\u00e1ssica de jornal, com molduras florais delicadas e tons sofisticados, este material une beleza, organiza\u00e7\u00e3o e prop\u00f3sito.<\/p>\n","protected":false},"featured_media":105129,"comment_status":"open","ping_status":"closed","template":"","meta":{"bwfblock_default_font":"","_uf_show_specific_survey":0,"_uf_disable_surveys":false},"product_brand":[],"product_cat":[37],"product_tag":[47,129],"class_list":{"0":"post-105095","1":"product","2":"type-product","3":"status-publish","4":"has-post-thumbnail","6":"product_cat-datas-comemorativas","7":"product_tag-datas-comemorativas","8":"product_tag-dia-da-mulher","10":"first","11":"instock","12":"sale","13":"downloadable","14":"virtual","15":"sold-individually","16":"purchasable","17":"product-type-simple"},"aioseo_notices":[],"_links":{"self":[{"href":"https:\/\/educacaocomproposito.com.br\/index.php\/wp-json\/wp\/v2\/product\/105095","targetHints":{"allow":["GET"]}}],"collection":[{"href":"https:\/\/educacaocomproposito.com.br\/index.php\/wp-json\/wp\/v2\/product"}],"about":[{"href":"https:\/\/educacaocomproposito.com.br\/index.php\/wp-json\/wp\/v2\/types\/product"}],"replies":[{"embeddable":true,"href":"https:\/\/educacaocomproposito.com.br\/index.php\/wp-json\/wp\/v2\/comments?post=105095"}],"version-history":[{"count":3,"href":"https:\/\/educacaocomproposito.com.br\/index.php\/wp-json\/wp\/v2\/product\/105095\/revisions"}],"predecessor-version":[{"id":105114,"href":"https:\/\/educacaocomproposito.com.br\/index.php\/wp-json\/wp\/v2\/product\/105095\/revisions\/105114"}],"wp:featuredmedia":[{"embeddable":true,"href":"https:\/\/educacaocomproposito.com.br\/index.php\/wp-json\/wp\/v2\/media\/105129"}],"wp:attachment":[{"href":"https:\/\/educacaocomproposito.com.br\/index.php\/wp-json\/wp\/v2\/media?parent=105095"}],"wp:term":[{"taxonomy":"product_brand","embeddable":true,"href":"https:\/\/educacaocomproposito.com.br\/index.php\/wp-json\/wp\/v2\/product_brand?post=105095"},{"taxonomy":"product_cat","embeddable":true,"href":"https:\/\/educacaocomproposito.com.br\/index.php\/wp-json\/wp\/v2\/product_cat?post=105095"},{"taxonomy":"product_tag","embeddable":true,"href":"https:\/\/educacaocomproposito.com.br\/index.php\/wp-json\/wp\/v2\/product_tag?post=105095"}],"curies":[{"name":"wp","href":"https:\/\/api.w.org\/{rel}","templated":true}]}}