{"id":106479,"date":"2026-03-03T15:29:44","date_gmt":"2026-03-03T18:29:44","guid":{"rendered":"https:\/\/educacaocomproposito.com.br\/?post_type=product&#038;p=106479"},"modified":"2026-03-03T19:24:30","modified_gmt":"2026-03-03T22:24:30","slug":"kit-dia-da-escola-nossa-escola-nossa-historia","status":"publish","type":"product","link":"https:\/\/educacaocomproposito.com.br\/index.php\/product\/kit-dia-da-escola-nossa-escola-nossa-historia\/","title":{"rendered":"Kit Dia da Escola &#8211; Nossa Escola, Nossa Hist\u00f3ria"},"content":{"rendered":"<p><strong>\u2728 O QUE VOC\u00ca ENCONTRA NESTE KIT:<\/strong><\/p>\n<p><strong>\ud83d\udccc Painel Principal<br \/><\/strong>(Tamanho aproximado ap\u00f3s montagem: 151,5 x 76 cm)<br \/>Arquivos em folhas A4 para facilitar impress\u00e3o e montagem.<\/p>\n<p>\ud83d\udcf8 <strong>Painel para fotografias &#8211; &#8220;Nossa Escola em cada Sorriso&#8221;<\/strong><br \/>(Tamanho aproximado ap\u00f3s montagem: 31,5 x 76 cm)<br \/>Valorize os alunos, a equipe e a hist\u00f3ria da sua escola.<\/p>\n<p>\ud83c\udf81 <strong>Lembrancinha Mochila Sacola<\/strong><br \/>Prontos para imprimir e montar, uma por folha A4.<\/p>\n<p>\ud83d\uddbc\ufe0f <strong>Moldura para foto edit\u00e1vel no Canva<\/strong><br \/>Moldura para foto &#8211; Colagem no painel &#8220;Nossa Escola em Cada Sorriso&#8221;<br \/>Compat\u00edvel com vers\u00e3o gratuita ou Pro do Canva.<\/p>\n<p>\ud83d\udcce <strong>Instru\u00e7\u00f5es detalhadas de impress\u00e3o e montagem<\/strong><br \/>Com orienta\u00e7\u00f5es pr\u00e1ticas para facilitar seu trabalho.<\/p>\n<p><strong>Detalhes T\u00e9cnicos:<\/strong><br \/>\ud83d\udcc4 Material\u00a0<strong>100% digital (PDF)<\/strong><br \/>\ud83d\udda8\ufe0f Pronto para imprimir<br \/>\u26a0\ufe0f Cont\u00e9m item edit\u00e1vel no Canva. Verifique informa\u00e7\u00f5es na descri\u00e7\u00e3o acima.<br \/>\ud83d\udd10 Direitos autorais<br \/>Material protegido por direitos autorais.<br \/>\ud83d\udeab Uso pessoal e pedag\u00f3gico \u2013\u00a0<strong>proibida a redistribui\u00e7\u00e3o ou comercializa\u00e7\u00e3o<\/strong>\u00a0<strong>do material f\u00edsico ou digital<\/strong>.<br \/>\u26a0\ufe0f N\u00e3o enviamos pelos CORREIOS.<br \/>\u26a0\ufe0f Aten\u00e7\u00e3o: Este produto n\u00e3o \u00e9 clipart e n\u00e3o disponibilizamos a arte aberta.<\/p>\n<p><strong>\ud83d\udce5 Como acessar seu arquivo<br \/>Ap\u00f3s a confirma\u00e7\u00e3o do pagamento, voc\u00ea poder\u00e1 baixar o seu produto de tr\u00eas formas pr\u00e1ticas:<br \/><\/strong>1\ufe0f\u20e3 Via e-mail<br \/>Voc\u00ea receber\u00e1 um e-mail com o t\u00edtulo \u201cSeu arquivo chegou\u201d.<br \/>Lembre-se de verificar tamb\u00e9m a caixa de Spam\/Lixo eletr\u00f4nico.<br \/>Para baixar, clique em todos os t\u00edtulos destacados e sublinhados na se\u00e7\u00e3o de Downloads.<br \/>2\ufe0f\u20e3 Via WhatsApp<br \/>Voc\u00ea receber\u00e1 uma mensagem autom\u00e1tica em seu WhatsApp.<br \/>Para receber o arquivo por l\u00e1, basta clicar no bot\u00e3o: \u201cRECEBER meu pedido aqui\u201d.<br \/>3\ufe0f\u20e3 Na sua \u00c1rea do Cliente (site)<br \/>Clique nas tr\u00eas linhas no canto superior esquerdo.<br \/>Acesse Minha Conta &gt; Downloads.<br \/>Baixe diretamente todos os produtos adquiridos.<br \/><strong>\ud83d\udccc Qualquer d\u00favida, nosso suporte est\u00e1 \u00e0 disposi\u00e7\u00e3o:<br \/>(11) 94050-7483.<\/strong><\/p>\n","protected":false},"excerpt":{"rendered":"<p>Um kit completo para transformar essa data em um momento de pertencimento, mem\u00f3ria e celebra\u00e7\u00e3o.<\/p>\n<p>O Dia da Escola vai muito al\u00e9m de uma data comemorativa.<br \/>Ele \u00e9 sobre hist\u00f3rias constru\u00eddas, la\u00e7os fortalecidos e sonhos que come\u00e7am dentro de cada sala de aula.<\/p>\n<p>Pensando nisso, desenvolvi um kit completo, visualmente impactante e pronto para imprimir, que valoriza a identidade da sua escola e cria uma experi\u00eancia significativa para alunos, equipe e fam\u00edlias.<\/p>\n","protected":false},"featured_media":106524,"comment_status":"open","ping_status":"closed","template":"","meta":{"bwfblock_default_font":"","_uf_show_specific_survey":0,"_uf_disable_surveys":false},"product_brand":[],"product_cat":[37],"product_tag":[47],"class_list":{"0":"post-106479","1":"product","2":"type-product","3":"status-publish","4":"has-post-thumbnail","6":"product_cat-datas-comemorativas","7":"product_tag-datas-comemorativas","9":"first","10":"instock","11":"sale","12":"downloadable","13":"virtual","14":"sold-individually","15":"purchasable","16":"product-type-simple"},"aioseo_notices":[],"_links":{"self":[{"href":"https:\/\/educacaocomproposito.com.br\/index.php\/wp-json\/wp\/v2\/product\/106479","targetHints":{"allow":["GET"]}}],"collection":[{"href":"https:\/\/educacaocomproposito.com.br\/index.php\/wp-json\/wp\/v2\/product"}],"about":[{"href":"https:\/\/educacaocomproposito.com.br\/index.php\/wp-json\/wp\/v2\/types\/product"}],"replies":[{"embeddable":true,"href":"https:\/\/educacaocomproposito.com.br\/index.php\/wp-json\/wp\/v2\/comments?post=106479"}],"version-history":[{"count":4,"href":"https:\/\/educacaocomproposito.com.br\/index.php\/wp-json\/wp\/v2\/product\/106479\/revisions"}],"predecessor-version":[{"id":106547,"href":"https:\/\/educacaocomproposito.com.br\/index.php\/wp-json\/wp\/v2\/product\/106479\/revisions\/106547"}],"wp:featuredmedia":[{"embeddable":true,"href":"https:\/\/educacaocomproposito.com.br\/index.php\/wp-json\/wp\/v2\/media\/106524"}],"wp:attachment":[{"href":"https:\/\/educacaocomproposito.com.br\/index.php\/wp-json\/wp\/v2\/media?parent=106479"}],"wp:term":[{"taxonomy":"product_brand","embeddable":true,"href":"https:\/\/educacaocomproposito.com.br\/index.php\/wp-json\/wp\/v2\/product_brand?post=106479"},{"taxonomy":"product_cat","embeddable":true,"href":"https:\/\/educacaocomproposito.com.br\/index.php\/wp-json\/wp\/v2\/product_cat?post=106479"},{"taxonomy":"product_tag","embeddable":true,"href":"https:\/\/educacaocomproposito.com.br\/index.php\/wp-json\/wp\/v2\/product_tag?post=106479"}],"curies":[{"name":"wp","href":"https:\/\/api.w.org\/{rel}","templated":true}]}}