{"id":107318,"date":"2026-03-07T09:22:44","date_gmt":"2026-03-07T12:22:44","guid":{"rendered":"https:\/\/educacaocomproposito.com.br\/?post_type=product&#038;p=107318"},"modified":"2026-03-11T15:47:18","modified_gmt":"2026-03-11T18:47:18","slug":"kit-pascoa-crista-foi-por-amor","status":"publish","type":"product","link":"https:\/\/educacaocomproposito.com.br\/index.php\/product\/kit-pascoa-crista-foi-por-amor\/","title":{"rendered":"Kit &#8211; P\u00e1scoa Crist\u00e3 | Foi por Amor"},"content":{"rendered":"<p>\u2728 <strong>O QUE VOC\u00ca ENCONTRA NESTE KIT:<\/strong><br \/>\ud83d\udccc <strong>Painel \u2013 Entrada de Jesus (Palmeira)<\/strong><br \/>\ud83c\udf5e <strong>Painel \u2013 P\u00e3o e C\u00e1lice (Santa Ceia)<\/strong><br \/>\u271d\ufe0f <strong>Painel \u2013 Cruz (Sacrif\u00edcio de Jesus)<\/strong><br \/>\ud83c\udf05 <strong>Painel \u2013 Ressurrei\u00e7\u00e3o<\/strong><br \/>Pain\u00e9is de 36&#215;81,5cm divididos em <strong>6 folhas A4<\/strong>.<br \/>(Tamanho total aproximado ap\u00f3s montagem: 148,5&#215;1,20cm)<\/p>\n<p>\ud83c\udf89 <strong>Faixa Decorativa \u201cFeliz P\u00e1scoa\u201d<\/strong><br \/>Perfeita para complementar a decora\u00e7\u00e3o do painel.<\/p>\n<p>\ud83d\udc9b <strong>Letreiro \u2013 \u201cFoi por mim, foi por voc\u00ea, foi por amor!\u201d<\/strong><br \/>Frase especial para refor\u00e7ar o verdadeiro significado da P\u00e1scoa crist\u00e3.<\/p>\n<p>\ud83c\udf81 <strong>Sugest\u00e3o de Lembrancinha<\/strong><br \/>Tag em formato de cruz para <strong>chocolate BIS<\/strong>, com duas frases dispon\u00edveis para impress\u00e3o:<br \/>&#8211; Frase 1: Feliz P\u00e1scoa;<br \/>&#8211; Frase 2: Foi por Amor.<br \/>Obs: Ambas as tags possuem o vers\u00edculo de Jo\u00e3o 3:16 em seu verso.<\/p>\n<p>\ud83e\uddfa <strong>Itens Decorativos para Cesta de Vime<\/strong><br \/>Elementos decorativos pensados para compor <strong>cestas tem\u00e1ticas de P\u00e1scoa<\/strong>, ideais para criar um cantinho especial de exposi\u00e7\u00e3o, entrega de lembrancinhas ou ambienta\u00e7\u00e3o do espa\u00e7o.<\/p>\n<p>\ud83d\udcc4 <strong>Instru\u00e7\u00f5es detalhadas de impress\u00e3o e montagem<\/strong><br \/>Com orienta\u00e7\u00f5es pr\u00e1ticas para facilitar todo o processo.<\/p>\n<p>\ud83c\udfa5 <strong>Acesso a tutoriais em v\u00eddeo<\/strong><br \/>QR-Code com <strong>passo a passo da montagem dos itens do kit<\/strong>.<\/p>\n<p><strong>Detalhes T\u00e9cnicos:<\/strong><br \/>\ud83d\udcc4 Material\u00a0<strong>100% digital (PDF)<\/strong><br \/>\ud83d\udda8\ufe0f Pronto para imprimir<br \/>\ud83d\udd10 Direitos autorais<br \/>Material protegido por direitos autorais.<br \/>\ud83d\udeab Uso pessoal e pedag\u00f3gico \u2013\u00a0<strong>proibida a redistribui\u00e7\u00e3o ou comercializa\u00e7\u00e3o<\/strong>\u00a0<strong>do material f\u00edsico ou digital<\/strong>.<br \/>\u26a0\ufe0f N\u00e3o enviamos pelos CORREIOS.<br \/>\u26a0\ufe0f Aten\u00e7\u00e3o: Este produto n\u00e3o \u00e9 clipart e n\u00e3o disponibilizamos a arte aberta.<\/p>\n<p><strong>\ud83d\udce5 Como acessar seu arquivo<br \/>Ap\u00f3s a confirma\u00e7\u00e3o do pagamento, voc\u00ea poder\u00e1 baixar o seu produto de tr\u00eas formas pr\u00e1ticas:<br \/><\/strong>1\ufe0f\u20e3 Via e-mail<br \/>Voc\u00ea receber\u00e1 um e-mail com o t\u00edtulo \u201cSeu arquivo chegou\u201d.<br \/>Lembre-se de verificar tamb\u00e9m a caixa de Spam\/Lixo eletr\u00f4nico.<br \/>Para baixar, clique em todos os t\u00edtulos destacados e sublinhados na se\u00e7\u00e3o de Downloads.<br \/>2\ufe0f\u20e3 Via WhatsApp<br \/>Voc\u00ea receber\u00e1 uma mensagem autom\u00e1tica em seu WhatsApp.<br \/>Para receber o arquivo por l\u00e1, basta clicar no bot\u00e3o: \u201cRECEBER meu pedido aqui\u201d.<br \/>3\ufe0f\u20e3 Na sua \u00c1rea do Cliente (site)<br \/>Clique nas tr\u00eas linhas no canto superior esquerdo.<br \/>Acesse Minha Conta &gt; Downloads.<br \/>Baixe diretamente todos os produtos adquiridos.<br \/><strong>\ud83d\udccc Qualquer d\u00favida, nosso suporte est\u00e1 \u00e0 disposi\u00e7\u00e3o:<br \/>(11) 94050-7483.<\/strong><\/p>\n","protected":false},"excerpt":{"rendered":"<p>Um recurso visual e significativo para celebrar o verdadeiro sentido da P\u00e1scoa.<br \/>Inclui <strong>4 pain\u00e9is tem\u00e1ticos da hist\u00f3ria da P\u00e1scoa, faixa decorativa, letreiro especial e <\/strong>tag para bis, tudo organizado em <strong>folhas A4 prontas para imprimir<\/strong>.<\/p>\n<p>Este kit apresenta, de forma visual e significativa, <strong>os principais momentos da hist\u00f3ria da P\u00e1scoa Crist\u00e3<\/strong>: a <strong>Entrada de Jesus em Jerusal\u00e9m, a Santa Ceia, o Sacrif\u00edcio na Cruz e a Ressurrei\u00e7\u00e3o<\/strong>.<\/p>\n","protected":false},"featured_media":107398,"comment_status":"open","ping_status":"closed","template":"","meta":{"bwfblock_default_font":"","_uf_show_specific_survey":0,"_uf_disable_surveys":false},"product_brand":[],"product_cat":[37,76],"product_tag":[47,77],"class_list":{"0":"post-107318","1":"product","2":"type-product","3":"status-publish","4":"has-post-thumbnail","6":"product_cat-datas-comemorativas","7":"product_cat-pascoa","8":"product_tag-datas-comemorativas","9":"product_tag-pascoa","11":"first","12":"instock","13":"sale","14":"downloadable","15":"virtual","16":"sold-individually","17":"taxable","18":"purchasable","19":"product-type-simple"},"aioseo_notices":[],"_links":{"self":[{"href":"https:\/\/educacaocomproposito.com.br\/index.php\/wp-json\/wp\/v2\/product\/107318","targetHints":{"allow":["GET"]}}],"collection":[{"href":"https:\/\/educacaocomproposito.com.br\/index.php\/wp-json\/wp\/v2\/product"}],"about":[{"href":"https:\/\/educacaocomproposito.com.br\/index.php\/wp-json\/wp\/v2\/types\/product"}],"replies":[{"embeddable":true,"href":"https:\/\/educacaocomproposito.com.br\/index.php\/wp-json\/wp\/v2\/comments?post=107318"}],"version-history":[{"count":7,"href":"https:\/\/educacaocomproposito.com.br\/index.php\/wp-json\/wp\/v2\/product\/107318\/revisions"}],"predecessor-version":[{"id":107409,"href":"https:\/\/educacaocomproposito.com.br\/index.php\/wp-json\/wp\/v2\/product\/107318\/revisions\/107409"}],"wp:featuredmedia":[{"embeddable":true,"href":"https:\/\/educacaocomproposito.com.br\/index.php\/wp-json\/wp\/v2\/media\/107398"}],"wp:attachment":[{"href":"https:\/\/educacaocomproposito.com.br\/index.php\/wp-json\/wp\/v2\/media?parent=107318"}],"wp:term":[{"taxonomy":"product_brand","embeddable":true,"href":"https:\/\/educacaocomproposito.com.br\/index.php\/wp-json\/wp\/v2\/product_brand?post=107318"},{"taxonomy":"product_cat","embeddable":true,"href":"https:\/\/educacaocomproposito.com.br\/index.php\/wp-json\/wp\/v2\/product_cat?post=107318"},{"taxonomy":"product_tag","embeddable":true,"href":"https:\/\/educacaocomproposito.com.br\/index.php\/wp-json\/wp\/v2\/product_tag?post=107318"}],"curies":[{"name":"wp","href":"https:\/\/api.w.org\/{rel}","templated":true}]}}