{"id":107788,"date":"2026-03-10T17:25:49","date_gmt":"2026-03-10T20:25:49","guid":{"rendered":"https:\/\/educacaocomproposito.com.br\/?post_type=product&#038;p=107788"},"modified":"2026-03-10T18:06:04","modified_gmt":"2026-03-10T21:06:04","slug":"combo-pascoa-crista-ele-vive","status":"publish","type":"product","link":"https:\/\/educacaocomproposito.com.br\/index.php\/product\/combo-pascoa-crista-ele-vive\/","title":{"rendered":"Combo P\u00e1scoa Crist\u00e3 &#8211; Ele Vive"},"content":{"rendered":"<p class=\"p1\"><span class=\"s1\">\u2728 <\/span><b>O QUE INCLUI NO COMBO?<\/b><b><\/b><\/p>\n<p class=\"p1\"><span class=\"s1\">\ud83d\udccc <\/span><b>Painel P\u00e1scoa Crist\u00e3<\/b><b><\/b><\/p>\n<p class=\"p3\">Composto por\u00a0<strong>51 folhas no formato A4<\/strong>, o\u00a0<strong>Painel P\u00e1scoa Crist\u00e3 &#8211; Ele vive<\/strong>\u00a0foi cuidadosamente desenvolvido para transmitir mensagens de f\u00e9, renova\u00e7\u00e3o e amor, tornando o ambiente ainda mais acolhedor e significativo nessa data especial.<br \/>\n\ud83d\udccf Medida Aprox: 198 x 88,5 cm.<\/p>\n<p class=\"p1\"><span class=\"s1\">\ud83c\udf81 <\/span><b>Tag para Bis \u2013 P\u00e1scoa Crist\u00e3<\/b><\/p>\n<p class=\"p1\"><b><\/b>\u2714Formato: Cruz<br \/>\n\u2714 Mensagens: \u201cEle Vive\u201d e \u201cFoi Por Amor\u201d<br \/>\n\u2714 Quantidade: 2 tags por folha A4 OU 3 tags por folha A4.<\/p>\n<p>&nbsp;<\/p>\n<p><strong>Detalhes T\u00e9cnicos:<\/strong><br \/>\n\ud83d\udcc4 Material\u00a0<strong>100% digital (PDF)<\/strong><br \/>\n\ud83d\udda8\ufe0f Pronto para imprimir<br \/>\n\ud83d\udd10 Direitos autorais<br \/>\nMaterial protegido por direitos autorais.<br \/>\n\ud83d\udeab Uso pessoal e pedag\u00f3gico \u2013\u00a0<strong>proibida a redistribui\u00e7\u00e3o ou comercializa\u00e7\u00e3o<\/strong>\u00a0<strong>do material f\u00edsico ou digital<\/strong>.<br \/>\n\u26a0\ufe0f N\u00e3o enviamos pelos CORREIOS.<br \/>\n\u26a0\ufe0f Aten\u00e7\u00e3o: Este produto n\u00e3o \u00e9 clipart e n\u00e3o disponibilizamos a arte aberta.<\/p>\n<p><strong>\ud83d\udce5 Como acessar seu arquivo<br \/>\nAp\u00f3s a confirma\u00e7\u00e3o do pagamento, voc\u00ea poder\u00e1 baixar o seu produto de tr\u00eas formas pr\u00e1ticas:<br \/>\n<\/strong>1\ufe0f\u20e3 Via e-mail<br \/>\nVoc\u00ea receber\u00e1 um e-mail com o t\u00edtulo \u201cSeu arquivo chegou\u201d.<br \/>\nLembre-se de verificar tamb\u00e9m a caixa de Spam\/Lixo eletr\u00f4nico.<br \/>\nPara baixar, clique em todos os t\u00edtulos destacados e sublinhados na se\u00e7\u00e3o de Downloads.<br \/>\n2\ufe0f\u20e3 Via WhatsApp<br \/>\nVoc\u00ea receber\u00e1 uma mensagem autom\u00e1tica em seu WhatsApp.<br \/>\nPara receber o arquivo por l\u00e1, basta clicar no bot\u00e3o: \u201cRECEBER meu pedido aqui\u201d.<br \/>\n3\ufe0f\u20e3 Na sua \u00c1rea do Cliente (site)<br \/>\nClique nas tr\u00eas linhas no canto superior esquerdo.<br \/>\nAcesse Minha Conta &gt; Downloads.<br \/>\nBaixe diretamente todos os produtos adquiridos.<br \/>\n<strong>\ud83d\udccc Qualquer d\u00favida, nosso suporte est\u00e1 \u00e0 disposi\u00e7\u00e3o:<br \/>\n(11) 94050-7483.<\/strong><\/p>\n","protected":false},"excerpt":{"rendered":"<p class=\"p1\">Um combo pensado para transformar a celebra\u00e7\u00e3o da <span class=\"s1\"><b>P\u00e1scoa Crist\u00e3<\/b><\/span> em um momento visualmente marcante e cheio de significado.<\/p>\n<p class=\"p3\"><span class=\"s2\">Mais do que uma decora\u00e7\u00e3o, este material foi criado para ajudar professores, escolas e igrejas a <\/span><b>relembrar o verdadeiro sentido da P\u00e1scoa: a ressurrei\u00e7\u00e3o de Jesus e a mensagem de amor, esperan\u00e7a e reden\u00e7\u00e3o.<\/b><b><\/b><\/p>\n<p class=\"p1\">Com um <span class=\"s1\"><b>painel tem\u00e1tico impactante<\/b><\/span> e uma <span class=\"s1\"><b>lembrancinha simples e significativa<\/b><\/span>, voc\u00ea consegue preparar um ambiente especial e ainda presentear alunos ou participantes com um gesto simb\u00f3lico que refor\u00e7a a mensagem dessa data t\u00e3o importante.<\/p>\n","protected":false},"featured_media":107794,"comment_status":"open","ping_status":"closed","template":"","meta":{"bwfblock_default_font":"","_uf_show_specific_survey":0,"_uf_disable_surveys":false},"product_brand":[],"product_cat":[37,76],"product_tag":[77],"class_list":{"0":"post-107788","1":"product","2":"type-product","3":"status-publish","4":"has-post-thumbnail","6":"product_cat-datas-comemorativas","7":"product_cat-pascoa","8":"product_tag-pascoa","10":"first","11":"instock","12":"sale","13":"downloadable","14":"virtual","15":"sold-individually","16":"purchasable","17":"product-type-woosb"},"aioseo_notices":[],"_links":{"self":[{"href":"https:\/\/educacaocomproposito.com.br\/index.php\/wp-json\/wp\/v2\/product\/107788","targetHints":{"allow":["GET"]}}],"collection":[{"href":"https:\/\/educacaocomproposito.com.br\/index.php\/wp-json\/wp\/v2\/product"}],"about":[{"href":"https:\/\/educacaocomproposito.com.br\/index.php\/wp-json\/wp\/v2\/types\/product"}],"replies":[{"embeddable":true,"href":"https:\/\/educacaocomproposito.com.br\/index.php\/wp-json\/wp\/v2\/comments?post=107788"}],"version-history":[{"count":4,"href":"https:\/\/educacaocomproposito.com.br\/index.php\/wp-json\/wp\/v2\/product\/107788\/revisions"}],"predecessor-version":[{"id":107796,"href":"https:\/\/educacaocomproposito.com.br\/index.php\/wp-json\/wp\/v2\/product\/107788\/revisions\/107796"}],"wp:featuredmedia":[{"embeddable":true,"href":"https:\/\/educacaocomproposito.com.br\/index.php\/wp-json\/wp\/v2\/media\/107794"}],"wp:attachment":[{"href":"https:\/\/educacaocomproposito.com.br\/index.php\/wp-json\/wp\/v2\/media?parent=107788"}],"wp:term":[{"taxonomy":"product_brand","embeddable":true,"href":"https:\/\/educacaocomproposito.com.br\/index.php\/wp-json\/wp\/v2\/product_brand?post=107788"},{"taxonomy":"product_cat","embeddable":true,"href":"https:\/\/educacaocomproposito.com.br\/index.php\/wp-json\/wp\/v2\/product_cat?post=107788"},{"taxonomy":"product_tag","embeddable":true,"href":"https:\/\/educacaocomproposito.com.br\/index.php\/wp-json\/wp\/v2\/product_tag?post=107788"}],"curies":[{"name":"wp","href":"https:\/\/api.w.org\/{rel}","templated":true}]}}