{"id":107979,"date":"2026-03-11T18:39:54","date_gmt":"2026-03-11T21:39:54","guid":{"rendered":"https:\/\/educacaocomproposito.com.br\/?post_type=product&#038;p=107979"},"modified":"2026-03-12T16:20:20","modified_gmt":"2026-03-12T19:20:20","slug":"kit-conscientizacao-escolar-vozes-pelo-respeito","status":"publish","type":"product","link":"https:\/\/educacaocomproposito.com.br\/index.php\/product\/kit-conscientizacao-escolar-vozes-pelo-respeito\/","title":{"rendered":"Kit Conscientiza\u00e7\u00e3o Escolar \u2013 Vozes pelo Respeito"},"content":{"rendered":"<p><strong>O que voc\u00ea encontrar\u00e1 no material:<br \/><\/strong>\u2714 Painel tem\u00e1tico: Respeito n\u00e3o \u00e9 opcional (Composto por 24 folhas A4 | Medida Aproximada 145x 82,5 cm)<\/p>\n<p>\u2714 Mural de Acolhimento: Projeto | Vozes pelo Respeito (Composto por 6 folhas A4 | Medida Aproximada 31,5 x 83cm)<\/p>\n<p>\u2714 Orienta\u00e7\u00f5es para aplica\u00e7\u00e3o do Projeto Vozes Pelo Respeito, com todo o passo a passo detalhado incluindo roteiro de condu\u00e7\u00e3o de di\u00e1logo entre orientador e os alunos.<\/p>\n<p>\u2714 Slides que promovem o di\u00e1logo e a conscientiza\u00e7\u00e3o para apresenta\u00e7\u00e3o em sala com a tem\u00e1tica: Respeito n\u00e3o \u00e9 Opcional.<br \/>&#8211; Dispon\u00edvel para editar no Canva Pro ou gratuito | Personalize como preferir, de acordo com a sua realidade escolar. <br \/><strong>Neste slide voc\u00ea encontrar\u00e1: <\/strong><br \/>&#8211; Explica\u00e7\u00e3o sobre os diferentes tipos de viol\u00eancia;<br \/>&#8211; Conte\u00fado sobre consentimento e respeito nas rela\u00e7\u00f5es;<br \/>&#8211; Exemplos de situa\u00e7\u00f5es do cotidiano escolar;<br \/>&#8211; Quando o desrespeito vira crime; <br \/>&#8211; Atividade final de conscientiza\u00e7\u00e3o para a escola;<br \/>&#8211; Sugest\u00f5es de frases para pain\u00e9is e cartazes de conscientiza\u00e7\u00e3o. <\/p>\n<p>\ud83e\uddfa Itens Decorativos para personalizar uma Cesta de Vime<\/p>\n<p>\ud83c\udf81 Tags para Lembrancinha para os meninos e meninas | Dose de Coragem e Dose de Respeito<\/p>\n<p>\ud83d\udcc4\u00a0<strong>Instru\u00e7\u00f5es detalhadas de impress\u00e3o e montagem<\/strong><br \/>Com orienta\u00e7\u00f5es pr\u00e1ticas para facilitar todo o processo.<\/p>\n<p>\ud83c\udfa5\u00a0<strong>Acesso a tutoriais em v\u00eddeo<\/strong><br \/>QR-Code com\u00a0<strong>passo a passo da montagem dos itens do kit<\/strong>.<\/p>\n<p><strong>\ud83d\udcc4 O arquivo cont\u00e9m ao todo 51 p\u00e1ginas para Impress\u00e3o.<br \/><\/strong><br \/><strong>O kit tem como objetivo:<br \/><\/strong>\u2714 Estimular a reflex\u00e3o dos estudantes sobre respeito e conviv\u00eancia<br \/>\u2714 Conscientizar sobre atitudes que podem gerar viol\u00eancia<br \/>\u2714 Incentivar o di\u00e1logo e a empatia no ambiente escolar<br \/>\u2714 Contribuir para a constru\u00e7\u00e3o de uma escola mais segura e acolhedora<\/p>\n<p><strong>Este material \u00e9 indicado para:<br \/><\/strong>\u2714 Professores<br \/>\u2714 Orientadores educacionais<br \/>\u2714 Coordenadores pedag\u00f3gicos<br \/>\u2714 Escolas que desejam trabalhar temas de conviv\u00eancia e cidadania<\/p>\n<p><strong>Benef\u00edcios do material<br \/><\/strong>\u2714 Facilita a abordagem de temas sens\u00edveis com os alunos<br \/>\u2714 Estimula o di\u00e1logo e a participa\u00e7\u00e3o dos estudantes<br \/>\u2714 Oferece material visual atrativo e did\u00e1tico<br \/>\u2714 Contribui para a\u00e7\u00f5es de preven\u00e7\u00e3o \u00e0 viol\u00eancia contra mulher. <br \/>\u2714 Pode ser aplicado em diferentes turmas e contextos educativos<\/p>\n<p><strong>Detalhes T\u00e9cnicos:<\/strong><br \/>\ud83d\udcc4 Material\u00a0<strong>100% digital (PDF)<\/strong><br \/>\ud83d\udda8\ufe0f Pronto para imprimir<br \/>\u26a0\ufe0f Cont\u00e9m item edit\u00e1vel &#8211; Slide de Conscientiza\u00e7\u00e3o | Edi\u00e7\u00e3o apenas no Canva Pro ou Gratuito<br \/>\ud83d\udd10 Direitos autorais<br \/>Material protegido por direitos autorais.<br \/>\ud83d\udeab Uso pessoal e pedag\u00f3gico \u2013\u00a0<strong>proibida a redistribui\u00e7\u00e3o ou comercializa\u00e7\u00e3o<\/strong>\u00a0<strong>do material f\u00edsico ou digital<\/strong>.<br \/>\u26a0\ufe0f N\u00e3o enviamos pelos CORREIOS.<br \/>\u26a0\ufe0f Aten\u00e7\u00e3o: Este produto n\u00e3o \u00e9 clipart e n\u00e3o disponibilizamos a arte aberta.<\/p>\n<p><strong>\ud83d\udce5 Como acessar seu arquivo<br \/>Ap\u00f3s a confirma\u00e7\u00e3o do pagamento, voc\u00ea poder\u00e1 baixar o seu produto de tr\u00eas formas pr\u00e1ticas:<br \/><\/strong>1\ufe0f\u20e3 Via e-mail<br \/>Voc\u00ea receber\u00e1 um e-mail com o t\u00edtulo \u201cSeu arquivo chegou\u201d.<br \/>Lembre-se de verificar tamb\u00e9m a caixa de Spam\/Lixo eletr\u00f4nico.<br \/>Para baixar, clique em todos os t\u00edtulos destacados e sublinhados na se\u00e7\u00e3o de Downloads.<br \/>2\ufe0f\u20e3 Via WhatsApp<br \/>Voc\u00ea receber\u00e1 uma mensagem autom\u00e1tica em seu WhatsApp.<br \/>Para receber o arquivo por l\u00e1, basta clicar no bot\u00e3o: \u201cRECEBER meu pedido aqui\u201d.<br \/>3\ufe0f\u20e3 Na sua \u00c1rea do Cliente (site)<br \/>Clique nas tr\u00eas linhas no canto superior esquerdo.<br \/>Acesse Minha Conta &gt; Downloads.<br \/>Baixe diretamente todos os produtos adquiridos.<br \/><strong>\ud83d\udccc Qualquer d\u00favida, nosso suporte est\u00e1 \u00e0 disposi\u00e7\u00e3o:<br \/>(11) 94050-7483.<\/strong><\/p>\n","protected":false},"excerpt":{"rendered":"<p>O <strong>Kit Conscientiza\u00e7\u00e3o Escolar \u2013 Vozes pelo Respeito<\/strong> \u00e9 um material pedag\u00f3gico completo desenvolvido para ajudar educadores a promover reflex\u00f5es importantes sobre <strong>respeito, conviv\u00eancia e preven\u00e7\u00e3o da viol\u00eancia contra meninas e mulheres<\/strong>.<\/p>\n<p>Pensado especialmente para estudantes do <strong>Ensino Fundamental II e Ensino M\u00e9dio<\/strong>, o kit oferece recursos visuais, atividades e orienta\u00e7\u00f5es que facilitam a condu\u00e7\u00e3o de di\u00e1logos significativos em sala de aula.<\/p>\n<p>Por meio de uma abordagem educativa, acess\u00edvel e reflexiva, o material auxilia professores e orientadores a discutirem temas essenciais como:<\/p>\n<p>&#8211; respeito nas rela\u00e7\u00f5es<br \/>&#8211; diferentes formas de viol\u00eancia contra mulher<br \/>&#8211; responsabilidade nas atitudes<br \/>&#8211; empatia e conviv\u00eancia saud\u00e1vel<\/p>\n<p>Al\u00e9m de promover o di\u00e1logo, o projeto incentiva o protagonismo dos alunos, convidando-os a participar ativamente da constru\u00e7\u00e3o de uma cultura de respeito dentro da escola.<\/p>\n","protected":false},"featured_media":107999,"comment_status":"open","ping_status":"closed","template":"","meta":{"bwfblock_default_font":"","_uf_show_specific_survey":0,"_uf_disable_surveys":false},"product_brand":[],"product_cat":[37],"product_tag":[110,129,132],"class_list":{"0":"post-107979","1":"product","2":"type-product","3":"status-publish","4":"has-post-thumbnail","6":"product_cat-datas-comemorativas","7":"product_tag-agosto-lilas","8":"product_tag-dia-da-mulher","9":"product_tag-projetos","11":"first","12":"instock","13":"sale","14":"downloadable","15":"virtual","16":"sold-individually","17":"taxable","18":"purchasable","19":"product-type-simple"},"aioseo_notices":[],"_links":{"self":[{"href":"https:\/\/educacaocomproposito.com.br\/index.php\/wp-json\/wp\/v2\/product\/107979","targetHints":{"allow":["GET"]}}],"collection":[{"href":"https:\/\/educacaocomproposito.com.br\/index.php\/wp-json\/wp\/v2\/product"}],"about":[{"href":"https:\/\/educacaocomproposito.com.br\/index.php\/wp-json\/wp\/v2\/types\/product"}],"replies":[{"embeddable":true,"href":"https:\/\/educacaocomproposito.com.br\/index.php\/wp-json\/wp\/v2\/comments?post=107979"}],"version-history":[{"count":3,"href":"https:\/\/educacaocomproposito.com.br\/index.php\/wp-json\/wp\/v2\/product\/107979\/revisions"}],"predecessor-version":[{"id":108151,"href":"https:\/\/educacaocomproposito.com.br\/index.php\/wp-json\/wp\/v2\/product\/107979\/revisions\/108151"}],"wp:featuredmedia":[{"embeddable":true,"href":"https:\/\/educacaocomproposito.com.br\/index.php\/wp-json\/wp\/v2\/media\/107999"}],"wp:attachment":[{"href":"https:\/\/educacaocomproposito.com.br\/index.php\/wp-json\/wp\/v2\/media?parent=107979"}],"wp:term":[{"taxonomy":"product_brand","embeddable":true,"href":"https:\/\/educacaocomproposito.com.br\/index.php\/wp-json\/wp\/v2\/product_brand?post=107979"},{"taxonomy":"product_cat","embeddable":true,"href":"https:\/\/educacaocomproposito.com.br\/index.php\/wp-json\/wp\/v2\/product_cat?post=107979"},{"taxonomy":"product_tag","embeddable":true,"href":"https:\/\/educacaocomproposito.com.br\/index.php\/wp-json\/wp\/v2\/product_tag?post=107979"}],"curies":[{"name":"wp","href":"https:\/\/api.w.org\/{rel}","templated":true}]}}