{"id":108296,"date":"2026-03-13T15:34:50","date_gmt":"2026-03-13T18:34:50","guid":{"rendered":"https:\/\/educacaocomproposito.com.br\/?post_type=product&#038;p=108296"},"modified":"2026-03-13T20:05:12","modified_gmt":"2026-03-13T23:05:12","slug":"kit-pascoa-encantada","status":"publish","type":"product","link":"https:\/\/educacaocomproposito.com.br\/index.php\/product\/kit-pascoa-encantada\/","title":{"rendered":"Kit &#8211; P\u00e1scoa Encantada"},"content":{"rendered":"<p>\u2728O que voc\u00ea encontrar\u00e1 no material:<br \/>\ud83d\udc30 <strong>Painel principal P\u00e1scoa Encantada<\/strong><br \/>\ud83d\udcccComposto por <strong>24 folhas A4<\/strong><br \/>\ud83d\udcccMedida aproximada ap\u00f3s montagem: 143&#215;88<\/p>\n<p>\u2714 <strong>Elementos decorativos complementares<\/strong><br \/>Itens que ajudam a enriquecer a decora\u00e7\u00e3o e compor o painel.<\/p>\n<p>\u2714 <strong>Sacolinha tem\u00e1tica de P\u00e1scoa ideal para entregar pequenos mimos<\/strong><\/p>\n<p>\u2714 <strong>Imagem base de refer\u00eancia para montagem<\/strong><br \/>Facilitando a organiza\u00e7\u00e3o das p\u00e1ginas do painel.<\/p>\n<p>\ud83d\udcc4\u00a0<strong>Instru\u00e7\u00f5es detalhadas de impress\u00e3o e montagem<\/strong><br \/>Com orienta\u00e7\u00f5es pr\u00e1ticas para facilitar todo o processo.<\/p>\n<p>\ud83c\udfa5\u00a0<strong>Acesso a tutoriais em v\u00eddeo<\/strong><br \/>QR-Code com\u00a0<strong>passo a passo da montagem dos itens do kit<\/strong>.<\/p>\n<p><strong>Detalhes T\u00e9cnicos:<\/strong><br \/>\ud83d\udcc4 Material\u00a0<strong>100% digital (PDF)<\/strong><br \/>\ud83d\udda8\ufe0f Pronto para imprimir<br \/>\ud83d\udd10 Direitos autorais<br \/>Material protegido por direitos autorais.<br \/>\ud83d\udeab Uso pessoal e pedag\u00f3gico \u2013\u00a0<strong>proibida a redistribui\u00e7\u00e3o ou comercializa\u00e7\u00e3o<\/strong>\u00a0<strong>do material f\u00edsico ou digital<\/strong>.<br \/>\u26a0\ufe0f N\u00e3o enviamos pelos CORREIOS.<br \/>\u26a0\ufe0f Aten\u00e7\u00e3o: Este produto n\u00e3o \u00e9 clipart e n\u00e3o disponibilizamos a arte aberta.<\/p>\n<p><strong>\ud83d\udce5 Como acessar seu arquivo<br \/>Ap\u00f3s a confirma\u00e7\u00e3o do pagamento, voc\u00ea poder\u00e1 baixar o seu produto de tr\u00eas formas pr\u00e1ticas:<br \/><\/strong>1\ufe0f\u20e3 Via e-mail<br \/>Voc\u00ea receber\u00e1 um e-mail com o t\u00edtulo \u201cSeu arquivo chegou\u201d.<br \/>Lembre-se de verificar tamb\u00e9m a caixa de Spam\/Lixo eletr\u00f4nico.<br \/>Para baixar, clique em todos os t\u00edtulos destacados e sublinhados na se\u00e7\u00e3o de Downloads.<br \/>2\ufe0f\u20e3 Via WhatsApp<br \/>Voc\u00ea receber\u00e1 uma mensagem autom\u00e1tica em seu WhatsApp.<br \/>Para receber o arquivo por l\u00e1, basta clicar no bot\u00e3o: \u201cRECEBER meu pedido aqui\u201d.<br \/>3\ufe0f\u20e3 Na sua \u00c1rea do Cliente (site)<br \/>Clique nas tr\u00eas linhas no canto superior esquerdo.<br \/>Acesse Minha Conta &gt; Downloads.<br \/>Baixe diretamente todos os produtos adquiridos.<br \/><strong>\ud83d\udccc Qualquer d\u00favida, nosso suporte est\u00e1 \u00e0 disposi\u00e7\u00e3o:<br \/>(11) 94050-7483.<\/strong><\/p>\n","protected":false},"excerpt":{"rendered":"<p>O <strong>Painel P\u00e1scoa Encantada<\/strong> foi desenvolvido para tornar a celebra\u00e7\u00e3o da P\u00e1scoa ainda mais especial, trazendo charme, delicadeza e significado para a decora\u00e7\u00e3o de diferentes ambientes.<\/p>\n<p>Com um visual encantador e tem\u00e1tico, este painel \u00e9 ideal para criar um cen\u00e1rio alegre e acolhedor para viver esse momento t\u00e3o significativo com as crian\u00e7as.<\/p>\n<p>Al\u00e9m do painel principal, o material tamb\u00e9m inclui <strong>elementos decorativos complementares<\/strong>, que ajudam a enriquecer a composi\u00e7\u00e3o do cen\u00e1rio e deixam o ambiente ainda mais bonito e tem\u00e1tico para a P\u00e1scoa.<\/p>\n","protected":false},"featured_media":108303,"comment_status":"open","ping_status":"closed","template":"","meta":{"bwfblock_default_font":"","_uf_show_specific_survey":0,"_uf_disable_surveys":false},"product_brand":[133],"product_cat":[37,76],"product_tag":[77],"class_list":{"0":"post-108296","1":"product","2":"type-product","3":"status-publish","4":"has-post-thumbnail","6":"product_brand-pascoa","7":"product_cat-datas-comemorativas","8":"product_cat-pascoa","9":"product_tag-pascoa","11":"first","12":"instock","13":"sale","14":"downloadable","15":"virtual","16":"sold-individually","17":"purchasable","18":"product-type-simple"},"aioseo_notices":[],"_links":{"self":[{"href":"https:\/\/educacaocomproposito.com.br\/index.php\/wp-json\/wp\/v2\/product\/108296","targetHints":{"allow":["GET"]}}],"collection":[{"href":"https:\/\/educacaocomproposito.com.br\/index.php\/wp-json\/wp\/v2\/product"}],"about":[{"href":"https:\/\/educacaocomproposito.com.br\/index.php\/wp-json\/wp\/v2\/types\/product"}],"replies":[{"embeddable":true,"href":"https:\/\/educacaocomproposito.com.br\/index.php\/wp-json\/wp\/v2\/comments?post=108296"}],"version-history":[{"count":3,"href":"https:\/\/educacaocomproposito.com.br\/index.php\/wp-json\/wp\/v2\/product\/108296\/revisions"}],"predecessor-version":[{"id":108316,"href":"https:\/\/educacaocomproposito.com.br\/index.php\/wp-json\/wp\/v2\/product\/108296\/revisions\/108316"}],"wp:featuredmedia":[{"embeddable":true,"href":"https:\/\/educacaocomproposito.com.br\/index.php\/wp-json\/wp\/v2\/media\/108303"}],"wp:attachment":[{"href":"https:\/\/educacaocomproposito.com.br\/index.php\/wp-json\/wp\/v2\/media?parent=108296"}],"wp:term":[{"taxonomy":"product_brand","embeddable":true,"href":"https:\/\/educacaocomproposito.com.br\/index.php\/wp-json\/wp\/v2\/product_brand?post=108296"},{"taxonomy":"product_cat","embeddable":true,"href":"https:\/\/educacaocomproposito.com.br\/index.php\/wp-json\/wp\/v2\/product_cat?post=108296"},{"taxonomy":"product_tag","embeddable":true,"href":"https:\/\/educacaocomproposito.com.br\/index.php\/wp-json\/wp\/v2\/product_tag?post=108296"}],"curies":[{"name":"wp","href":"https:\/\/api.w.org\/{rel}","templated":true}]}}