{"id":108790,"date":"2026-03-17T15:52:32","date_gmt":"2026-03-17T18:52:32","guid":{"rendered":"https:\/\/educacaocomproposito.com.br\/?post_type=product&#038;p=108790"},"modified":"2026-03-17T20:07:51","modified_gmt":"2026-03-17T23:07:51","slug":"kit-cada-mente-e-um-universo-unico-conscientizacao-sobre-o-autismo","status":"publish","type":"product","link":"https:\/\/educacaocomproposito.com.br\/index.php\/product\/kit-cada-mente-e-um-universo-unico-conscientizacao-sobre-o-autismo\/","title":{"rendered":"Kit &#8211; Cada mente \u00e9 um universo \u00fanico | Conscientiza\u00e7\u00e3o sobre o Autismo"},"content":{"rendered":"<p>\u2728\u00a0<strong>O QUE VOC\u00ca ENCONTRA NESTE KIT:<\/strong><br \/>\u2714 <strong>Painel tem\u00e1tico<\/strong> \u201cCada Mente \u00e9 um Universo \u00danico\u201d<br \/>Composto por <strong>24 folhas A4<\/strong>, formando um painel de aproximadamente <strong>143 x 83 cm<\/strong>, ideal para criar um cen\u00e1rio acolhedor e significativo.<\/p>\n<p>\u2714 <strong>Conte\u00fados abordados neste material:<\/strong><br \/>\u2013 O que \u00e9 o autismo;<br \/>\u2013 Import\u00e2ncia do respeito \u00e0s diferen\u00e7as;<br \/>\u2013 Empatia e conviv\u00eancia;<br \/>\u2013 Situa\u00e7\u00f5es do cotidiano;<br \/>\u2013 Reflex\u00f5es sobre inclus\u00e3o;<br \/>\u2013 Atividade final de conscientiza\u00e7\u00e3o;<\/p>\n<p>\u2714 <strong>Torre<\/strong> <strong>Quebra &#8211; cabe\u00e7a<\/strong><br \/>Composto por <strong>6 folhas A4<\/strong>, formando um painel de aproximadamente <strong>24 x 69 cm<\/strong><\/p>\n<p>\u2714 <strong>Panfleto informativo: <\/strong>Entendendo o Autismo<\/p>\n<p>\u2714 <strong>Din\u00e2mica &#8211; Cada Mente \u00e9 um universo \u00fanico <\/strong><br \/>Com Orienta\u00e7\u00f5es completas de aplica\u00e7\u00e3o e material de apoio para conduzir di\u00e1logos e atividade pr\u00e1tica com os alunos a partir do Ensino Fundamental I + Elementos decorativos para compor o painel que ser\u00e1 constru\u00eddo coletivamente.<\/p>\n<p>\u2714 <strong>Tags para Pirulito<\/strong><br \/>Perfeita para complementar a\u00e7\u00f5es de conscientiza\u00e7\u00e3o com as crian\u00e7as.<\/p>\n<p>\ud83d\udcc4\u00a0<strong>Instru\u00e7\u00f5es detalhadas de impress\u00e3o e montagem<\/strong><br \/>Com orienta\u00e7\u00f5es pr\u00e1ticas para facilitar todo o processo.<\/p>\n<p>\ud83c\udfa5\u00a0<strong>Acesso a tutoriais em v\u00eddeo<\/strong><br \/>QR-Code com\u00a0<strong>passo a passo da montagem dos itens do kit<\/strong>.<\/p>\n<p><strong>Detalhes T\u00e9cnicos:<\/strong><br \/>\ud83d\udcc4 Material\u00a0<strong>100% digital (PDF)<\/strong><br \/>\ud83d\udda8\ufe0f Pronto para imprimir<br \/>\ud83d\udd10 Direitos autorais<br \/>Material protegido por direitos autorais.<br \/>\ud83d\udeab Uso pessoal e pedag\u00f3gico \u2013\u00a0<strong>proibida a redistribui\u00e7\u00e3o ou comercializa\u00e7\u00e3o<\/strong>\u00a0<strong>do material f\u00edsico ou digital<\/strong>.<br \/>\u26a0\ufe0f N\u00e3o enviamos pelos CORREIOS.<br \/>\u26a0\ufe0f Aten\u00e7\u00e3o: Este produto n\u00e3o \u00e9 clipart e n\u00e3o disponibilizamos a arte aberta.<\/p>\n<p><strong>\ud83d\udce5 Como acessar seu arquivo<br \/>Ap\u00f3s a confirma\u00e7\u00e3o do pagamento, voc\u00ea poder\u00e1 baixar o seu produto de tr\u00eas formas pr\u00e1ticas:<br \/><\/strong>1\ufe0f\u20e3 Via e-mail<br \/>Voc\u00ea receber\u00e1 um e-mail com o t\u00edtulo \u201cSeu arquivo chegou\u201d.<br \/>Lembre-se de verificar tamb\u00e9m a caixa de Spam\/Lixo eletr\u00f4nico.<br \/>Para baixar, clique em todos os t\u00edtulos destacados e sublinhados na se\u00e7\u00e3o de Downloads.<br \/>2\ufe0f\u20e3 Via WhatsApp<br \/>Voc\u00ea receber\u00e1 uma mensagem autom\u00e1tica em seu WhatsApp.<br \/>Para receber o arquivo por l\u00e1, basta clicar no bot\u00e3o: \u201cRECEBER meu pedido aqui\u201d.<br \/>3\ufe0f\u20e3 Na sua \u00c1rea do Cliente (site)<br \/>Clique nas tr\u00eas linhas no canto superior esquerdo.<br \/>Acesse Minha Conta &gt; Downloads.<br \/>Baixe diretamente todos os produtos adquiridos.<br \/><strong>\ud83d\udccc Qualquer d\u00favida, nosso suporte est\u00e1 \u00e0 disposi\u00e7\u00e3o:<br \/>(11) 94050-7483.<\/strong><\/p>\n","protected":false},"excerpt":{"rendered":"<p>O <strong>Kit \u201cCada Mente \u00e9 um Universo \u00danico\u201d<\/strong> foi desenvolvido para promover a conscientiza\u00e7\u00e3o sobre o autismo de forma sens\u00edvel, educativa e acolhedora, contribuindo para a constru\u00e7\u00e3o de ambientes mais emp\u00e1ticos e inclusivos.<\/p>\n<p>Este material completo \u00e9 ideal para <strong>escolas, projetos educativos, a\u00e7\u00f5es de conscientiza\u00e7\u00e3o e espa\u00e7os que desejam trabalhar o respeito \u00e0s diferen\u00e7as<\/strong>, oferecendo recursos visuais e pedag\u00f3gicos que facilitam o di\u00e1logo com crian\u00e7as e adolescentes.<\/p>\n<p>Um recurso completo para transformar a conscientiza\u00e7\u00e3o em uma experi\u00eancia significativa e impactante! \ud83d\udc99<\/p>\n","protected":false},"featured_media":108831,"comment_status":"open","ping_status":"closed","template":"","meta":{"bwfblock_default_font":"","_uf_show_specific_survey":0,"_uf_disable_surveys":false},"product_brand":[],"product_cat":[78,38,44],"product_tag":[79,70,45],"class_list":{"0":"post-108790","1":"product","2":"type-product","3":"status-publish","4":"has-post-thumbnail","6":"product_cat-autismo","7":"product_cat-coordenacao-pedagogica","8":"product_cat-inclusao","9":"product_tag-autismo","10":"product_tag-coordenacao-pedagogica","11":"product_tag-inclusao","13":"first","14":"instock","15":"sale","16":"downloadable","17":"virtual","18":"sold-individually","19":"purchasable","20":"product-type-simple"},"aioseo_notices":[],"_links":{"self":[{"href":"https:\/\/educacaocomproposito.com.br\/index.php\/wp-json\/wp\/v2\/product\/108790","targetHints":{"allow":["GET"]}}],"collection":[{"href":"https:\/\/educacaocomproposito.com.br\/index.php\/wp-json\/wp\/v2\/product"}],"about":[{"href":"https:\/\/educacaocomproposito.com.br\/index.php\/wp-json\/wp\/v2\/types\/product"}],"replies":[{"embeddable":true,"href":"https:\/\/educacaocomproposito.com.br\/index.php\/wp-json\/wp\/v2\/comments?post=108790"}],"version-history":[{"count":5,"href":"https:\/\/educacaocomproposito.com.br\/index.php\/wp-json\/wp\/v2\/product\/108790\/revisions"}],"predecessor-version":[{"id":108844,"href":"https:\/\/educacaocomproposito.com.br\/index.php\/wp-json\/wp\/v2\/product\/108790\/revisions\/108844"}],"wp:featuredmedia":[{"embeddable":true,"href":"https:\/\/educacaocomproposito.com.br\/index.php\/wp-json\/wp\/v2\/media\/108831"}],"wp:attachment":[{"href":"https:\/\/educacaocomproposito.com.br\/index.php\/wp-json\/wp\/v2\/media?parent=108790"}],"wp:term":[{"taxonomy":"product_brand","embeddable":true,"href":"https:\/\/educacaocomproposito.com.br\/index.php\/wp-json\/wp\/v2\/product_brand?post=108790"},{"taxonomy":"product_cat","embeddable":true,"href":"https:\/\/educacaocomproposito.com.br\/index.php\/wp-json\/wp\/v2\/product_cat?post=108790"},{"taxonomy":"product_tag","embeddable":true,"href":"https:\/\/educacaocomproposito.com.br\/index.php\/wp-json\/wp\/v2\/product_tag?post=108790"}],"curies":[{"name":"wp","href":"https:\/\/api.w.org\/{rel}","templated":true}]}}