{"id":114516,"date":"2026-04-11T13:49:33","date_gmt":"2026-04-11T16:49:33","guid":{"rendered":"https:\/\/educacaocomproposito.com.br\/?post_type=product&#038;p=114516"},"modified":"2026-04-11T14:07:10","modified_gmt":"2026-04-11T17:07:10","slug":"kit-cada-leitura-e-uma-semente-dia-nacional-do-livro-infantil","status":"publish","type":"product","link":"https:\/\/educacaocomproposito.com.br\/index.php\/product\/kit-cada-leitura-e-uma-semente-dia-nacional-do-livro-infantil\/","title":{"rendered":"Kit &#8211; Cada Leitura \u00e9 uma Semente | Dia Nacional do Livro Infantil"},"content":{"rendered":"<p><strong>\u2728 O que voc\u00ea recebe neste kit:<\/strong><\/p>\n<p>\ud83d\udcda <strong>Painel Principal Tem\u00e1tico<\/strong><br \/>Composto por <strong>32 folhas A4<\/strong><br \/>Medida aproximada ap\u00f3s montagem: <strong>136 x 94 cm<\/strong>\u00a0<br \/>Arte em formato de livro aberto que simboliza o crescimento atrav\u00e9s da leitura<\/p>\n<p>\ud83d\udcd6 <strong>Marca-p\u00e1gina Decorativo Dia 18 de Abril &#8211; Dia Nacional do Livro Infantil (Opcional)<\/strong><br \/>Perfeito para incentivar o h\u00e1bito da leitura com os alunos.<\/p>\n<p>\ud83d\udcda <strong>Livros decorativos (3D)<\/strong><br \/>Para dar destaque e profundidade ao painel.<\/p>\n<p>\ud83c\udf3f <strong>Elementos decorativos (folhas, vasos e borboletas)<\/strong><br \/>Criam um ambiente acolhedor e visualmente encantador.<\/p>\n<p>\ud83d\uddbc <strong>Moldura decorativa para o painel<\/strong><br \/>Elemento que contorna o painel, deixando a composi\u00e7\u00e3o mais colorida, organizada e com acabamento visual mais bonito.<\/p>\n<p>\ud83c\udf81 <strong>Lembrancinha Livro-Caixa<\/strong> (5 modelos dispon\u00edveis)<br \/>Uma forma criativa de entregar pequenos mimos aos alunos.<\/p>\n<p><strong>Detalhes T\u00e9cnicos<\/strong>:<br \/>\ud83d\udcc4 Material\u00a0<strong>100% digital (PDF)<\/strong><br \/>\ud83d\udda8\ufe0f Arquivos\u00a0<strong>prontos para impress\u00e3o em papel A4<\/strong><br \/>\ud83c\udfa5 Inclui\u00a0<strong>QR Code com tutoriais de montagem<\/strong><br \/>\u26a0\ufe0f\u00a0<strong>Arquivo N\u00c3O EDIT\u00c1VEL<\/strong><br \/>\ud83d\udd10\u00a0<strong>Direitos autorais<\/strong><br \/>Material protegido por direitos autorais.<br \/>\ud83d\udeab Uso pessoal e pedag\u00f3gico \u2013 proibida a redistribui\u00e7\u00e3o ou comercializa\u00e7\u00e3o do material f\u00edsico ou digital.<br \/>\u26a0\ufe0f N\u00e3o enviamos pelos CORREIOS.<br \/>\u26a0\ufe0f Aten\u00e7\u00e3o: Este produto n\u00e3o \u00e9 clipart e n\u00e3o disponibilizamos a arte aberta.<\/p>\n<p><strong>\ud83d\udce5 Como acessar seu arquivo<\/strong>:<br \/>Ap\u00f3s a confirma\u00e7\u00e3o do pagamento, voc\u00ea poder\u00e1 baixar o seu produto de tr\u00eas formas pr\u00e1ticas:<br \/><strong>1\ufe0f\u20e3 Via e-mail<\/strong><br \/>Voc\u00ea receber\u00e1 um e-mail com o t\u00edtulo\u00a0<strong>\u201cSeu arquivo chegou\u201d<\/strong>.<br \/>Lembre-se de verificar tamb\u00e9m a caixa de\u00a0<strong>Spam\/Lixo eletr\u00f4nico<\/strong>.<br \/>Para baixar, clique em todos os t\u00edtulos destacados e sublinhados na se\u00e7\u00e3o de Downloads.<br \/><strong>2\ufe0f\u20e3 Via WhatsApp<\/strong><br \/>Voc\u00ea receber\u00e1 uma mensagem autom\u00e1tica em seu WhatsApp.<br \/>Para receber o arquivo por l\u00e1, basta clicar no bot\u00e3o:<br \/><strong>\u201cRECEBER meu pedido aqui\u201d.<\/strong><br \/><strong>3\ufe0f\u20e3 Na sua \u00c1rea do Cliente (site)<\/strong><br \/>Clique nas tr\u00eas linhas no canto superior esquerdo.<br \/>Acesse\u00a0<strong>Minha Conta &gt; Downloads<\/strong>.<br \/>Baixe diretamente todos os produtos adquiridos.<br \/>\ud83d\udccc Qualquer d\u00favida, nosso suporte est\u00e1 \u00e0 disposi\u00e7\u00e3o:<br \/>\ud83d\udcde\u00a0<strong>(11) 94050-7483<\/strong><\/p>\n","protected":false},"excerpt":{"rendered":"<p>Transforme sua escola em um espa\u00e7o onde a leitura ganha vida e floresce no cora\u00e7\u00e3o dos alunos.<br \/>Este kit foi pensado para tornar o <strong>Dia Nacional do Livro Infantil<\/strong> (18 de Abril) uma experi\u00eancia encantadora, mas vai muito al\u00e9m de uma data comemorativa\u2026<\/p>\n<p>\u2728 Ele \u00e9 um recurso vers\u00e1til que pode ser utilizado durante <strong>todo o ano letivo<\/strong>, em projetos de leitura, cantinhos liter\u00e1rios e a\u00e7\u00f5es pedag\u00f3gicas cont\u00ednuas.<\/p>\n","protected":false},"featured_media":114521,"comment_status":"open","ping_status":"closed","template":"","meta":{"bwfblock_default_font":"","_uf_show_specific_survey":0,"_uf_disable_surveys":false},"product_brand":[],"product_cat":[37],"product_tag":[47,135],"class_list":{"0":"post-114516","1":"product","2":"type-product","3":"status-publish","4":"has-post-thumbnail","6":"product_cat-datas-comemorativas","7":"product_tag-datas-comemorativas","8":"product_tag-dia-nacional-do-livro-infantil","10":"first","11":"instock","12":"sale","13":"downloadable","14":"virtual","15":"sold-individually","16":"purchasable","17":"product-type-simple"},"aioseo_notices":[],"_links":{"self":[{"href":"https:\/\/educacaocomproposito.com.br\/index.php\/wp-json\/wp\/v2\/product\/114516","targetHints":{"allow":["GET"]}}],"collection":[{"href":"https:\/\/educacaocomproposito.com.br\/index.php\/wp-json\/wp\/v2\/product"}],"about":[{"href":"https:\/\/educacaocomproposito.com.br\/index.php\/wp-json\/wp\/v2\/types\/product"}],"replies":[{"embeddable":true,"href":"https:\/\/educacaocomproposito.com.br\/index.php\/wp-json\/wp\/v2\/comments?post=114516"}],"version-history":[{"count":2,"href":"https:\/\/educacaocomproposito.com.br\/index.php\/wp-json\/wp\/v2\/product\/114516\/revisions"}],"predecessor-version":[{"id":114530,"href":"https:\/\/educacaocomproposito.com.br\/index.php\/wp-json\/wp\/v2\/product\/114516\/revisions\/114530"}],"wp:featuredmedia":[{"embeddable":true,"href":"https:\/\/educacaocomproposito.com.br\/index.php\/wp-json\/wp\/v2\/media\/114521"}],"wp:attachment":[{"href":"https:\/\/educacaocomproposito.com.br\/index.php\/wp-json\/wp\/v2\/media?parent=114516"}],"wp:term":[{"taxonomy":"product_brand","embeddable":true,"href":"https:\/\/educacaocomproposito.com.br\/index.php\/wp-json\/wp\/v2\/product_brand?post=114516"},{"taxonomy":"product_cat","embeddable":true,"href":"https:\/\/educacaocomproposito.com.br\/index.php\/wp-json\/wp\/v2\/product_cat?post=114516"},{"taxonomy":"product_tag","embeddable":true,"href":"https:\/\/educacaocomproposito.com.br\/index.php\/wp-json\/wp\/v2\/product_tag?post=114516"}],"curies":[{"name":"wp","href":"https:\/\/api.w.org\/{rel}","templated":true}]}}