{"id":114557,"date":"2026-04-11T17:28:56","date_gmt":"2026-04-11T20:28:56","guid":{"rendered":"https:\/\/educacaocomproposito.com.br\/?post_type=product&#038;p=114557"},"modified":"2026-04-13T14:27:12","modified_gmt":"2026-04-13T17:27:12","slug":"moldura-gigante-para-fotos-especial-dia-das-maes","status":"publish","type":"product","link":"https:\/\/educacaocomproposito.com.br\/index.php\/product\/moldura-gigante-para-fotos-especial-dia-das-maes\/","title":{"rendered":"Moldura Gigante para Fotos &#8211; Especial Dia das M\u00e3es"},"content":{"rendered":"<p><strong>\u2728 O que voc\u00ea recebe neste arquivo:<\/strong><\/p>\n<p>\ud83d\udc97 <strong>Painel Moldura Gigante para Fotos<\/strong><br \/>\ud83d\udccc Composto por 42 folhas A4<br \/>\ud83d\udccc Medida aproximada ap\u00f3s montagem: <strong>109 x 184 cm<\/strong>\u00a0<br \/>\ud83d\udccc Espa\u00e7o central vazado em formato de cora\u00e7\u00e3o, ideal para fotos<br \/>\ud83d\udccc Com a proposta especial: <strong>\u201cSe escreve m\u00e3e, mas se l\u00ea\u2026\u201d<\/strong>, trazendo ainda mais significado e emo\u00e7\u00e3o para o momento<\/p>\n<p>\ud83d\udcf8 <strong>Plaquinhas tem\u00e1ticas estilo cora\u00e7\u00e3o para fotos<\/strong><br \/>Palavras que representam o verdadeiro significado de ser m\u00e3e:<br \/>\ud83d\udc96 Amor<br \/>\ud83d\udc96 Carinho<br \/>\ud83d\udc96 Sorrisos<br \/>\ud83d\udc96 Momentos<br \/>\ud83d\udc96 Mem\u00f3rias<br \/>\ud83d\udc96 Cuidado<br \/>\ud83d\udc96 Paci\u00eancia<br \/>\ud83d\udc96 For\u00e7a<br \/>\ud83d\udc96 Dedica\u00e7\u00e3o<br \/>\ud83d\udc96 Prote\u00e7\u00e3o<br \/>\ud83d\udc96 Presen\u00e7a<br \/>\ud83d\udc96 Acolhimento<br \/>\ud83d\udc96 Esperan\u00e7a<br \/>\ud83d\udc96 Orgulho\u00a0<\/p>\n<p>\ud83c\udfa5 <strong>Tutoriais completos de montagem<\/strong><br \/>Acesso via QR Code com v\u00eddeos explicativos de:<br \/>\u2714 Montagem do painel<br \/>\u2714 Refor\u00e7o com base em isopor<br \/>\u2714 Estrutura utilizando cano PVC<\/p>\n<p>\ud83e\uddfe <strong>Guia completo de impress\u00e3o<\/strong><br \/>Com orienta\u00e7\u00f5es simples para garantir um resultado perfeito<\/p>\n<p>\ud83e\udde9 <strong>Imagem base para montagem<\/strong><br \/>Facilitando a organiza\u00e7\u00e3o e uni\u00e3o das p\u00e1ginas<\/p>\n<p><strong>Detalhes T\u00e9cnicos<\/strong>:<br \/>\ud83d\udcc4 Material\u00a0<strong>100% digital (PDF)<\/strong><br \/>\ud83d\udda8\ufe0f Arquivos\u00a0<strong>prontos para impress\u00e3o em papel A4<\/strong><br \/>\ud83c\udfa5 Inclui\u00a0<strong>QR Code com tutoriais de montagem<\/strong><br \/>\u26a0\ufe0f\u00a0<strong>Arquivo N\u00c3O EDIT\u00c1VEL<\/strong><br \/>\ud83d\udd10\u00a0<strong>Direitos autorais<\/strong><br \/>Material protegido por direitos autorais.<br \/>\ud83d\udeab Uso pessoal e pedag\u00f3gico \u2013 proibida a redistribui\u00e7\u00e3o ou comercializa\u00e7\u00e3o do material f\u00edsico ou digital.<br \/>\u26a0\ufe0f N\u00e3o enviamos pelos CORREIOS.<br \/>\u26a0\ufe0f Aten\u00e7\u00e3o: Este produto n\u00e3o \u00e9 clipart e n\u00e3o disponibilizamos a arte aberta.<\/p>\n<p><strong>\ud83d\udce5 Como acessar seu arquivo<\/strong>:<br \/>Ap\u00f3s a confirma\u00e7\u00e3o do pagamento, voc\u00ea poder\u00e1 baixar o seu produto de tr\u00eas formas pr\u00e1ticas:<br \/><strong>1\ufe0f\u20e3 Via e-mail<\/strong><br \/>Voc\u00ea receber\u00e1 um e-mail com o t\u00edtulo\u00a0<strong>\u201cSeu arquivo chegou\u201d<\/strong>.<br \/>Lembre-se de verificar tamb\u00e9m a caixa de\u00a0<strong>Spam\/Lixo eletr\u00f4nico<\/strong>.<br \/>Para baixar, clique em todos os t\u00edtulos destacados e sublinhados na se\u00e7\u00e3o de Downloads.<br \/><strong>2\ufe0f\u20e3 Via WhatsApp<\/strong><br \/>Voc\u00ea receber\u00e1 uma mensagem autom\u00e1tica em seu WhatsApp.<br \/>Para receber o arquivo por l\u00e1, basta clicar no bot\u00e3o:<br \/><strong>\u201cRECEBER meu pedido aqui\u201d.<\/strong><br \/><strong>3\ufe0f\u20e3 Na sua \u00c1rea do Cliente (site)<\/strong><br \/>Clique nas tr\u00eas linhas no canto superior esquerdo.<br \/>Acesse\u00a0<strong>Minha Conta &gt; Downloads<\/strong>.<br \/>Baixe diretamente todos os produtos adquiridos.<br \/>\ud83d\udccc Qualquer d\u00favida, nosso suporte est\u00e1 \u00e0 disposi\u00e7\u00e3o:<br \/>\ud83d\udcde\u00a0<strong>(11) 94050-7483<\/strong><\/p>\n","protected":false},"excerpt":{"rendered":"<p>Mais do que uma decora\u00e7\u00e3o\u2026 uma oportunidade de eternizar sentimentos.<br \/>Essa moldura foi pensada para transformar o Dia das M\u00e3es em um momento \u00fanico, cheio de significado, conex\u00e3o e mem\u00f3rias inesquec\u00edveis entre m\u00e3es e filhos.<\/p>\n<p>Com um visual delicado e acolhedor, ela se torna o cen\u00e1rio perfeito para fotos emocionantes, valorizando cada gesto de amor vivido nesse dia t\u00e3o especial.<\/p>\n","protected":false},"featured_media":114568,"comment_status":"open","ping_status":"closed","template":"","meta":{"bwfblock_default_font":"","_uf_show_specific_survey":0,"_uf_disable_surveys":false},"product_brand":[],"product_cat":[37],"product_tag":[47,80],"class_list":{"0":"post-114557","1":"product","2":"type-product","3":"status-publish","4":"has-post-thumbnail","6":"product_cat-datas-comemorativas","7":"product_tag-datas-comemorativas","8":"product_tag-dia-das-maes","10":"first","11":"instock","12":"sale","13":"downloadable","14":"virtual","15":"sold-individually","16":"purchasable","17":"product-type-simple"},"aioseo_notices":[],"_links":{"self":[{"href":"https:\/\/educacaocomproposito.com.br\/index.php\/wp-json\/wp\/v2\/product\/114557","targetHints":{"allow":["GET"]}}],"collection":[{"href":"https:\/\/educacaocomproposito.com.br\/index.php\/wp-json\/wp\/v2\/product"}],"about":[{"href":"https:\/\/educacaocomproposito.com.br\/index.php\/wp-json\/wp\/v2\/types\/product"}],"replies":[{"embeddable":true,"href":"https:\/\/educacaocomproposito.com.br\/index.php\/wp-json\/wp\/v2\/comments?post=114557"}],"version-history":[{"count":3,"href":"https:\/\/educacaocomproposito.com.br\/index.php\/wp-json\/wp\/v2\/product\/114557\/revisions"}],"predecessor-version":[{"id":114913,"href":"https:\/\/educacaocomproposito.com.br\/index.php\/wp-json\/wp\/v2\/product\/114557\/revisions\/114913"}],"wp:featuredmedia":[{"embeddable":true,"href":"https:\/\/educacaocomproposito.com.br\/index.php\/wp-json\/wp\/v2\/media\/114568"}],"wp:attachment":[{"href":"https:\/\/educacaocomproposito.com.br\/index.php\/wp-json\/wp\/v2\/media?parent=114557"}],"wp:term":[{"taxonomy":"product_brand","embeddable":true,"href":"https:\/\/educacaocomproposito.com.br\/index.php\/wp-json\/wp\/v2\/product_brand?post=114557"},{"taxonomy":"product_cat","embeddable":true,"href":"https:\/\/educacaocomproposito.com.br\/index.php\/wp-json\/wp\/v2\/product_cat?post=114557"},{"taxonomy":"product_tag","embeddable":true,"href":"https:\/\/educacaocomproposito.com.br\/index.php\/wp-json\/wp\/v2\/product_tag?post=114557"}],"curies":[{"name":"wp","href":"https:\/\/api.w.org\/{rel}","templated":true}]}}