{"id":115380,"date":"2026-04-15T12:40:40","date_gmt":"2026-04-15T15:40:40","guid":{"rendered":"https:\/\/educacaocomproposito.com.br\/?post_type=product&#038;p=115380"},"modified":"2026-04-18T00:36:59","modified_gmt":"2026-04-18T03:36:59","slug":"kit-de-acolhimento-para-professores-sob-o-mesmo-guarda-chuva","status":"publish","type":"product","link":"https:\/\/educacaocomproposito.com.br\/index.php\/product\/kit-de-acolhimento-para-professores-sob-o-mesmo-guarda-chuva\/","title":{"rendered":"Kit de Acolhimento para Professores &#8211; Sob o Mesmo Guarda-Chuva"},"content":{"rendered":"<p><strong>\ud83d\udce6\u00a0O que voc\u00ea recebe no kit<\/strong><\/p>\n<p>\ud83d\uddbc\ufe0f <strong>Painel principal<\/strong><br \/>Composto por 18 folhas A4<br \/>Medida aproximada: 114 x 81 cm\u00a0<\/p>\n<p>\u2602\ufe0f <strong>Guarda-chuva e Nuvem decorativa para din\u00e2mica<\/strong><br \/>7 folhas A4<\/p>\n<p>\ud83c\udff7\ufe0f <strong>Faixa decorativa para o cantinho da din\u00e2mica<\/strong><br \/>2 folhas A4<\/p>\n<p>\ud83d\udca7 <strong>Gotas para a din\u00e2mica<\/strong><br \/>Elementos para escrita e constru\u00e7\u00e3o coletiva<\/p>\n<p>\ud83c\udf6c <strong>Tag para lembrancinha<\/strong><br \/>Ideal para pequenos mimos (doces ou brindes)<\/p>\n<p>\ud83d\udcd6 <strong>Material complementar com orienta\u00e7\u00f5es<\/strong><br \/>Passo a passo completo da din\u00e2mica<br \/>Sugest\u00f5es de fala para o mediador<br \/>Texto reflexivo para leitura<\/p>\n<p>\ud83c\udfa5 <strong>Tutoriais de montagem<\/strong><br \/>Acesso a v\u00eddeos explicativos para facilitar a montagem do painel e dos itens<\/p>\n<p><strong>Detalhes T\u00e9cnicos<\/strong>:<br \/>\ud83d\udcc4 Material\u00a0<strong>100% digital (PDF)<\/strong><br \/>\ud83d\udda8\ufe0f Arquivos\u00a0<strong>prontos para impress\u00e3o em papel A4<\/strong><br \/>\ud83c\udfa5 Inclui\u00a0<strong>QR Code com tutoriais de montagem<\/strong><br \/>\u26a0\ufe0f\u00a0<strong>Arquivo N\u00c3O EDIT\u00c1VEL<\/strong><br \/>\ud83d\udd10\u00a0<strong>Direitos autorais<\/strong><br \/>Material protegido por direitos autorais.<br \/>\ud83d\udeab Uso pessoal e pedag\u00f3gico \u2013 proibida a redistribui\u00e7\u00e3o ou comercializa\u00e7\u00e3o do material f\u00edsico ou digital.<br \/>\u26a0\ufe0f N\u00e3o enviamos pelos CORREIOS.<br \/>\u26a0\ufe0f Aten\u00e7\u00e3o: Este produto n\u00e3o \u00e9 clipart e n\u00e3o disponibilizamos a arte aberta.<\/p>\n<p><strong>\ud83d\udce5 Como acessar seu arquivo<\/strong>:<br \/>Ap\u00f3s a confirma\u00e7\u00e3o do pagamento, voc\u00ea poder\u00e1 baixar o seu produto de tr\u00eas formas pr\u00e1ticas:<br \/><strong>1\ufe0f\u20e3 Via e-mail<\/strong><br \/>Voc\u00ea receber\u00e1 um e-mail com o t\u00edtulo\u00a0<strong>\u201cSeu arquivo chegou\u201d<\/strong>.<br \/>Lembre-se de verificar tamb\u00e9m a caixa de\u00a0<strong>Spam\/Lixo eletr\u00f4nico<\/strong>.<br \/>Para baixar, clique em todos os t\u00edtulos destacados e sublinhados na se\u00e7\u00e3o de Downloads.<br \/><strong>2\ufe0f\u20e3 Via WhatsApp<\/strong><br \/>Voc\u00ea receber\u00e1 uma mensagem autom\u00e1tica em seu WhatsApp.<br \/>Para receber o arquivo por l\u00e1, basta clicar no bot\u00e3o:<br \/><strong>\u201cRECEBER meu pedido aqui\u201d.<\/strong><br \/><strong>3\ufe0f\u20e3 Na sua \u00c1rea do Cliente (site)<\/strong><br \/>Clique nas tr\u00eas linhas no canto superior esquerdo.<br \/>Acesse\u00a0<strong>Minha Conta &gt; Downloads<\/strong>.<br \/>Baixe diretamente todos os produtos adquiridos.<br \/>\ud83d\udccc Qualquer d\u00favida, nosso suporte est\u00e1 \u00e0 disposi\u00e7\u00e3o:<br \/>\ud83d\udcde\u00a0<strong>(11) 94050-7483<\/strong><\/p>\n","protected":false},"excerpt":{"rendered":"<p>O <strong>Kit de Acolhimento para Professores \u2013 Sob o Mesmo Guarda-Chuva<\/strong> foi desenvolvido para promover um momento significativo de escuta, empatia e conex\u00e3o entre educadores.<\/p>\n<p>Inspirado na ideia de que nem todos os dias s\u00e3o leves, mas que juntos podemos atravess\u00e1-los, o material traz uma proposta completa que une <strong>painel decorativo, din\u00e2mica guiada e lembrancinha<\/strong>, criando uma experi\u00eancia acolhedora e inesquec\u00edvel.<\/p>\n","protected":false},"featured_media":115399,"comment_status":"open","ping_status":"closed","template":"","meta":{"bwfblock_default_font":"","_uf_show_specific_survey":0,"_uf_disable_surveys":false},"product_brand":[],"product_cat":[139,38],"product_tag":[138,70],"class_list":{"0":"post-115380","1":"product","2":"type-product","3":"status-publish","4":"has-post-thumbnail","6":"product_cat-acolhimento-para-professores","7":"product_cat-coordenacao-pedagogica","8":"product_tag-acolhimento-para-professores","9":"product_tag-coordenacao-pedagogica","11":"first","12":"instock","13":"sale","14":"downloadable","15":"virtual","16":"sold-individually","17":"purchasable","18":"product-type-simple"},"aioseo_notices":[],"_links":{"self":[{"href":"https:\/\/educacaocomproposito.com.br\/index.php\/wp-json\/wp\/v2\/product\/115380","targetHints":{"allow":["GET"]}}],"collection":[{"href":"https:\/\/educacaocomproposito.com.br\/index.php\/wp-json\/wp\/v2\/product"}],"about":[{"href":"https:\/\/educacaocomproposito.com.br\/index.php\/wp-json\/wp\/v2\/types\/product"}],"replies":[{"embeddable":true,"href":"https:\/\/educacaocomproposito.com.br\/index.php\/wp-json\/wp\/v2\/comments?post=115380"}],"version-history":[{"count":1,"href":"https:\/\/educacaocomproposito.com.br\/index.php\/wp-json\/wp\/v2\/product\/115380\/revisions"}],"predecessor-version":[{"id":115393,"href":"https:\/\/educacaocomproposito.com.br\/index.php\/wp-json\/wp\/v2\/product\/115380\/revisions\/115393"}],"wp:featuredmedia":[{"embeddable":true,"href":"https:\/\/educacaocomproposito.com.br\/index.php\/wp-json\/wp\/v2\/media\/115399"}],"wp:attachment":[{"href":"https:\/\/educacaocomproposito.com.br\/index.php\/wp-json\/wp\/v2\/media?parent=115380"}],"wp:term":[{"taxonomy":"product_brand","embeddable":true,"href":"https:\/\/educacaocomproposito.com.br\/index.php\/wp-json\/wp\/v2\/product_brand?post=115380"},{"taxonomy":"product_cat","embeddable":true,"href":"https:\/\/educacaocomproposito.com.br\/index.php\/wp-json\/wp\/v2\/product_cat?post=115380"},{"taxonomy":"product_tag","embeddable":true,"href":"https:\/\/educacaocomproposito.com.br\/index.php\/wp-json\/wp\/v2\/product_tag?post=115380"}],"curies":[{"name":"wp","href":"https:\/\/api.w.org\/{rel}","templated":true}]}}