{"id":117725,"date":"2026-05-06T16:18:26","date_gmt":"2026-05-06T19:18:26","guid":{"rendered":"https:\/\/educacaocomproposito.com.br\/?post_type=product&#038;p=117725"},"modified":"2026-05-06T18:32:00","modified_gmt":"2026-05-06T21:32:00","slug":"painel-costurando-historias-dia-da-familia","status":"publish","type":"product","link":"https:\/\/educacaocomproposito.com.br\/index.php\/product\/painel-costurando-historias-dia-da-familia\/","title":{"rendered":"Painel &#8211; Costurando Hist\u00f3rias | Dia da Fam\u00edlia"},"content":{"rendered":"<p>\ud83e\uddf5 O que voc\u00ea encontrar\u00e1 neste kit:<br \/>\ud83e\udea1 <strong>Painel principal <\/strong><br \/>\u2022 Composto por 24 folhas A4 <br \/>Medida Aproximada Apenas Painel: 1,46&#215;81 cm<br \/>Medida Aproximada Painel + Plaquinhas + Mini Faixa: 188&#215;113 cm<br \/>\u2022 Tema: <em>Costurando Hist\u00f3rias<\/em><\/p>\n<p>\ud83c\udf38 <strong>Elementos decorativos complementares<\/strong><br \/>\u2022 Faixa de boas-vindas tem\u00e1tica (Medida Aproximada: 78x32cm)<br \/>\u2022 Banco decorativo (Medida Aproximada: 81x54cm)<br \/>\u2022 Vaso de planta decorativo (Medida Aproximada: 51x26cm)<br \/>\u2022 Linhas de costura decorativas (Medida Aproximada: 23x37cm)<\/p>\n<p>\ud83d\udc8c <strong>Plaquinhas afetivas para fotos e decora\u00e7\u00e3o<\/strong> &#8211; (Medida Aproximada: 20x20cm)<br \/>Com frases emocionantes e acolhedoras para compor o ambiente e criar espa\u00e7os instagram\u00e1veis:<br \/>\u2022 \u201cAmor \u00e9 o fio que costura nossa hist\u00f3ria todos os dias.\u201d<br \/>\u2022 \u201cCada ponto de cuidado constr\u00f3i uma hist\u00f3ria de amor.\u201d<br \/>\u2022 \u201cRetalhos de hist\u00f3rias, pontos de afeto, la\u00e7os eternos.\u201d<br \/>E outras frases exclusivas.<\/p>\n<p>\ud83c\udfa5 <strong>Tutoriais de montagem<\/strong><br \/>\u2022 QR Code com acesso aos v\u00eddeos explicativos<br \/>\u2022 Passo a passo para facilitar toda a montagem<\/p>\n<p>\ud83d\udda8\ufe0f <strong>Instru\u00e7\u00f5es de impress\u00e3o<\/strong><br \/>\u2022 Guia pr\u00e1tico de impress\u00e3o<br \/>\u2022 Orienta\u00e7\u00f5es para impress\u00e3o em folhas A4<br \/>\u2022 Sugest\u00f5es de configura\u00e7\u00e3o para melhor resultado<\/p>\n<p>\ud83d\udcc2 O arquivo est\u00e1 organizado em <strong>3 PDFs separados<\/strong>, facilitando a visualiza\u00e7\u00e3o e a montagem dos elementos:<br \/>\u2022 PDF 1 \u2013 Painel Principal<br \/>\u2022 PDF 2 \u2013 Elementos Complementares<br \/>\u2022 PDF 3 \u2013 Plaquinhas Laterais Decorativas<\/p>\n<p><strong>Detalhes T\u00e9cnicos<\/strong>:<br \/>\ud83d\udcc4 Material\u00a0<strong>100% digital (PDF)<\/strong><br \/>\ud83d\udda8\ufe0f Arquivos\u00a0<strong>prontos para impress\u00e3o em papel A4<\/strong><br \/>\u26a0\ufe0f\u00a0<strong>Arquivo N\u00c3O Edit\u00e1vel<\/strong><br \/>\ud83d\udd10\u00a0<strong>Direitos autorais<\/strong><br \/><strong>Material protegido por direitos autorais.<br \/>\ud83d\udeab Uso pessoal e pedag\u00f3gico \u2013 proibida a redistribui\u00e7\u00e3o ou comercializa\u00e7\u00e3o do material f\u00edsico ou digital.<\/strong><br \/>\u26a0\ufe0f N\u00e3o enviamos pelos CORREIOS.<br \/>\u26a0\ufe0f Aten\u00e7\u00e3o: <strong>Este produto n\u00e3o \u00e9 clipart e n\u00e3o disponibilizamos a arte aberta.<\/strong><\/p>\n<p><strong>\ud83d\udce5 Como acessar seu arquivo<\/strong>:<br \/>Ap\u00f3s a confirma\u00e7\u00e3o do pagamento, voc\u00ea poder\u00e1 baixar o seu produto de tr\u00eas formas pr\u00e1ticas:<br \/><strong>1\ufe0f\u20e3 Via e-mail<\/strong><br \/>Voc\u00ea receber\u00e1 um e-mail com o t\u00edtulo\u00a0<strong>\u201cSeu arquivo chegou\u201d<\/strong>.<br \/>Lembre-se de verificar tamb\u00e9m a caixa de\u00a0<strong>Spam\/Lixo eletr\u00f4nico<\/strong>.<br \/>Para baixar, clique em todos os t\u00edtulos destacados e sublinhados na se\u00e7\u00e3o de Downloads.<br \/><strong>2\ufe0f\u20e3 Via WhatsApp<\/strong><br \/>Voc\u00ea receber\u00e1 uma mensagem autom\u00e1tica em seu WhatsApp.<br \/>Para receber o arquivo por l\u00e1, basta clicar no bot\u00e3o:<br \/><strong>\u201cRECEBER meu pedido aqui\u201d.<\/strong><br \/><strong>3\ufe0f\u20e3 Na sua \u00c1rea do Cliente (site)<\/strong><br \/>Clique nas tr\u00eas linhas no canto superior esquerdo.<br \/>Acesse\u00a0<strong>Minha Conta &gt; Downloads<\/strong>.<br \/>Baixe diretamente todos os produtos adquiridos.<br \/>\ud83d\udccc Qualquer d\u00favida, nosso suporte est\u00e1 \u00e0 disposi\u00e7\u00e3o:<br \/>\ud83d\udcde\u00a0<strong>(11) 94050-7483<\/strong><\/p>\n","protected":false},"excerpt":{"rendered":"<p>O painel <strong>\u201cCosturando Hist\u00f3rias \u2013 Dia da Fam\u00edlia na Escola\u201d<\/strong> foi criado para transformar a recep\u00e7\u00e3o das fam\u00edlias em um momento afetivo, cheio de significado e mem\u00f3rias especiais. Inspirado no universo da costura, dos retalhos e dos la\u00e7os que unem cada fam\u00edlia, este material traz uma proposta encantadora, acolhedora e visualmente impactante para decorar a escola de forma \u00fanica. \ud83d\udc9b<\/p>\n","protected":false},"featured_media":117736,"comment_status":"open","ping_status":"closed","template":"","meta":{"bwfblock_default_font":"","_uf_show_specific_survey":0,"_uf_disable_surveys":false},"product_brand":[],"product_cat":[37,100],"product_tag":[47,101],"class_list":{"0":"post-117725","1":"product","2":"type-product","3":"status-publish","4":"has-post-thumbnail","6":"product_cat-datas-comemorativas","7":"product_cat-dia-da-familia","8":"product_tag-datas-comemorativas","9":"product_tag-dia-da-familia","11":"first","12":"instock","13":"sale","14":"downloadable","15":"virtual","16":"sold-individually","17":"purchasable","18":"product-type-simple"},"aioseo_notices":[],"_links":{"self":[{"href":"https:\/\/educacaocomproposito.com.br\/index.php\/wp-json\/wp\/v2\/product\/117725","targetHints":{"allow":["GET"]}}],"collection":[{"href":"https:\/\/educacaocomproposito.com.br\/index.php\/wp-json\/wp\/v2\/product"}],"about":[{"href":"https:\/\/educacaocomproposito.com.br\/index.php\/wp-json\/wp\/v2\/types\/product"}],"replies":[{"embeddable":true,"href":"https:\/\/educacaocomproposito.com.br\/index.php\/wp-json\/wp\/v2\/comments?post=117725"}],"version-history":[{"count":3,"href":"https:\/\/educacaocomproposito.com.br\/index.php\/wp-json\/wp\/v2\/product\/117725\/revisions"}],"predecessor-version":[{"id":117751,"href":"https:\/\/educacaocomproposito.com.br\/index.php\/wp-json\/wp\/v2\/product\/117725\/revisions\/117751"}],"wp:featuredmedia":[{"embeddable":true,"href":"https:\/\/educacaocomproposito.com.br\/index.php\/wp-json\/wp\/v2\/media\/117736"}],"wp:attachment":[{"href":"https:\/\/educacaocomproposito.com.br\/index.php\/wp-json\/wp\/v2\/media?parent=117725"}],"wp:term":[{"taxonomy":"product_brand","embeddable":true,"href":"https:\/\/educacaocomproposito.com.br\/index.php\/wp-json\/wp\/v2\/product_brand?post=117725"},{"taxonomy":"product_cat","embeddable":true,"href":"https:\/\/educacaocomproposito.com.br\/index.php\/wp-json\/wp\/v2\/product_cat?post=117725"},{"taxonomy":"product_tag","embeddable":true,"href":"https:\/\/educacaocomproposito.com.br\/index.php\/wp-json\/wp\/v2\/product_tag?post=117725"}],"curies":[{"name":"wp","href":"https:\/\/api.w.org\/{rel}","templated":true}]}}