{"id":118372,"date":"2026-05-12T18:59:37","date_gmt":"2026-05-12T21:59:37","guid":{"rendered":"https:\/\/educacaocomproposito.com.br\/?post_type=product&#038;p=118372"},"modified":"2026-05-13T17:14:08","modified_gmt":"2026-05-13T20:14:08","slug":"kit-biblioteca-exploradores-de-historias","status":"publish","type":"product","link":"https:\/\/educacaocomproposito.com.br\/index.php\/product\/kit-biblioteca-exploradores-de-historias\/","title":{"rendered":"Kit Biblioteca \u2013 Exploradores de Hist\u00f3rias"},"content":{"rendered":"<p>O QUE VOC\u00ca ENCONTRA NO KIT:<br \/>\ud83d\udcda <strong>Painel principal decorativo<\/strong><br \/>Composto por folhas 21 A4 para impress\u00e3o <br \/>&#8211; Medida Aproximada (Apenas Painel) &#8211; 125 x 79cm.<br \/>&#8211; Medida Aproximada Total &#8211; 188 x 110cm<br \/>\ud83d\udcac <strong>Plaquinhas complementares<\/strong><br \/>\u201cFrases que inspiram\u201d<br \/>\u201cBons h\u00e1bitos para ter uma boa leitura\u201d<br \/>&#8211; Frases motivacionais sobre leitura &#8211; 5 Plaquinhas com autores como: Ruth Rocha, Monteiro Lobato, entre outros.<br \/>&#8211; Orienta\u00e7\u00f5es e h\u00e1bitos leitores<br \/>\ud83e\udde0 <strong>\u00c1rea de intera\u00e7\u00e3o com caixinhas para folders<\/strong><br \/>Inclui artes prontas para montagem das \u00e1reas interativas:<br \/>\ud83c\udfa8 <strong>Pinte a quantidade de livros que j\u00e1 leu<\/strong><br \/>\ud83d\udcc5 <strong>Rastreador de leitura mensal<\/strong><br \/>\u23f0 <strong>Desafio: Leia por 24h<\/strong><br \/>\ud83d\udd16 <strong>Colecionando marca-p\u00e1ginas<\/strong><br \/>\ud83d\udcdd <strong>Fichas de leitura<\/strong><br \/>\ud83c\udfa5 <strong>V\u00eddeos tutoriais de montagem<\/strong><br \/>Acesso via QR Code<br \/>Explica\u00e7\u00f5es para auxiliar na montagem dos itens<br \/>\ud83d\udda8\ufe0f <strong>Instru\u00e7\u00f5es de impress\u00e3o<\/strong><br \/>Guia simples para impress\u00e3o em folha A4<br \/>Orienta\u00e7\u00f5es pr\u00e1ticas para facilitar a montagem<\/p>\n<p><strong>Detalhes T\u00e9cnicos<\/strong>:<br \/>\ud83d\udcc4 Material\u00a0<strong>100% digital (PDF)<\/strong><br \/>\ud83d\udda8\ufe0f Arquivos\u00a0<strong>prontos para impress\u00e3o em papel A4<\/strong><br \/>\u26a0\ufe0f\u00a0<strong>Arquivo N\u00c3O Edit\u00e1vel<\/strong><br \/>\ud83d\udd10\u00a0<strong>Direitos autorais<\/strong><br \/><strong>Material protegido por direitos autorais.<br \/>\ud83d\udeab Uso pessoal e pedag\u00f3gico \u2013 proibida a redistribui\u00e7\u00e3o ou comercializa\u00e7\u00e3o do material f\u00edsico ou digital.<\/strong><br \/>\u26a0\ufe0f N\u00e3o enviamos pelos CORREIOS.<br \/>\u26a0\ufe0f Aten\u00e7\u00e3o:\u00a0<strong>Este produto n\u00e3o \u00e9 clipart e n\u00e3o disponibilizamos a arte aberta.<\/strong><\/p>\n<p><strong>\ud83d\udce5 Como acessar seu arquivo<\/strong>:<br \/>Ap\u00f3s a confirma\u00e7\u00e3o do pagamento, voc\u00ea poder\u00e1 baixar o seu produto de tr\u00eas formas pr\u00e1ticas:<br \/><strong>1\ufe0f\u20e3 Via e-mail<\/strong><br \/>Voc\u00ea receber\u00e1 um e-mail com o t\u00edtulo\u00a0<strong>\u201cSeu arquivo chegou\u201d<\/strong>.<br \/>Lembre-se de verificar tamb\u00e9m a caixa de\u00a0<strong>Spam\/Lixo eletr\u00f4nico<\/strong>.<br \/>Para baixar, clique em todos os t\u00edtulos destacados e sublinhados na se\u00e7\u00e3o de Downloads.<br \/><strong>2\ufe0f\u20e3 Via WhatsApp<\/strong><br \/>Voc\u00ea receber\u00e1 uma mensagem autom\u00e1tica em seu WhatsApp.<br \/>Para receber o arquivo por l\u00e1, basta clicar no bot\u00e3o:<br \/><strong>\u201cRECEBER meu pedido aqui\u201d.<\/strong><br \/><strong>3\ufe0f\u20e3 Na sua \u00c1rea do Cliente (site)<\/strong><br \/>Clique nas tr\u00eas linhas no canto superior esquerdo.<br \/>Acesse\u00a0<strong>Minha Conta &gt; Downloads<\/strong>.<br \/>Baixe diretamente todos os produtos adquiridos.<br \/>\ud83d\udccc Qualquer d\u00favida, nosso suporte est\u00e1 \u00e0 disposi\u00e7\u00e3o:<br \/>\ud83d\udcde\u00a0<strong>(11) 94050-7483<\/strong><\/p>\n","protected":false},"excerpt":{"rendered":"<p>Transforme a biblioteca da sua escola em um espa\u00e7o de encantamento, pertencimento e experi\u00eancias leitoras!<\/p>\n<p>O <strong>Kit Biblioteca \u2013 Exploradores de Hist\u00f3rias<\/strong> foi pensado para ir al\u00e9m da decora\u00e7\u00e3o: ele transforma a biblioteca em um ambiente interativo, acolhedor e inspirador, incentivando o h\u00e1bito da leitura de forma l\u00fadica e significativa.<\/p>\n<p>Com elementos instagram\u00e1veis, \u00e1reas de intera\u00e7\u00e3o e propostas que estimulam o protagonismo dos alunos, este kit cria uma verdadeira experi\u00eancia dentro do espa\u00e7o escolar \ud83d\udcda\ud83d\udca1<\/p>\n","protected":false},"featured_media":118486,"comment_status":"open","ping_status":"closed","template":"","meta":{"bwfblock_default_font":"","_uf_show_specific_survey":0,"_uf_disable_surveys":false},"product_brand":[],"product_cat":[140],"product_tag":[142],"class_list":{"0":"post-118372","1":"product","2":"type-product","3":"status-publish","4":"has-post-thumbnail","6":"product_cat-biblioteca","7":"product_tag-biblioteca","9":"first","10":"instock","11":"sale","12":"downloadable","13":"virtual","14":"sold-individually","15":"taxable","16":"purchasable","17":"product-type-simple"},"aioseo_notices":[],"_links":{"self":[{"href":"https:\/\/educacaocomproposito.com.br\/index.php\/wp-json\/wp\/v2\/product\/118372","targetHints":{"allow":["GET"]}}],"collection":[{"href":"https:\/\/educacaocomproposito.com.br\/index.php\/wp-json\/wp\/v2\/product"}],"about":[{"href":"https:\/\/educacaocomproposito.com.br\/index.php\/wp-json\/wp\/v2\/types\/product"}],"replies":[{"embeddable":true,"href":"https:\/\/educacaocomproposito.com.br\/index.php\/wp-json\/wp\/v2\/comments?post=118372"}],"version-history":[{"count":1,"href":"https:\/\/educacaocomproposito.com.br\/index.php\/wp-json\/wp\/v2\/product\/118372\/revisions"}],"predecessor-version":[{"id":118378,"href":"https:\/\/educacaocomproposito.com.br\/index.php\/wp-json\/wp\/v2\/product\/118372\/revisions\/118378"}],"wp:featuredmedia":[{"embeddable":true,"href":"https:\/\/educacaocomproposito.com.br\/index.php\/wp-json\/wp\/v2\/media\/118486"}],"wp:attachment":[{"href":"https:\/\/educacaocomproposito.com.br\/index.php\/wp-json\/wp\/v2\/media?parent=118372"}],"wp:term":[{"taxonomy":"product_brand","embeddable":true,"href":"https:\/\/educacaocomproposito.com.br\/index.php\/wp-json\/wp\/v2\/product_brand?post=118372"},{"taxonomy":"product_cat","embeddable":true,"href":"https:\/\/educacaocomproposito.com.br\/index.php\/wp-json\/wp\/v2\/product_cat?post=118372"},{"taxonomy":"product_tag","embeddable":true,"href":"https:\/\/educacaocomproposito.com.br\/index.php\/wp-json\/wp\/v2\/product_tag?post=118372"}],"curies":[{"name":"wp","href":"https:\/\/api.w.org\/{rel}","templated":true}]}}