{"id":1254,"date":"2024-09-13T02:05:48","date_gmt":"2024-09-13T05:05:48","guid":{"rendered":"https:\/\/educacaocomproposito.com.br\/?post_type=product&#038;p=1254"},"modified":"2025-08-26T15:38:37","modified_gmt":"2025-08-26T18:38:37","slug":"kit-acolhida-o-impacto-de-um-educador","status":"publish","type":"product","link":"https:\/\/educacaocomproposito.com.br\/index.php\/product\/kit-acolhida-o-impacto-de-um-educador\/","title":{"rendered":"Kit Acolhida &#8211; O Impacto de um Educador"},"content":{"rendered":"\n<p><strong>O Kit inclui:<\/strong><br>&#8211; Painel decorativo (medida aprox. 110x78cm);<br>&#8211; Lembrancinha especial: Um presente simb\u00f3lico que carrega uma mensagem de gratid\u00e3o e reconhecimento, valorizando o trabalho e o esfor\u00e7o di\u00e1rio dos professores (8 unidades por folhas A4);<br>&#8211; Texto reflexivo que convida \u00e0 introspec\u00e7\u00e3o, incentivando os educadores a refletirem sobre seu impacto e a renovarem seu compromisso com a educa\u00e7\u00e3o.<br><br>Detalhes T\u00e9cnicos:<br>\ud83d\udcc2 Arquivo em PDF pronto para impress\u00e3o, 100% digital. N\u00e3o Edit\u00e1vel.<br>\u26a0\ufe0f N\u00e3o enviamos pelos CORREIOS.<br>\u26a0\ufe0f Aten\u00e7\u00e3o: Este produto n\u00e3o \u00e9 clipart e n\u00e3o disponibilizamos a arte aberta. O material \u00e9 fornecido exclusivamente em arquivos PDF. Uso pessoal, proibida a venda e revenda do material f\u00edsico ou digital.<\/p>\n\n\n\n<p><strong>\ud83d\udce5 Como acessar seu arquivo<br>Ap\u00f3s a confirma\u00e7\u00e3o do pagamento, voc\u00ea poder\u00e1 baixar o seu produto de tr\u00eas formas pr\u00e1ticas:<br><\/strong>1\ufe0f\u20e3 Via e-mail<br>Voc\u00ea receber\u00e1 um e-mail com o t\u00edtulo \u201cSeu arquivo chegou\u201d.<br>Lembre-se de verificar tamb\u00e9m a caixa de Spam\/Lixo eletr\u00f4nico.<br>Para baixar, clique em todos os t\u00edtulos destacados e sublinhados na se\u00e7\u00e3o de Downloads.<br>2\ufe0f\u20e3 Via WhatsApp<br>Voc\u00ea receber\u00e1 uma mensagem autom\u00e1tica em seu WhatsApp.<br>Para receber o arquivo por l\u00e1, basta clicar no bot\u00e3o: \u201cRECEBER meu pedido aqui\u201d.<br>3\ufe0f\u20e3 Na sua \u00c1rea do Cliente (site)<br>Clique nas tr\u00eas linhas no canto superior esquerdo.<br>Acesse Minha Conta &gt; Downloads.<br>Baixe diretamente todos os produtos adquiridos.<br><strong>\ud83d\udccc Qualquer d\u00favida, nosso suporte est\u00e1 \u00e0 disposi\u00e7\u00e3o:<br>(11) 94050-7483.<\/strong><\/p>\n","protected":false},"excerpt":{"rendered":"<p>Prepare um ambiente acolhedor e inspirador para seus encontros pedag\u00f3gicos com o nosso Kit de Acolhida para Professores.<\/p>\n","protected":false},"featured_media":1205,"comment_status":"open","ping_status":"closed","template":"","meta":{"bwfblock_default_font":"","_uf_show_specific_survey":0,"_uf_disable_surveys":false},"product_brand":[],"product_cat":[38],"product_tag":[70,86],"class_list":{"0":"post-1254","1":"product","2":"type-product","3":"status-publish","4":"has-post-thumbnail","6":"product_cat-coordenacao-pedagogica","7":"product_tag-coordenacao-pedagogica","8":"product_tag-gestao-escolar","10":"first","11":"instock","12":"sale","13":"downloadable","14":"virtual","15":"sold-individually","16":"purchasable","17":"product-type-simple"},"aioseo_notices":[],"_links":{"self":[{"href":"https:\/\/educacaocomproposito.com.br\/index.php\/wp-json\/wp\/v2\/product\/1254","targetHints":{"allow":["GET"]}}],"collection":[{"href":"https:\/\/educacaocomproposito.com.br\/index.php\/wp-json\/wp\/v2\/product"}],"about":[{"href":"https:\/\/educacaocomproposito.com.br\/index.php\/wp-json\/wp\/v2\/types\/product"}],"replies":[{"embeddable":true,"href":"https:\/\/educacaocomproposito.com.br\/index.php\/wp-json\/wp\/v2\/comments?post=1254"}],"version-history":[{"count":2,"href":"https:\/\/educacaocomproposito.com.br\/index.php\/wp-json\/wp\/v2\/product\/1254\/revisions"}],"predecessor-version":[{"id":62047,"href":"https:\/\/educacaocomproposito.com.br\/index.php\/wp-json\/wp\/v2\/product\/1254\/revisions\/62047"}],"wp:featuredmedia":[{"embeddable":true,"href":"https:\/\/educacaocomproposito.com.br\/index.php\/wp-json\/wp\/v2\/media\/1205"}],"wp:attachment":[{"href":"https:\/\/educacaocomproposito.com.br\/index.php\/wp-json\/wp\/v2\/media?parent=1254"}],"wp:term":[{"taxonomy":"product_brand","embeddable":true,"href":"https:\/\/educacaocomproposito.com.br\/index.php\/wp-json\/wp\/v2\/product_brand?post=1254"},{"taxonomy":"product_cat","embeddable":true,"href":"https:\/\/educacaocomproposito.com.br\/index.php\/wp-json\/wp\/v2\/product_cat?post=1254"},{"taxonomy":"product_tag","embeddable":true,"href":"https:\/\/educacaocomproposito.com.br\/index.php\/wp-json\/wp\/v2\/product_tag?post=1254"}],"curies":[{"name":"wp","href":"https:\/\/api.w.org\/{rel}","templated":true}]}}