{"id":1325,"date":"2024-09-14T01:09:31","date_gmt":"2024-09-14T04:09:31","guid":{"rendered":"https:\/\/educacaocomproposito.com.br\/?post_type=product&#038;p=1325"},"modified":"2025-08-26T15:37:13","modified_gmt":"2025-08-26T18:37:13","slug":"kit-acolhida-para-professores-cha-e-autocuidado","status":"publish","type":"product","link":"https:\/\/educacaocomproposito.com.br\/index.php\/product\/kit-acolhida-para-professores-cha-e-autocuidado\/","title":{"rendered":"Kit Acolhida para Professores &#8211; Ch\u00e1 e Autocuidado"},"content":{"rendered":"<p><strong>O kit inclui:<\/strong><br \/>&#8211; Painel Tem\u00e1tico: Um painel de aproximadamente 110&#215;78 cm, com o t\u00edtulo &#8220;Encontro Pedag\u00f3gico&#8221;. As figuras laterais, que complementam o tema do ch\u00e1 e autocuidado, est\u00e3o inclu\u00eddas, proporcionando um ambiente visualmente acolhedor e inspirador. O painel \u00e9 composto por 24 folhas A4, f\u00e1ceis de montar. Al\u00e9m disso, o painel cont\u00e9m QR codes que, ao serem escaneados, revelam mensagens acolhedoras e inspiradoras, incentivando o autocuidado e a reflex\u00e3o.<br \/>&#8211; Tags Personalizadas para Ch\u00e1: Frases inspiradoras de autocuidado que acompanham as tags de ch\u00e1, incentivando momentos de pausa e reflex\u00e3o durante os encontros (4 unidades por folha A4).<br \/>&#8211; Texto Reflexivo: Um texto breve e emocionante que refor\u00e7a a import\u00e2ncia do autocuidado no dia a dia, perfeito para iniciar a conversa e criar um ambiente de apoio m\u00fatuo.<\/p>\n<p><strong>Detalhes T\u00e9cnicos:<\/strong><br \/>Arquivo 100% digital, pronto para impress\u00e3o. N\u00c3O ENVIAMOS PELOS CORREIOS.<\/p>\n<p><strong>\ud83d\udce5 Como acessar seu arquivo<br \/>Ap\u00f3s a confirma\u00e7\u00e3o do pagamento, voc\u00ea poder\u00e1 baixar o seu produto de tr\u00eas formas pr\u00e1ticas:<br \/><\/strong>1\ufe0f\u20e3 Via e-mail<br \/>Voc\u00ea receber\u00e1 um e-mail com o t\u00edtulo \u201cSeu arquivo chegou\u201d.<br \/>Lembre-se de verificar tamb\u00e9m a caixa de Spam\/Lixo eletr\u00f4nico.<br \/>Para baixar, clique em todos os t\u00edtulos destacados e sublinhados na se\u00e7\u00e3o de Downloads.<br \/>2\ufe0f\u20e3 Via WhatsApp<br \/>Voc\u00ea receber\u00e1 uma mensagem autom\u00e1tica em seu WhatsApp.<br \/>Para receber o arquivo por l\u00e1, basta clicar no bot\u00e3o: \u201cRECEBER meu pedido aqui\u201d.<br \/>3\ufe0f\u20e3 Na sua \u00c1rea do Cliente (site)<br \/>Clique nas tr\u00eas linhas no canto superior esquerdo.<br \/>Acesse Minha Conta &gt; Downloads.<br \/>Baixe diretamente todos os produtos adquiridos.<br \/><strong>\ud83d\udccc Qualquer d\u00favida, nosso suporte est\u00e1 \u00e0 disposi\u00e7\u00e3o:<br \/>(11) 94050-7483.<\/strong><\/p>\n","protected":false},"excerpt":{"rendered":"<p>Transforme seus encontros pedag\u00f3gicos em momentos de acolhimento e reflex\u00e3o com o nosso Kit de Acolhida &#8211; Ch\u00e1 e Autocuidado. Este kit foi cuidadosamente elaborado para promover bem-estar e conex\u00e3o entre educadores, trazendo o tema do autocuidado em destaque<\/p>\n","protected":false},"featured_media":1331,"comment_status":"open","ping_status":"closed","template":"","meta":{"bwfblock_default_font":"","_uf_show_specific_survey":0,"_uf_disable_surveys":false},"product_brand":[],"product_cat":[38],"product_tag":[70],"class_list":{"0":"post-1325","1":"product","2":"type-product","3":"status-publish","4":"has-post-thumbnail","6":"product_cat-coordenacao-pedagogica","7":"product_tag-coordenacao-pedagogica","9":"first","10":"instock","11":"sale","12":"downloadable","13":"virtual","14":"sold-individually","15":"purchasable","16":"product-type-simple"},"aioseo_notices":[],"_links":{"self":[{"href":"https:\/\/educacaocomproposito.com.br\/index.php\/wp-json\/wp\/v2\/product\/1325","targetHints":{"allow":["GET"]}}],"collection":[{"href":"https:\/\/educacaocomproposito.com.br\/index.php\/wp-json\/wp\/v2\/product"}],"about":[{"href":"https:\/\/educacaocomproposito.com.br\/index.php\/wp-json\/wp\/v2\/types\/product"}],"replies":[{"embeddable":true,"href":"https:\/\/educacaocomproposito.com.br\/index.php\/wp-json\/wp\/v2\/comments?post=1325"}],"version-history":[{"count":2,"href":"https:\/\/educacaocomproposito.com.br\/index.php\/wp-json\/wp\/v2\/product\/1325\/revisions"}],"predecessor-version":[{"id":62043,"href":"https:\/\/educacaocomproposito.com.br\/index.php\/wp-json\/wp\/v2\/product\/1325\/revisions\/62043"}],"wp:featuredmedia":[{"embeddable":true,"href":"https:\/\/educacaocomproposito.com.br\/index.php\/wp-json\/wp\/v2\/media\/1331"}],"wp:attachment":[{"href":"https:\/\/educacaocomproposito.com.br\/index.php\/wp-json\/wp\/v2\/media?parent=1325"}],"wp:term":[{"taxonomy":"product_brand","embeddable":true,"href":"https:\/\/educacaocomproposito.com.br\/index.php\/wp-json\/wp\/v2\/product_brand?post=1325"},{"taxonomy":"product_cat","embeddable":true,"href":"https:\/\/educacaocomproposito.com.br\/index.php\/wp-json\/wp\/v2\/product_cat?post=1325"},{"taxonomy":"product_tag","embeddable":true,"href":"https:\/\/educacaocomproposito.com.br\/index.php\/wp-json\/wp\/v2\/product_tag?post=1325"}],"curies":[{"name":"wp","href":"https:\/\/api.w.org\/{rel}","templated":true}]}}