{"id":1348,"date":"2024-09-14T01:33:46","date_gmt":"2024-09-14T04:33:46","guid":{"rendered":"https:\/\/educacaocomproposito.com.br\/?post_type=product&#038;p=1348"},"modified":"2025-11-25T12:12:18","modified_gmt":"2025-11-25T15:12:18","slug":"kit-acolhida-para-professores-cafe-com-proposito","status":"publish","type":"product","link":"https:\/\/educacaocomproposito.com.br\/index.php\/product\/kit-acolhida-para-professores-cafe-com-proposito\/","title":{"rendered":"Kit Acolhida para Professores &#8211; Caf\u00e9 com Prop\u00f3sito"},"content":{"rendered":"<p><strong>O kit inclui:<\/strong><br \/>&#8211; Painel Tem\u00e1tico: Um painel de aproximadamente 110&#215;78 cm, com o t\u00edtulo &#8220;Caf\u00e9 com Prop\u00f3sito&#8221;. As figuras laterais, que complementam o tema do caf\u00e9 e prop\u00f3sito, est\u00e3o inclu\u00eddas, proporcionando um ambiente visualmente acolhedor e inspirador. O painel \u00e9 composto por 27 folhas A4, f\u00e1ceis de montar. Al\u00e9m disso, o painel cont\u00e9m frases de importantes figuras como: Paulo Freire, Nelson Mandela, Augusto Cury entre outros.<br \/>&#8211; Tags Personalizadas para Caf\u00e9 Sol\u00favel: 2 modelos dispon\u00edveis, com QR-Code com texto reflexivo e sem QR-code. (2 unidades por folha A4).<br \/>&#8211; Din\u00e2mica: Caf\u00e9 com Conex\u00f5es, com todo material de apoio incluso e instru\u00e7\u00f5es para ser aplicada.<\/p>\n<p><strong>Detalhes T\u00e9cnicos:<br \/><\/strong>\ud83d\udcc2 Arquivo em PDF pronto para impress\u00e3o, 100% digital. N\u00e3o Edit\u00e1vel.<br \/>\u26a0\ufe0f N\u00e3o enviamos pelos CORREIOS.<br \/>\u26a0\ufe0f Aten\u00e7\u00e3o: Este produto n\u00e3o \u00e9 clipart e n\u00e3o disponibilizamos a arte aberta. O material \u00e9 fornecido exclusivamente em arquivos PDF. Uso pessoal, proibida a venda e revenda do material f\u00edsico ou digital.<\/p>\n<p><strong>\ud83d\udce5 Como acessar seu arquivo<br \/>Ap\u00f3s a confirma\u00e7\u00e3o do pagamento, voc\u00ea poder\u00e1 baixar o seu produto de tr\u00eas formas pr\u00e1ticas:<br \/><\/strong>1\ufe0f\u20e3 Via e-mail<br \/>Voc\u00ea receber\u00e1 um e-mail com o t\u00edtulo \u201cSeu arquivo chegou\u201d.<br \/>Lembre-se de verificar tamb\u00e9m a caixa de Spam\/Lixo eletr\u00f4nico.<br \/>Para baixar, clique em todos os t\u00edtulos destacados e sublinhados na se\u00e7\u00e3o de Downloads.<br \/>2\ufe0f\u20e3 Via WhatsApp<br \/>Voc\u00ea receber\u00e1 uma mensagem autom\u00e1tica em seu WhatsApp.<br \/>Para receber o arquivo por l\u00e1, basta clicar no bot\u00e3o: \u201cRECEBER meu pedido aqui\u201d.<br \/>3\ufe0f\u20e3 Na sua \u00c1rea do Cliente (site)<br \/>Clique nas tr\u00eas linhas no canto superior esquerdo.<br \/>Acesse Minha Conta &gt; Downloads.<br \/>Baixe diretamente todos os produtos adquiridos.<br \/><strong>\ud83d\udccc Qualquer d\u00favida, nosso suporte est\u00e1 \u00e0 disposi\u00e7\u00e3o:<br \/>(11) 94050-7483.<\/strong><\/p>\n","protected":false},"excerpt":{"rendered":"<p>Transforme seus encontros pedag\u00f3gicos em momentos de acolhimento e reflex\u00e3o com o nosso Kit de Acolhida &#8211; Caf\u00e9 com Prop\u00f3sito. Este kit foi cuidadosamente elaborado para promover bem-estar e conex\u00e3o entre educadores, trazendo o tema do caf\u00e9 e prop\u00f3sito em destaque.<\/p>\n","protected":false},"featured_media":1327,"comment_status":"open","ping_status":"closed","template":"","meta":{"bwfblock_default_font":"","_uf_show_specific_survey":0,"_uf_disable_surveys":false},"product_brand":[],"product_cat":[38],"product_tag":[70,86],"class_list":{"0":"post-1348","1":"product","2":"type-product","3":"status-publish","4":"has-post-thumbnail","6":"product_cat-coordenacao-pedagogica","7":"product_tag-coordenacao-pedagogica","8":"product_tag-gestao-escolar","10":"first","11":"instock","12":"sale","13":"downloadable","14":"virtual","15":"sold-individually","16":"purchasable","17":"product-type-simple"},"aioseo_notices":[],"_links":{"self":[{"href":"https:\/\/educacaocomproposito.com.br\/index.php\/wp-json\/wp\/v2\/product\/1348","targetHints":{"allow":["GET"]}}],"collection":[{"href":"https:\/\/educacaocomproposito.com.br\/index.php\/wp-json\/wp\/v2\/product"}],"about":[{"href":"https:\/\/educacaocomproposito.com.br\/index.php\/wp-json\/wp\/v2\/types\/product"}],"replies":[{"embeddable":true,"href":"https:\/\/educacaocomproposito.com.br\/index.php\/wp-json\/wp\/v2\/comments?post=1348"}],"version-history":[{"count":3,"href":"https:\/\/educacaocomproposito.com.br\/index.php\/wp-json\/wp\/v2\/product\/1348\/revisions"}],"predecessor-version":[{"id":62041,"href":"https:\/\/educacaocomproposito.com.br\/index.php\/wp-json\/wp\/v2\/product\/1348\/revisions\/62041"}],"wp:featuredmedia":[{"embeddable":true,"href":"https:\/\/educacaocomproposito.com.br\/index.php\/wp-json\/wp\/v2\/media\/1327"}],"wp:attachment":[{"href":"https:\/\/educacaocomproposito.com.br\/index.php\/wp-json\/wp\/v2\/media?parent=1348"}],"wp:term":[{"taxonomy":"product_brand","embeddable":true,"href":"https:\/\/educacaocomproposito.com.br\/index.php\/wp-json\/wp\/v2\/product_brand?post=1348"},{"taxonomy":"product_cat","embeddable":true,"href":"https:\/\/educacaocomproposito.com.br\/index.php\/wp-json\/wp\/v2\/product_cat?post=1348"},{"taxonomy":"product_tag","embeddable":true,"href":"https:\/\/educacaocomproposito.com.br\/index.php\/wp-json\/wp\/v2\/product_tag?post=1348"}],"curies":[{"name":"wp","href":"https:\/\/api.w.org\/{rel}","templated":true}]}}