{"id":1353,"date":"2024-09-14T01:43:12","date_gmt":"2024-09-14T04:43:12","guid":{"rendered":"https:\/\/educacaocomproposito.com.br\/?post_type=product&#038;p=1353"},"modified":"2025-08-26T15:28:10","modified_gmt":"2025-08-26T18:28:10","slug":"kit-setembro-verde","status":"publish","type":"product","link":"https:\/\/educacaocomproposito.com.br\/index.php\/product\/kit-setembro-verde\/","title":{"rendered":"Kit &#8211; Setembro Verde"},"content":{"rendered":"\n<p><strong>O kit inclui:<\/strong><br>&#8211; Painel tem\u00e1tico, com medida aprox. de 110x78cm para decorar e refor\u00e7ar a mensagem da inclus\u00e3o.<br>&#8211; Tag para bis e tag para pirulito, personalizadas para pequenos gestos que fazem a diferen\u00e7a.<br>&#8211; Cart\u00e3ozinho pequeno, com o mesmo design do painel, perfeito para refor\u00e7ar a mensagem.<br>&#8211; Din\u00e2mica \u201cVivendo a Inclus\u00e3o\u201d, uma atividade pr\u00e1tica e reflexiva que estimula o entendimento e viv\u00eancia da inclus\u00e3o, adaptada para diferentes faixas et\u00e1rias.<\/p>\n\n\n\n<p><strong>Detalhes T\u00e9cnicos:<\/strong><br>Arquivo 100% digital, pronto para impress\u00e3o. N\u00c3O ENVIAMOS PELOS CORREIOS.<\/p>\n\n\n\n<p><strong>\ud83d\udce5 Como acessar seu arquivo<br>Ap\u00f3s a confirma\u00e7\u00e3o do pagamento, voc\u00ea poder\u00e1 baixar o seu produto de tr\u00eas formas pr\u00e1ticas:<br><\/strong>1\ufe0f\u20e3 Via e-mail<br>Voc\u00ea receber\u00e1 um e-mail com o t\u00edtulo \u201cSeu arquivo chegou\u201d.<br>Lembre-se de verificar tamb\u00e9m a caixa de Spam\/Lixo eletr\u00f4nico.<br>Para baixar, clique em todos os t\u00edtulos destacados e sublinhados na se\u00e7\u00e3o de Downloads.<br>2\ufe0f\u20e3 Via WhatsApp<br>Voc\u00ea receber\u00e1 uma mensagem autom\u00e1tica em seu WhatsApp.<br>Para receber o arquivo por l\u00e1, basta clicar no bot\u00e3o: \u201cRECEBER meu pedido aqui\u201d.<br>3\ufe0f\u20e3 Na sua \u00c1rea do Cliente (site)<br>Clique nas tr\u00eas linhas no canto superior esquerdo.<br>Acesse Minha Conta &gt; Downloads.<br>Baixe diretamente todos os produtos adquiridos.<br><strong>\ud83d\udccc Qualquer d\u00favida, nosso suporte est\u00e1 \u00e0 disposi\u00e7\u00e3o:<br>(11) 94050-7483.<\/strong><\/p>\n","protected":false},"excerpt":{"rendered":"<p>Celebre a Inclus\u00e3o com o Kit Setembro Verde, desenvolvido especialmente para trabalhar a conscientiza\u00e7\u00e3o sobre a import\u00e2ncia da inclus\u00e3o nas escolas. Ideal para Ensino Fundamental I ao Ensino M\u00e9dio, o kit inclui materiais interativos e criativos que ir\u00e3o engajar alunos e professores.<\/p>\n","protected":false},"featured_media":1326,"comment_status":"open","ping_status":"closed","template":"","meta":{"bwfblock_default_font":"","_uf_show_specific_survey":0,"_uf_disable_surveys":false},"product_brand":[],"product_cat":[37,44],"product_tag":[],"class_list":{"0":"post-1353","1":"product","2":"type-product","3":"status-publish","4":"has-post-thumbnail","6":"product_cat-datas-comemorativas","7":"product_cat-inclusao","9":"first","10":"instock","11":"sale","12":"downloadable","13":"virtual","14":"sold-individually","15":"purchasable","16":"product-type-simple"},"aioseo_notices":[],"_links":{"self":[{"href":"https:\/\/educacaocomproposito.com.br\/index.php\/wp-json\/wp\/v2\/product\/1353","targetHints":{"allow":["GET"]}}],"collection":[{"href":"https:\/\/educacaocomproposito.com.br\/index.php\/wp-json\/wp\/v2\/product"}],"about":[{"href":"https:\/\/educacaocomproposito.com.br\/index.php\/wp-json\/wp\/v2\/types\/product"}],"replies":[{"embeddable":true,"href":"https:\/\/educacaocomproposito.com.br\/index.php\/wp-json\/wp\/v2\/comments?post=1353"}],"version-history":[{"count":3,"href":"https:\/\/educacaocomproposito.com.br\/index.php\/wp-json\/wp\/v2\/product\/1353\/revisions"}],"predecessor-version":[{"id":62039,"href":"https:\/\/educacaocomproposito.com.br\/index.php\/wp-json\/wp\/v2\/product\/1353\/revisions\/62039"}],"wp:featuredmedia":[{"embeddable":true,"href":"https:\/\/educacaocomproposito.com.br\/index.php\/wp-json\/wp\/v2\/media\/1326"}],"wp:attachment":[{"href":"https:\/\/educacaocomproposito.com.br\/index.php\/wp-json\/wp\/v2\/media?parent=1353"}],"wp:term":[{"taxonomy":"product_brand","embeddable":true,"href":"https:\/\/educacaocomproposito.com.br\/index.php\/wp-json\/wp\/v2\/product_brand?post=1353"},{"taxonomy":"product_cat","embeddable":true,"href":"https:\/\/educacaocomproposito.com.br\/index.php\/wp-json\/wp\/v2\/product_cat?post=1353"},{"taxonomy":"product_tag","embeddable":true,"href":"https:\/\/educacaocomproposito.com.br\/index.php\/wp-json\/wp\/v2\/product_tag?post=1353"}],"curies":[{"name":"wp","href":"https:\/\/api.w.org\/{rel}","templated":true}]}}