{"id":14044,"date":"2025-01-26T11:43:18","date_gmt":"2025-01-26T14:43:18","guid":{"rendered":"https:\/\/educacaocomproposito.com.br\/?post_type=product&#038;p=14044"},"modified":"2025-08-26T14:48:25","modified_gmt":"2025-08-26T17:48:25","slug":"kit-digital-de-volta-as-aulas-fundamental-ii-e-ensino-medio","status":"publish","type":"product","link":"https:\/\/educacaocomproposito.com.br\/index.php\/product\/kit-digital-de-volta-as-aulas-fundamental-ii-e-ensino-medio\/","title":{"rendered":"Kit Digital de Volta \u00e0s Aulas \u2013 Fundamental II e Ensino M\u00e9dio"},"content":{"rendered":"<p><strong>O que voc\u00ea encontrar\u00e1 no kit:<\/strong><br \/><strong>Painel Tem\u00e1tico (40 p\u00e1ginas A4, configura\u00e7\u00e3o retrato):<\/strong> ideal para personalizar murais e espa\u00e7os escolares.<br \/><strong>Dimens\u00f5es aproximadas: 220&#215;91 cm<\/strong>). <br \/><strong>3 Modelos de Lembrancinhas:<\/strong> op\u00e7\u00f5es pr\u00e1ticas e criativas para marcar esse momento especial.<br \/><strong>Tag para Bala, Pirulito e L\u00e1pis ou Caneta:<\/strong> detalhes que encantam e tornam o ambiente mais acolhedor.<br \/><strong>Aten\u00e7\u00e3o:<\/strong> Arquivos prontos para impress\u00e3o.<strong> N\u00e3o edit\u00e1veis.<\/strong><\/p>\n<p><strong>Detalhes T\u00e9cnicos:<\/strong><br \/>Arquivo 100% Digital. N\u00c3O ENVIAMOS PELOS CORREIOS.<\/p>\n<p><strong>\ud83d\udce5 Como acessar seu arquivo<br \/>Ap\u00f3s a confirma\u00e7\u00e3o do pagamento, voc\u00ea poder\u00e1 baixar o seu produto de tr\u00eas formas pr\u00e1ticas:<br \/><\/strong>1\ufe0f\u20e3 Via e-mail<br \/>Voc\u00ea receber\u00e1 um e-mail com o t\u00edtulo \u201cSeu arquivo chegou\u201d.<br \/>Lembre-se de verificar tamb\u00e9m a caixa de Spam\/Lixo eletr\u00f4nico.<br \/>Para baixar, clique em todos os t\u00edtulos destacados e sublinhados na se\u00e7\u00e3o de Downloads.<br \/>2\ufe0f\u20e3 Via WhatsApp<br \/>Voc\u00ea receber\u00e1 uma mensagem autom\u00e1tica em seu WhatsApp.<br \/>Para receber o arquivo por l\u00e1, basta clicar no bot\u00e3o: \u201cRECEBER meu pedido aqui\u201d.<br \/>3\ufe0f\u20e3 Na sua \u00c1rea do Cliente (site)<br \/>Clique nas tr\u00eas linhas no canto superior esquerdo.<br \/>Acesse Minha Conta &gt; Downloads.<br \/>Baixe diretamente todos os produtos adquiridos.<br \/><strong>\ud83d\udccc Qualquer d\u00favida, nosso suporte est\u00e1 \u00e0 disposi\u00e7\u00e3o:<br \/>(11) 94050-7483.<\/strong><\/p>\n","protected":false},"excerpt":{"rendered":"<p>Prepare sua escola para receber os alunos com estilo e criatividade! Este <strong>Kit Digital de Volta \u00e0s Aulas<\/strong> foi desenvolvido especialmente para o p\u00fablico adolescente, trazendo elementos tem\u00e1ticos e motivadores que transformar\u00e3o o ambiente escolar.<\/p>\n","protected":false},"featured_media":14055,"comment_status":"open","ping_status":"closed","template":"","meta":{"bwfblock_default_font":"","_uf_show_specific_survey":0,"_uf_disable_surveys":false},"product_brand":[],"product_cat":[71],"product_tag":[52],"class_list":{"0":"post-14044","1":"product","2":"type-product","3":"status-publish","4":"has-post-thumbnail","6":"product_cat-volta-as-aulas","7":"product_tag-volta-as-aulas","9":"first","10":"instock","11":"sale","12":"downloadable","13":"virtual","14":"sold-individually","15":"taxable","16":"purchasable","17":"product-type-simple"},"aioseo_notices":[],"_links":{"self":[{"href":"https:\/\/educacaocomproposito.com.br\/index.php\/wp-json\/wp\/v2\/product\/14044","targetHints":{"allow":["GET"]}}],"collection":[{"href":"https:\/\/educacaocomproposito.com.br\/index.php\/wp-json\/wp\/v2\/product"}],"about":[{"href":"https:\/\/educacaocomproposito.com.br\/index.php\/wp-json\/wp\/v2\/types\/product"}],"replies":[{"embeddable":true,"href":"https:\/\/educacaocomproposito.com.br\/index.php\/wp-json\/wp\/v2\/comments?post=14044"}],"version-history":[{"count":2,"href":"https:\/\/educacaocomproposito.com.br\/index.php\/wp-json\/wp\/v2\/product\/14044\/revisions"}],"predecessor-version":[{"id":61982,"href":"https:\/\/educacaocomproposito.com.br\/index.php\/wp-json\/wp\/v2\/product\/14044\/revisions\/61982"}],"wp:featuredmedia":[{"embeddable":true,"href":"https:\/\/educacaocomproposito.com.br\/index.php\/wp-json\/wp\/v2\/media\/14055"}],"wp:attachment":[{"href":"https:\/\/educacaocomproposito.com.br\/index.php\/wp-json\/wp\/v2\/media?parent=14044"}],"wp:term":[{"taxonomy":"product_brand","embeddable":true,"href":"https:\/\/educacaocomproposito.com.br\/index.php\/wp-json\/wp\/v2\/product_brand?post=14044"},{"taxonomy":"product_cat","embeddable":true,"href":"https:\/\/educacaocomproposito.com.br\/index.php\/wp-json\/wp\/v2\/product_cat?post=14044"},{"taxonomy":"product_tag","embeddable":true,"href":"https:\/\/educacaocomproposito.com.br\/index.php\/wp-json\/wp\/v2\/product_tag?post=14044"}],"curies":[{"name":"wp","href":"https:\/\/api.w.org\/{rel}","templated":true}]}}