{"id":1461,"date":"2024-09-16T15:28:58","date_gmt":"2024-09-16T18:28:58","guid":{"rendered":"https:\/\/educacaocomproposito.com.br\/?post_type=product&#038;p=1461"},"modified":"2025-08-26T15:25:54","modified_gmt":"2025-08-26T18:25:54","slug":"kit-dia-dos-professores-2024","status":"publish","type":"product","link":"https:\/\/educacaocomproposito.com.br\/index.php\/product\/kit-dia-dos-professores-2024\/","title":{"rendered":"Kit &#8211; Dia dos Professores 2024"},"content":{"rendered":"<p><strong>O kit inclui:<\/strong><br \/>&#8211; Painel Tem\u00e1tico: Composto por 18 folhas A4, j\u00e1 ampliado, enumerado e com marca\u00e7\u00f5es para corte, o painel traz ilustra\u00e7\u00f5es que podem ser personalizadas com fotos dos professores da institui\u00e7\u00e3o. A edi\u00e7\u00e3o das fotos pode ser feita facilmente no Canva, tanto na vers\u00e3o paga quanto gratuita, e inclui um tutorial para orientar o processo.<br \/>&#8211; Caixa da Raspadinha Pedag\u00f3gica: Um toque divertido com frases ic\u00f4nicas do ambiente escolar, a &#8220;P\u00e9rolas da Sala de Aula&#8221; traz 36 frases ditas e ouvidas pelos professores, criando momentos de descontra\u00e7\u00e3o e identifica\u00e7\u00e3o.<br \/>Lembrancinhas especiais:<br \/>&#8211; Caixa Envelope Personalizada: Um design exclusivo para presentear com KitKat ou itens de papelaria como post-it e mini marca texto.<br \/>&#8211; Tag Personalizada para Caneta: Um toque \u00fanico para aquele presente essencial.<br \/>&#8211; Sacolinha Personalizada: Perfeita para doces ou itens de papelaria, com um design exclusivo.<br \/>&#8211; Tag para Barra de Chocolate: Um detalhe especial com design \u00fanico para dar um toque doce e significativo.<\/p>\n<p><strong>Detalhes T\u00e9cnicos:<\/strong><br \/>Arquivo 100% digital, pronto para impress\u00e3o. N\u00c3O ENVIAMOS PELOS CORREIOS.<\/p>\n<p><strong>\ud83d\udce5 Como acessar seu arquivo<br \/>Ap\u00f3s a confirma\u00e7\u00e3o do pagamento, voc\u00ea poder\u00e1 baixar o seu produto de tr\u00eas formas pr\u00e1ticas:<br \/><\/strong>1\ufe0f\u20e3 Via e-mail<br \/>Voc\u00ea receber\u00e1 um e-mail com o t\u00edtulo \u201cSeu arquivo chegou\u201d.<br \/>Lembre-se de verificar tamb\u00e9m a caixa de Spam\/Lixo eletr\u00f4nico.<br \/>Para baixar, clique em todos os t\u00edtulos destacados e sublinhados na se\u00e7\u00e3o de Downloads.<br \/>2\ufe0f\u20e3 Via WhatsApp<br \/>Voc\u00ea receber\u00e1 uma mensagem autom\u00e1tica em seu WhatsApp.<br \/>Para receber o arquivo por l\u00e1, basta clicar no bot\u00e3o: \u201cRECEBER meu pedido aqui\u201d.<br \/>3\ufe0f\u20e3 Na sua \u00c1rea do Cliente (site)<br \/>Clique nas tr\u00eas linhas no canto superior esquerdo.<br \/>Acesse Minha Conta &gt; Downloads.<br \/>Baixe diretamente todos os produtos adquiridos.<br \/><strong>\ud83d\udccc Qualquer d\u00favida, nosso suporte est\u00e1 \u00e0 disposi\u00e7\u00e3o:<br \/>(11) 94050-7483.<\/strong><\/p>\n","protected":false},"excerpt":{"rendered":"<p>Este kit foi criado especialmente para celebrar o Dia dos Professores de forma significativa e criativa! Totalmente digital e pronto para impress\u00e3o em folha A4, usando qualquer impressora convencional, ele oferece um toque personalizado e especial para sua escola.<\/p>\n","protected":false},"featured_media":1472,"comment_status":"open","ping_status":"closed","template":"","meta":{"bwfblock_default_font":"","_uf_show_specific_survey":0,"_uf_disable_surveys":false},"product_brand":[],"product_cat":[38,37],"product_tag":[39],"class_list":{"0":"post-1461","1":"product","2":"type-product","3":"status-publish","4":"has-post-thumbnail","6":"product_cat-coordenacao-pedagogica","7":"product_cat-datas-comemorativas","8":"product_tag-dia-dos-professores","10":"first","11":"instock","12":"sale","13":"downloadable","14":"virtual","15":"sold-individually","16":"purchasable","17":"product-type-simple"},"aioseo_notices":[],"_links":{"self":[{"href":"https:\/\/educacaocomproposito.com.br\/index.php\/wp-json\/wp\/v2\/product\/1461","targetHints":{"allow":["GET"]}}],"collection":[{"href":"https:\/\/educacaocomproposito.com.br\/index.php\/wp-json\/wp\/v2\/product"}],"about":[{"href":"https:\/\/educacaocomproposito.com.br\/index.php\/wp-json\/wp\/v2\/types\/product"}],"replies":[{"embeddable":true,"href":"https:\/\/educacaocomproposito.com.br\/index.php\/wp-json\/wp\/v2\/comments?post=1461"}],"version-history":[{"count":2,"href":"https:\/\/educacaocomproposito.com.br\/index.php\/wp-json\/wp\/v2\/product\/1461\/revisions"}],"predecessor-version":[{"id":62037,"href":"https:\/\/educacaocomproposito.com.br\/index.php\/wp-json\/wp\/v2\/product\/1461\/revisions\/62037"}],"wp:featuredmedia":[{"embeddable":true,"href":"https:\/\/educacaocomproposito.com.br\/index.php\/wp-json\/wp\/v2\/media\/1472"}],"wp:attachment":[{"href":"https:\/\/educacaocomproposito.com.br\/index.php\/wp-json\/wp\/v2\/media?parent=1461"}],"wp:term":[{"taxonomy":"product_brand","embeddable":true,"href":"https:\/\/educacaocomproposito.com.br\/index.php\/wp-json\/wp\/v2\/product_brand?post=1461"},{"taxonomy":"product_cat","embeddable":true,"href":"https:\/\/educacaocomproposito.com.br\/index.php\/wp-json\/wp\/v2\/product_cat?post=1461"},{"taxonomy":"product_tag","embeddable":true,"href":"https:\/\/educacaocomproposito.com.br\/index.php\/wp-json\/wp\/v2\/product_tag?post=1461"}],"curies":[{"name":"wp","href":"https:\/\/api.w.org\/{rel}","templated":true}]}}