{"id":1561,"date":"2024-09-26T16:28:47","date_gmt":"2024-09-26T19:28:47","guid":{"rendered":"https:\/\/educacaocomproposito.com.br\/?post_type=product&#038;p=1561"},"modified":"2025-08-26T15:23:06","modified_gmt":"2025-08-26T18:23:06","slug":"kit-reuniao-de-pais-divertidamente","status":"publish","type":"product","link":"https:\/\/educacaocomproposito.com.br\/index.php\/product\/kit-reuniao-de-pais-divertidamente\/","title":{"rendered":"Kit &#8211; Reuni\u00e3o de Pais (Divertidamente)"},"content":{"rendered":"<p><strong>O Kit inclui:<\/strong><br \/>&#8211; <strong>Painel Grande: <\/strong>Com dimens\u00f5es de 1,10 x 78 cm, este painel apresenta 24 p\u00e1ginas no formato A4. Ideal para exibi\u00e7\u00e3o em um local central, oferece uma vis\u00e3o completa e encantadora do tema.<br \/><strong>&#8211; Painel Pequeno:<\/strong> Com dimens\u00f5es de 56,5&#215;40 cm, este painel apresenta 9 p\u00e1ginas no formato A4.Perfeito para ser colocado em locais alternativos ou na sala de aula, este painel compacto refor\u00e7a a mensagem central de maneira acess\u00edvel e pr\u00e1tica.<br \/><strong>Lembrancinhas: <\/strong>Inclui TAGs personalizadas para bis e caixinhas de rem\u00e9dio com a tem\u00e1tica dos personagens do filme, 10 modelos, sob o t\u00edtulo &#8220;Para Quem Cuida de Mim&#8221;. Cada item \u00e9 projetado para trazer um toque especial e divertido \u00e0 reuni\u00e3o.<br \/><strong>Din\u00e2mica: <\/strong>&#8220;Entendendo as emo\u00e7\u00f5es e Fortalecendo La\u00e7os&#8221; \u00e9 uma din\u00e2mica interativa com material de apoio incluso, criada para promover a reflex\u00e3o e o fortalecimento das rela\u00e7\u00f5es entre pais e escola, incentivando a colabora\u00e7\u00e3o e a comunica\u00e7\u00e3o.<\/p>\n<p>Detalhes T\u00e9cnicos:<br \/>Arquivo 100% digital, pronto para impress\u00e3o. N\u00c3O ENVIAMOS PELOS CORREIOS.<\/p>\n<p><strong>\ud83d\udce5 Como acessar seu arquivo<br \/>Ap\u00f3s a confirma\u00e7\u00e3o do pagamento, voc\u00ea poder\u00e1 baixar o seu produto de tr\u00eas formas pr\u00e1ticas:<br \/><\/strong>1\ufe0f\u20e3 Via e-mail<br \/>Voc\u00ea receber\u00e1 um e-mail com o t\u00edtulo \u201cSeu arquivo chegou\u201d.<br \/>Lembre-se de verificar tamb\u00e9m a caixa de Spam\/Lixo eletr\u00f4nico.<br \/>Para baixar, clique em todos os t\u00edtulos destacados e sublinhados na se\u00e7\u00e3o de Downloads.<br \/>2\ufe0f\u20e3 Via WhatsApp<br \/>Voc\u00ea receber\u00e1 uma mensagem autom\u00e1tica em seu WhatsApp.<br \/>Para receber o arquivo por l\u00e1, basta clicar no bot\u00e3o: \u201cRECEBER meu pedido aqui\u201d.<br \/>3\ufe0f\u20e3 Na sua \u00c1rea do Cliente (site)<br \/>Clique nas tr\u00eas linhas no canto superior esquerdo.<br \/>Acesse Minha Conta &gt; Downloads.<br \/>Baixe diretamente todos os produtos adquiridos.<br \/><strong>\ud83d\udccc Qualquer d\u00favida, nosso suporte est\u00e1 \u00e0 disposi\u00e7\u00e3o:<br \/>(11) 94050-7483.<\/strong><\/p>\n","protected":false},"excerpt":{"rendered":"<p>Transforme sua reuni\u00e3o de pais em um evento memor\u00e1vel e envolvente com o nosso Kit &#8220;Reuni\u00e3o de Pais &#8211; Divertidamente&#8221;. Este kit foi cuidadosamente elaborado para criar um ambiente acolhedor e interativo, aproveitando a tem\u00e1tica do filme &#8220;Divertidamente&#8221; para refletir sobre as emo\u00e7\u00f5es na cria\u00e7\u00e3o de cria\u00e7\u00e3o de filhos e o papel vital da parceria entre fam\u00edlia e escola.<\/p>\n","protected":false},"featured_media":1563,"comment_status":"open","ping_status":"closed","template":"","meta":{"bwfblock_default_font":"","_uf_show_specific_survey":0,"_uf_disable_surveys":false},"product_brand":[],"product_cat":[38,42],"product_tag":[43],"class_list":{"0":"post-1561","1":"product","2":"type-product","3":"status-publish","4":"has-post-thumbnail","6":"product_cat-coordenacao-pedagogica","7":"product_cat-reuniao-de-pais","8":"product_tag-reuniao-de-pais","10":"first","11":"instock","12":"sale","13":"downloadable","14":"virtual","15":"sold-individually","16":"taxable","17":"purchasable","18":"product-type-simple"},"aioseo_notices":[],"_links":{"self":[{"href":"https:\/\/educacaocomproposito.com.br\/index.php\/wp-json\/wp\/v2\/product\/1561","targetHints":{"allow":["GET"]}}],"collection":[{"href":"https:\/\/educacaocomproposito.com.br\/index.php\/wp-json\/wp\/v2\/product"}],"about":[{"href":"https:\/\/educacaocomproposito.com.br\/index.php\/wp-json\/wp\/v2\/types\/product"}],"replies":[{"embeddable":true,"href":"https:\/\/educacaocomproposito.com.br\/index.php\/wp-json\/wp\/v2\/comments?post=1561"}],"version-history":[{"count":2,"href":"https:\/\/educacaocomproposito.com.br\/index.php\/wp-json\/wp\/v2\/product\/1561\/revisions"}],"predecessor-version":[{"id":62033,"href":"https:\/\/educacaocomproposito.com.br\/index.php\/wp-json\/wp\/v2\/product\/1561\/revisions\/62033"}],"wp:featuredmedia":[{"embeddable":true,"href":"https:\/\/educacaocomproposito.com.br\/index.php\/wp-json\/wp\/v2\/media\/1563"}],"wp:attachment":[{"href":"https:\/\/educacaocomproposito.com.br\/index.php\/wp-json\/wp\/v2\/media?parent=1561"}],"wp:term":[{"taxonomy":"product_brand","embeddable":true,"href":"https:\/\/educacaocomproposito.com.br\/index.php\/wp-json\/wp\/v2\/product_brand?post=1561"},{"taxonomy":"product_cat","embeddable":true,"href":"https:\/\/educacaocomproposito.com.br\/index.php\/wp-json\/wp\/v2\/product_cat?post=1561"},{"taxonomy":"product_tag","embeddable":true,"href":"https:\/\/educacaocomproposito.com.br\/index.php\/wp-json\/wp\/v2\/product_tag?post=1561"}],"curies":[{"name":"wp","href":"https:\/\/api.w.org\/{rel}","templated":true}]}}