{"id":1582,"date":"2024-09-26T16:45:03","date_gmt":"2024-09-26T19:45:03","guid":{"rendered":"https:\/\/educacaocomproposito.com.br\/?post_type=product&#038;p=1582"},"modified":"2025-08-26T15:21:54","modified_gmt":"2025-08-26T18:21:54","slug":"folheto-informativo-para-reuniao-de-pais-editavel-versao-2-0","status":"publish","type":"product","link":"https:\/\/educacaocomproposito.com.br\/index.php\/product\/folheto-informativo-para-reuniao-de-pais-editavel-versao-2-0\/","title":{"rendered":"Folheto Informativo para Reuni\u00e3o de Pais \/ Edit\u00e1vel &#8211; Vers\u00e3o 2.0"},"content":{"rendered":"<p>Com o <strong>Folheto Informativo<\/strong>, voc\u00ea poder\u00e1 incluir lembretes de datas importantes que os pais precisam ter conhecimento, como eventos escolares, reuni\u00f5es especiais e prazos importantes. Al\u00e9m disso, \u00e9 poss\u00edvel adicionar combinados que contribuem para um ambiente escolar saud\u00e1vel e produtivo, promovendo a colabora\u00e7\u00e3o entre todos os envolvidos na educa\u00e7\u00e3o das crian\u00e7as.<\/p>\n<p>O arquivo<strong> acompanha um v\u00eddeo instrucional<\/strong> que guia passo a passo na edi\u00e7\u00e3o pelo Canva, seja na vers\u00e3o gratuita ou paga. Tamb\u00e9m inclu\u00edmos um<strong> PDF informativo para orientar sobre como salvar o arquivo <\/strong>corretamente e realizar a impress\u00e3o, garantindo que voc\u00ea tenha tudo o que precisa para uma apresenta\u00e7\u00e3o impec\u00e1vel durante as reuni\u00f5es de pais.<\/p>\n<p><strong>Detalhes T\u00e9cnicos:<\/strong><br \/>Arquivo 100% digital, edit\u00e1vel atrav\u00e9s do Canva. N\u00c3O ENVIAMOS PELOS CORREIOS.<\/p>\n<p><strong>\ud83d\udce5 Como acessar seu arquivo<br \/>Ap\u00f3s a confirma\u00e7\u00e3o do pagamento, voc\u00ea poder\u00e1 baixar o seu produto de tr\u00eas formas pr\u00e1ticas:<br \/><\/strong>1\ufe0f\u20e3 Via e-mail<br \/>Voc\u00ea receber\u00e1 um e-mail com o t\u00edtulo \u201cSeu arquivo chegou\u201d.<br \/>Lembre-se de verificar tamb\u00e9m a caixa de Spam\/Lixo eletr\u00f4nico.<br \/>Para baixar, clique em todos os t\u00edtulos destacados e sublinhados na se\u00e7\u00e3o de Downloads.<br \/>2\ufe0f\u20e3 Via WhatsApp<br \/>Voc\u00ea receber\u00e1 uma mensagem autom\u00e1tica em seu WhatsApp.<br \/>Para receber o arquivo por l\u00e1, basta clicar no bot\u00e3o: \u201cRECEBER meu pedido aqui\u201d.<br \/>3\ufe0f\u20e3 Na sua \u00c1rea do Cliente (site)<br \/>Clique nas tr\u00eas linhas no canto superior esquerdo.<br \/>Acesse Minha Conta &gt; Downloads.<br \/>Baixe diretamente todos os produtos adquiridos.<br \/><strong>\ud83d\udccc Qualquer d\u00favida, nosso suporte est\u00e1 \u00e0 disposi\u00e7\u00e3o:<br \/>(11) 94050-7483.<\/strong><\/p>\n","protected":false},"excerpt":{"rendered":"<p>Apresentamos o Folheto Informativo para Reuni\u00f5es de Pais e Respons\u00e1veis, uma ferramenta essencial para fortalecer a comunica\u00e7\u00e3o entre escola e fam\u00edlia. Este folheto \u00e9 totalmente edit\u00e1vel no Canva, oferecendo flexibilidade para adaptar as informa\u00e7\u00f5es de acordo com a realidade da sua turma.<\/p>\n","protected":false},"featured_media":1587,"comment_status":"open","ping_status":"closed","template":"","meta":{"bwfblock_default_font":"","_uf_show_specific_survey":0,"_uf_disable_surveys":false},"product_brand":[],"product_cat":[38,42],"product_tag":[43],"class_list":{"0":"post-1582","1":"product","2":"type-product","3":"status-publish","4":"has-post-thumbnail","6":"product_cat-coordenacao-pedagogica","7":"product_cat-reuniao-de-pais","8":"product_tag-reuniao-de-pais","10":"first","11":"instock","12":"sale","13":"downloadable","14":"virtual","15":"sold-individually","16":"taxable","17":"purchasable","18":"product-type-simple"},"aioseo_notices":[],"_links":{"self":[{"href":"https:\/\/educacaocomproposito.com.br\/index.php\/wp-json\/wp\/v2\/product\/1582","targetHints":{"allow":["GET"]}}],"collection":[{"href":"https:\/\/educacaocomproposito.com.br\/index.php\/wp-json\/wp\/v2\/product"}],"about":[{"href":"https:\/\/educacaocomproposito.com.br\/index.php\/wp-json\/wp\/v2\/types\/product"}],"replies":[{"embeddable":true,"href":"https:\/\/educacaocomproposito.com.br\/index.php\/wp-json\/wp\/v2\/comments?post=1582"}],"version-history":[{"count":3,"href":"https:\/\/educacaocomproposito.com.br\/index.php\/wp-json\/wp\/v2\/product\/1582\/revisions"}],"predecessor-version":[{"id":62032,"href":"https:\/\/educacaocomproposito.com.br\/index.php\/wp-json\/wp\/v2\/product\/1582\/revisions\/62032"}],"wp:featuredmedia":[{"embeddable":true,"href":"https:\/\/educacaocomproposito.com.br\/index.php\/wp-json\/wp\/v2\/media\/1587"}],"wp:attachment":[{"href":"https:\/\/educacaocomproposito.com.br\/index.php\/wp-json\/wp\/v2\/media?parent=1582"}],"wp:term":[{"taxonomy":"product_brand","embeddable":true,"href":"https:\/\/educacaocomproposito.com.br\/index.php\/wp-json\/wp\/v2\/product_brand?post=1582"},{"taxonomy":"product_cat","embeddable":true,"href":"https:\/\/educacaocomproposito.com.br\/index.php\/wp-json\/wp\/v2\/product_cat?post=1582"},{"taxonomy":"product_tag","embeddable":true,"href":"https:\/\/educacaocomproposito.com.br\/index.php\/wp-json\/wp\/v2\/product_tag?post=1582"}],"curies":[{"name":"wp","href":"https:\/\/api.w.org\/{rel}","templated":true}]}}