{"id":1662,"date":"2024-09-27T11:52:36","date_gmt":"2024-09-27T14:52:36","guid":{"rendered":"https:\/\/educacaocomproposito.com.br\/?post_type=product&#038;p=1662"},"modified":"2025-08-26T15:20:27","modified_gmt":"2025-08-26T18:20:27","slug":"decoracao-de-porta-interativa-qr-code-sala-de-professores","status":"publish","type":"product","link":"https:\/\/educacaocomproposito.com.br\/index.php\/product\/decoracao-de-porta-interativa-qr-code-sala-de-professores\/","title":{"rendered":"Decora\u00e7\u00e3o de Porta Interativa (QR-CODE) &#8211; Sala de Professores"},"content":{"rendered":"<p><strong>Facilidade de Uso: <\/strong>Basta imprimir, recortar e decorar.<br \/><strong>Interatividade: <\/strong>Frases motivacionais acess\u00edveis por QR-CODE, promovendo momentos de reflex\u00e3o e motiva\u00e7\u00e3o.<br \/><strong>Customiza\u00e7\u00e3o:<\/strong> Perfeito para personalizar a sala dos professores com um toque moderno e inspirador.<\/p>\n<p><strong>Especifica\u00e7\u00f5es: <\/strong><br \/><strong>Quantidade de P\u00e1ginas:<\/strong> 25 p\u00e1ginas.<br \/><strong>Frases Motivacionais: <\/strong>12 frases cuidadosamente selecionadas para inspirar e motivar, atrav\u00e9s do QR-code.<\/p>\n<p><strong>Detalhes T\u00e9cnicos:<\/strong><br \/>Arquivo 100% digital, pronto para impress\u00e3o. N\u00c3O ENVIAMOS PELOS CORREIOS.<\/p>\n<p><strong>\ud83d\udce5 Como acessar seu arquivo<br \/>Ap\u00f3s a confirma\u00e7\u00e3o do pagamento, voc\u00ea poder\u00e1 baixar o seu produto de tr\u00eas formas pr\u00e1ticas:<br \/><\/strong>1\ufe0f\u20e3 Via e-mail<br \/>Voc\u00ea receber\u00e1 um e-mail com o t\u00edtulo \u201cSeu arquivo chegou\u201d.<br \/>Lembre-se de verificar tamb\u00e9m a caixa de Spam\/Lixo eletr\u00f4nico.<br \/>Para baixar, clique em todos os t\u00edtulos destacados e sublinhados na se\u00e7\u00e3o de Downloads.<br \/>2\ufe0f\u20e3 Via WhatsApp<br \/>Voc\u00ea receber\u00e1 uma mensagem autom\u00e1tica em seu WhatsApp.<br \/>Para receber o arquivo por l\u00e1, basta clicar no bot\u00e3o: \u201cRECEBER meu pedido aqui\u201d.<br \/>3\ufe0f\u20e3 Na sua \u00c1rea do Cliente (site)<br \/>Clique nas tr\u00eas linhas no canto superior esquerdo.<br \/>Acesse Minha Conta &gt; Downloads.<br \/>Baixe diretamente todos os produtos adquiridos.<br \/><strong>\ud83d\udccc Qualquer d\u00favida, nosso suporte est\u00e1 \u00e0 disposi\u00e7\u00e3o:<br \/>(11) 94050-7483.<\/strong><\/p>\n","protected":false},"excerpt":{"rendered":"<p>Transforme a sala dos professores com nossa inovadora Decora\u00e7\u00e3o de Porta Interativa!<\/p>\n","protected":false},"featured_media":1669,"comment_status":"open","ping_status":"closed","template":"","meta":{"bwfblock_default_font":"","_uf_show_specific_survey":0,"_uf_disable_surveys":false},"product_brand":[],"product_cat":[38],"product_tag":[],"class_list":{"0":"post-1662","1":"product","2":"type-product","3":"status-publish","4":"has-post-thumbnail","6":"product_cat-coordenacao-pedagogica","8":"first","9":"instock","10":"sale","11":"downloadable","12":"virtual","13":"sold-individually","14":"taxable","15":"purchasable","16":"product-type-simple"},"aioseo_notices":[],"_links":{"self":[{"href":"https:\/\/educacaocomproposito.com.br\/index.php\/wp-json\/wp\/v2\/product\/1662","targetHints":{"allow":["GET"]}}],"collection":[{"href":"https:\/\/educacaocomproposito.com.br\/index.php\/wp-json\/wp\/v2\/product"}],"about":[{"href":"https:\/\/educacaocomproposito.com.br\/index.php\/wp-json\/wp\/v2\/types\/product"}],"replies":[{"embeddable":true,"href":"https:\/\/educacaocomproposito.com.br\/index.php\/wp-json\/wp\/v2\/comments?post=1662"}],"version-history":[{"count":2,"href":"https:\/\/educacaocomproposito.com.br\/index.php\/wp-json\/wp\/v2\/product\/1662\/revisions"}],"predecessor-version":[{"id":62029,"href":"https:\/\/educacaocomproposito.com.br\/index.php\/wp-json\/wp\/v2\/product\/1662\/revisions\/62029"}],"wp:featuredmedia":[{"embeddable":true,"href":"https:\/\/educacaocomproposito.com.br\/index.php\/wp-json\/wp\/v2\/media\/1669"}],"wp:attachment":[{"href":"https:\/\/educacaocomproposito.com.br\/index.php\/wp-json\/wp\/v2\/media?parent=1662"}],"wp:term":[{"taxonomy":"product_brand","embeddable":true,"href":"https:\/\/educacaocomproposito.com.br\/index.php\/wp-json\/wp\/v2\/product_brand?post=1662"},{"taxonomy":"product_cat","embeddable":true,"href":"https:\/\/educacaocomproposito.com.br\/index.php\/wp-json\/wp\/v2\/product_cat?post=1662"},{"taxonomy":"product_tag","embeddable":true,"href":"https:\/\/educacaocomproposito.com.br\/index.php\/wp-json\/wp\/v2\/product_tag?post=1662"}],"curies":[{"name":"wp","href":"https:\/\/api.w.org\/{rel}","templated":true}]}}