{"id":1753,"date":"2024-09-27T20:37:41","date_gmt":"2024-09-27T23:37:41","guid":{"rendered":"https:\/\/educacaocomproposito.com.br\/?post_type=product&#038;p=1753"},"modified":"2025-08-26T15:18:04","modified_gmt":"2025-08-26T18:18:04","slug":"kit-volta-as-aulas-school","status":"publish","type":"product","link":"https:\/\/educacaocomproposito.com.br\/index.php\/product\/kit-volta-as-aulas-school\/","title":{"rendered":"Kit &#8211; Volta \u00e0s Aulas &#8211; School"},"content":{"rendered":"<p><strong>O kit inclui:<\/strong><br \/><strong>Painel de Parede: <\/strong>Colorido e vibrante, com ilustra\u00e7\u00f5es de materiais escolares. Tamanho 1,19 cm x 94 cm, composto por 27 p\u00e1ginas.<br \/><strong>Decora\u00e7\u00e3o de Porta: <\/strong>Pronta para impress\u00e3o, com 24 p\u00e1ginas de desenhos tem\u00e1ticos, ideal para dar um toque especial \u00e0 entrada da sala.<br \/><strong>3 modelos de lembrancinhas: <\/strong>Mochilinha para BIS, Copo &#8211; Porta L\u00e1pis, Tag para Saquinho de doces.<\/p>\n<p><strong>Detalhes T\u00e9cnicos:<\/strong><br \/>Arquivo 100% digital, pronto para impress\u00e3o. N\u00c3O ENVIAMOS PELOS CORREIOS.<br \/><strong><br \/>\ud83d\udce5 Como acessar seu arquivo<br \/>Ap\u00f3s a confirma\u00e7\u00e3o do pagamento, voc\u00ea poder\u00e1 baixar o seu produto de tr\u00eas formas pr\u00e1ticas:<br \/><\/strong>1\ufe0f\u20e3 Via e-mail<br \/>Voc\u00ea receber\u00e1 um e-mail com o t\u00edtulo \u201cSeu arquivo chegou\u201d.<br \/>Lembre-se de verificar tamb\u00e9m a caixa de Spam\/Lixo eletr\u00f4nico.<br \/>Para baixar, clique em todos os t\u00edtulos destacados e sublinhados na se\u00e7\u00e3o de Downloads.<br \/>2\ufe0f\u20e3 Via WhatsApp<br \/>Voc\u00ea receber\u00e1 uma mensagem autom\u00e1tica em seu WhatsApp.<br \/>Para receber o arquivo por l\u00e1, basta clicar no bot\u00e3o: \u201cRECEBER meu pedido aqui\u201d.<br \/>3\ufe0f\u20e3 Na sua \u00c1rea do Cliente (site)<br \/>Clique nas tr\u00eas linhas no canto superior esquerdo.<br \/>Acesse Minha Conta &gt; Downloads.<br \/>Baixe diretamente todos os produtos adquiridos.<br \/><strong>\ud83d\udccc Qualquer d\u00favida, nosso suporte est\u00e1 \u00e0 disposi\u00e7\u00e3o:<br \/>(11) 94050-7483.<\/strong><\/p>\n","protected":false},"excerpt":{"rendered":"<p>Crie uma atmosfera encantadora e acolhedora para o in\u00edcio do Segundo Semestre com nosso Combo de Volta \u00e0s Aulas!<\/p>\n","protected":false},"featured_media":1751,"comment_status":"open","ping_status":"closed","template":"","meta":{"bwfblock_default_font":"","_uf_show_specific_survey":0,"_uf_disable_surveys":false},"product_brand":[],"product_cat":[37,71],"product_tag":[47,52],"class_list":{"0":"post-1753","1":"product","2":"type-product","3":"status-publish","4":"has-post-thumbnail","6":"product_cat-datas-comemorativas","7":"product_cat-volta-as-aulas","8":"product_tag-datas-comemorativas","9":"product_tag-volta-as-aulas","11":"first","12":"instock","13":"sale","14":"downloadable","15":"virtual","16":"sold-individually","17":"taxable","18":"purchasable","19":"product-type-simple"},"aioseo_notices":[],"_links":{"self":[{"href":"https:\/\/educacaocomproposito.com.br\/index.php\/wp-json\/wp\/v2\/product\/1753","targetHints":{"allow":["GET"]}}],"collection":[{"href":"https:\/\/educacaocomproposito.com.br\/index.php\/wp-json\/wp\/v2\/product"}],"about":[{"href":"https:\/\/educacaocomproposito.com.br\/index.php\/wp-json\/wp\/v2\/types\/product"}],"replies":[{"embeddable":true,"href":"https:\/\/educacaocomproposito.com.br\/index.php\/wp-json\/wp\/v2\/comments?post=1753"}],"version-history":[{"count":2,"href":"https:\/\/educacaocomproposito.com.br\/index.php\/wp-json\/wp\/v2\/product\/1753\/revisions"}],"predecessor-version":[{"id":62024,"href":"https:\/\/educacaocomproposito.com.br\/index.php\/wp-json\/wp\/v2\/product\/1753\/revisions\/62024"}],"wp:featuredmedia":[{"embeddable":true,"href":"https:\/\/educacaocomproposito.com.br\/index.php\/wp-json\/wp\/v2\/media\/1751"}],"wp:attachment":[{"href":"https:\/\/educacaocomproposito.com.br\/index.php\/wp-json\/wp\/v2\/media?parent=1753"}],"wp:term":[{"taxonomy":"product_brand","embeddable":true,"href":"https:\/\/educacaocomproposito.com.br\/index.php\/wp-json\/wp\/v2\/product_brand?post=1753"},{"taxonomy":"product_cat","embeddable":true,"href":"https:\/\/educacaocomproposito.com.br\/index.php\/wp-json\/wp\/v2\/product_cat?post=1753"},{"taxonomy":"product_tag","embeddable":true,"href":"https:\/\/educacaocomproposito.com.br\/index.php\/wp-json\/wp\/v2\/product_tag?post=1753"}],"curies":[{"name":"wp","href":"https:\/\/api.w.org\/{rel}","templated":true}]}}