{"id":19102,"date":"2025-02-07T01:41:22","date_gmt":"2025-02-07T04:41:22","guid":{"rendered":"https:\/\/educacaocomproposito.com.br\/?post_type=product&#038;p=19102"},"modified":"2026-01-14T18:16:09","modified_gmt":"2026-01-14T21:16:09","slug":"painel-interativo-para-equipes-organizacao-e-conexao-no-ambiente-de-trabalho","status":"publish","type":"product","link":"https:\/\/educacaocomproposito.com.br\/index.php\/product\/painel-interativo-para-equipes-organizacao-e-conexao-no-ambiente-de-trabalho\/","title":{"rendered":"Painel Interativo para Equipes \u2013 Organiza\u00e7\u00e3o e Conex\u00e3o no Ambiente de Trabalho"},"content":{"rendered":"<p>\u2728 <strong>Destaques do produto:<\/strong><br \/>\u2705 <strong>Campo de Avisos e Comunicados<\/strong> \u2013 Mantenha todos informados sobre reuni\u00f5es, eventos e novidades.<br \/>\ud83d\udcc6 <strong>Calend\u00e1rio Anual Interativo<\/strong> \u2013 Planeje com anteced\u00eancia e visualize datas importantes.<br \/>\ud83c\udf89 <strong>Espa\u00e7o para Fotos dos Aniversariantes do M\u00eas<\/strong> \u2013 Reconhe\u00e7a e celebre os momentos especiais da equipe.<br \/>Fotos edit\u00e1veis atrav\u00e9s do Canva Pago ou Gratuito (Acompanha V\u00eddeo Tutorial para edi\u00e7\u00e3o). <br \/>\ud83d\udc8c Caixa de Mensagens para os Aniversariantes do Dia \u2013 Um local exclusivo para deixar recadinhos e homenagens.<br \/>\ud83d\udccc Acompanha tutorial de montagem para facilitar a instala\u00e7\u00e3o e garantir o melhor aproveitamento de todos os itens!<br \/>Medida aprox: 71,5 x 180 cm<\/p>\n<p><strong>Detalhes T\u00e9cnicos:<\/strong><br \/>Arquivo 100% Digital \u2013\u00a0<strong>(n\u00e3o edit\u00e1vel)<\/strong>. N\u00c3O ENVIAMOS PELOS CORREIOS.<\/p>\n<p><strong>\ud83d\udce5 Como acessar seu arquivo<br \/>Ap\u00f3s a confirma\u00e7\u00e3o do pagamento, voc\u00ea poder\u00e1 baixar o seu produto de tr\u00eas formas pr\u00e1ticas:<br \/><\/strong>1\ufe0f\u20e3 Via e-mail<br \/>Voc\u00ea receber\u00e1 um e-mail com o t\u00edtulo \u201cSeu arquivo chegou\u201d.<br \/>Lembre-se de verificar tamb\u00e9m a caixa de Spam\/Lixo eletr\u00f4nico.<br \/>Para baixar, clique em todos os t\u00edtulos destacados e sublinhados na se\u00e7\u00e3o de Downloads.<br \/>2\ufe0f\u20e3 Via WhatsApp<br \/>Voc\u00ea receber\u00e1 uma mensagem autom\u00e1tica em seu WhatsApp.<br \/>Para receber o arquivo por l\u00e1, basta clicar no bot\u00e3o: \u201cRECEBER meu pedido aqui\u201d.<br \/>3\ufe0f\u20e3 Na sua \u00c1rea do Cliente (site)<br \/>Clique nas tr\u00eas linhas no canto superior esquerdo.<br \/>Acesse Minha Conta &gt; Downloads.<br \/>Baixe diretamente todos os produtos adquiridos.<br \/><strong>\ud83d\udccc Qualquer d\u00favida, nosso suporte est\u00e1 \u00e0 disposi\u00e7\u00e3o:<br \/>(11) 94050-7483.<\/strong><\/p>\n","protected":false},"excerpt":{"rendered":"<p>Nosso <strong>Painel Interativo para Equipes<\/strong> foi criado para facilitar a comunica\u00e7\u00e3o, a organiza\u00e7\u00e3o e a valoriza\u00e7\u00e3o dos membros da sua equipe. Com um design funcional e din\u00e2mico, ele \u00e9 ideal para ambientes escolares, corporativos e institucionais.<\/p>\n","protected":false},"featured_media":87847,"comment_status":"open","ping_status":"closed","template":"","meta":{"bwfblock_default_font":"","_uf_show_specific_survey":0,"_uf_disable_surveys":false},"product_brand":[],"product_cat":[38],"product_tag":[70],"class_list":{"0":"post-19102","1":"product","2":"type-product","3":"status-publish","4":"has-post-thumbnail","6":"product_cat-coordenacao-pedagogica","7":"product_tag-coordenacao-pedagogica","9":"first","10":"instock","11":"sale","12":"downloadable","13":"virtual","14":"sold-individually","15":"taxable","16":"purchasable","17":"product-type-simple"},"aioseo_notices":[],"_links":{"self":[{"href":"https:\/\/educacaocomproposito.com.br\/index.php\/wp-json\/wp\/v2\/product\/19102","targetHints":{"allow":["GET"]}}],"collection":[{"href":"https:\/\/educacaocomproposito.com.br\/index.php\/wp-json\/wp\/v2\/product"}],"about":[{"href":"https:\/\/educacaocomproposito.com.br\/index.php\/wp-json\/wp\/v2\/types\/product"}],"replies":[{"embeddable":true,"href":"https:\/\/educacaocomproposito.com.br\/index.php\/wp-json\/wp\/v2\/comments?post=19102"}],"version-history":[{"count":3,"href":"https:\/\/educacaocomproposito.com.br\/index.php\/wp-json\/wp\/v2\/product\/19102\/revisions"}],"predecessor-version":[{"id":61977,"href":"https:\/\/educacaocomproposito.com.br\/index.php\/wp-json\/wp\/v2\/product\/19102\/revisions\/61977"}],"wp:featuredmedia":[{"embeddable":true,"href":"https:\/\/educacaocomproposito.com.br\/index.php\/wp-json\/wp\/v2\/media\/87847"}],"wp:attachment":[{"href":"https:\/\/educacaocomproposito.com.br\/index.php\/wp-json\/wp\/v2\/media?parent=19102"}],"wp:term":[{"taxonomy":"product_brand","embeddable":true,"href":"https:\/\/educacaocomproposito.com.br\/index.php\/wp-json\/wp\/v2\/product_brand?post=19102"},{"taxonomy":"product_cat","embeddable":true,"href":"https:\/\/educacaocomproposito.com.br\/index.php\/wp-json\/wp\/v2\/product_cat?post=19102"},{"taxonomy":"product_tag","embeddable":true,"href":"https:\/\/educacaocomproposito.com.br\/index.php\/wp-json\/wp\/v2\/product_tag?post=19102"}],"curies":[{"name":"wp","href":"https:\/\/api.w.org\/{rel}","templated":true}]}}