{"id":19940,"date":"2025-02-11T12:07:57","date_gmt":"2025-02-11T15:07:57","guid":{"rendered":"https:\/\/educacaocomproposito.com.br\/?post_type=product&#038;p=19940"},"modified":"2026-02-23T11:58:58","modified_gmt":"2026-02-23T14:58:58","slug":"kit-decorativo-eja-2025-ambiente-acolhedor-e-motivador","status":"publish","type":"product","link":"https:\/\/educacaocomproposito.com.br\/index.php\/product\/kit-decorativo-eja-2025-ambiente-acolhedor-e-motivador\/","title":{"rendered":"KIT DECORATIVO EJA 2025 \u2013 AMBIENTE ACOLHEDOR E MOTIVADOR"},"content":{"rendered":"<p>\ud83d\udccc <strong>O que voc\u00ea vai receber?<\/strong><br \/>\u2705 <strong>Painel de Boas-Vindas<\/strong> \u2013 32 folhas A4 para uma recep\u00e7\u00e3o calorosa. (Medida Aprox:151,5x89cm)<br \/>\u2705 <strong>8 Plaquinhas Motivacionais<\/strong> \u2013 Mensagens inspiradoras (2 por folha A4).<br \/>\u2705 <strong>Plaquinha de Identifica\u00e7\u00e3o de Porta<\/strong> \u2013 2 p\u00e1ginas A4 para personalizar seu espa\u00e7o.<br \/>\u2705 <strong>Tags para L\u00e1pis<\/strong> \u2013 4 por folha A4, adicionando um toque especial a lembrancinha de boas-vindas<br \/>\u2705 <strong>Painel de Aniversariantes<\/strong> \u2013 4 folhas A4.<br \/>\u2705 <strong>Aniversariantes do M\u00eas Edit\u00e1vel<\/strong> \u2013 Personalize de acordo com sua turma.<br \/>\ud83c\udfa5 <strong>V\u00eddeo tutorial inclu\u00eddo<\/strong> para auxiliar na montagem e edi\u00e7\u00e3o.<\/p>\n<p><strong>Detalhes T\u00e9cnicos:<\/strong><br \/>\ud83d\udcc2 <strong>Arquivo em PDF pronto para impress\u00e3o<\/strong>, <strong>100% digital<\/strong>. <strong>N\u00e3o<\/strong> enviamos pelos <strong>CORREIOS.<\/strong><br \/>\u26a0\ufe0f <strong>Aten\u00e7\u00e3o:<\/strong> Este produto <strong>n\u00e3o \u00e9 clipart<\/strong> e <strong>n\u00e3o disponibilizamos a arte aberta<\/strong>. O material \u00e9 fornecido exclusivamente em <strong>arquivos PDF<\/strong>. <strong>Uso pessoal, proibida a revenda<\/strong>.<\/p>\n<p><strong>\ud83d\udce5 Como acessar seu arquivo<br \/>Ap\u00f3s a confirma\u00e7\u00e3o do pagamento, voc\u00ea poder\u00e1 baixar o seu produto de tr\u00eas formas pr\u00e1ticas:<br \/><\/strong>1\ufe0f\u20e3 Via e-mail<br \/>Voc\u00ea receber\u00e1 um e-mail com o t\u00edtulo \u201cSeu arquivo chegou\u201d.<br \/>Lembre-se de verificar tamb\u00e9m a caixa de Spam\/Lixo eletr\u00f4nico.<br \/>Para baixar, clique em todos os t\u00edtulos destacados e sublinhados na se\u00e7\u00e3o de Downloads.<br \/>2\ufe0f\u20e3 Via WhatsApp<br \/>Voc\u00ea receber\u00e1 uma mensagem autom\u00e1tica em seu WhatsApp.<br \/>Para receber o arquivo por l\u00e1, basta clicar no bot\u00e3o: \u201cRECEBER meu pedido aqui\u201d.<br \/>3\ufe0f\u20e3 Na sua \u00c1rea do Cliente (site)<br \/>Clique nas tr\u00eas linhas no canto superior esquerdo.<br \/>Acesse Minha Conta &gt; Downloads.<br \/>Baixe diretamente todos os produtos adquiridos.<br \/><strong>\ud83d\udccc Qualquer d\u00favida, nosso suporte est\u00e1 \u00e0 disposi\u00e7\u00e3o:<br \/>(11) 94050-7483.<\/strong><\/p>\n","protected":false},"excerpt":{"rendered":"<p>Transforme sua sala de aula com o <strong>Kit Decorativo EJA 2025<\/strong>, criado especialmente para tornar o ambiente mais acolhedor, inspirador e organizado para seus alunos da Educa\u00e7\u00e3o de Jovens e Adultos.<\/p>\n","protected":false},"featured_media":19953,"comment_status":"open","ping_status":"closed","template":"","meta":{"bwfblock_default_font":"","_uf_show_specific_survey":0,"_uf_disable_surveys":false},"product_brand":[],"product_cat":[74],"product_tag":[75],"class_list":{"0":"post-19940","1":"product","2":"type-product","3":"status-publish","4":"has-post-thumbnail","6":"product_cat-setores-da-escola","7":"product_tag-setores-da-es","9":"first","10":"instock","11":"sale","12":"downloadable","13":"virtual","14":"sold-individually","15":"taxable","16":"purchasable","17":"product-type-simple"},"aioseo_notices":[],"_links":{"self":[{"href":"https:\/\/educacaocomproposito.com.br\/index.php\/wp-json\/wp\/v2\/product\/19940","targetHints":{"allow":["GET"]}}],"collection":[{"href":"https:\/\/educacaocomproposito.com.br\/index.php\/wp-json\/wp\/v2\/product"}],"about":[{"href":"https:\/\/educacaocomproposito.com.br\/index.php\/wp-json\/wp\/v2\/types\/product"}],"replies":[{"embeddable":true,"href":"https:\/\/educacaocomproposito.com.br\/index.php\/wp-json\/wp\/v2\/comments?post=19940"}],"version-history":[{"count":3,"href":"https:\/\/educacaocomproposito.com.br\/index.php\/wp-json\/wp\/v2\/product\/19940\/revisions"}],"predecessor-version":[{"id":61976,"href":"https:\/\/educacaocomproposito.com.br\/index.php\/wp-json\/wp\/v2\/product\/19940\/revisions\/61976"}],"wp:featuredmedia":[{"embeddable":true,"href":"https:\/\/educacaocomproposito.com.br\/index.php\/wp-json\/wp\/v2\/media\/19953"}],"wp:attachment":[{"href":"https:\/\/educacaocomproposito.com.br\/index.php\/wp-json\/wp\/v2\/media?parent=19940"}],"wp:term":[{"taxonomy":"product_brand","embeddable":true,"href":"https:\/\/educacaocomproposito.com.br\/index.php\/wp-json\/wp\/v2\/product_brand?post=19940"},{"taxonomy":"product_cat","embeddable":true,"href":"https:\/\/educacaocomproposito.com.br\/index.php\/wp-json\/wp\/v2\/product_cat?post=19940"},{"taxonomy":"product_tag","embeddable":true,"href":"https:\/\/educacaocomproposito.com.br\/index.php\/wp-json\/wp\/v2\/product_tag?post=19940"}],"curies":[{"name":"wp","href":"https:\/\/api.w.org\/{rel}","templated":true}]}}