{"id":20439,"date":"2025-02-13T08:58:29","date_gmt":"2025-02-13T11:58:29","guid":{"rendered":"https:\/\/educacaocomproposito.com.br\/?post_type=product&#038;p=20439"},"modified":"2025-08-26T14:42:49","modified_gmt":"2025-08-26T17:42:49","slug":"kit-digital-dia-internacional-da-mulher-2025","status":"publish","type":"product","link":"https:\/\/educacaocomproposito.com.br\/index.php\/product\/kit-digital-dia-internacional-da-mulher-2025\/","title":{"rendered":"Kit Digital \u2013 Dia Internacional da Mulher 2025\u2728"},"content":{"rendered":"<p>\ud83d\udccc <strong>O que est\u00e1 inclu\u00eddo?<\/strong><br \/>\ud83c\udfa8 <strong>Painel Tem\u00e1tico<\/strong> (24 p\u00e1ginas A4 &#8211; Medida Aprox: 181,5 x 80,5cm).<br \/>\u2728 Mensagem principal: <strong>&#8220;O LEGADO DESSAS MULHERES ECOA, GUIANDO-NOS RUMO A UM FUTURO DE IGUALDADE E RESPEITO&#8221;<\/strong>. <br \/>\ud83d\udcdc Ilustra\u00e7\u00f5es de grandes mulheres da hist\u00f3ria: <strong>Ada Lovelace, Amelia Earhart, Malala Yousafzai, Valentina Tereshkova, Rosa Parks e Marie Curie<\/strong>.<br \/>\ud83d\udcac <strong>Plaquinhas Motivacionais<\/strong> (8 modelos \u2013 8 folhas A4 + 2 folhas com flores decorativas).<br \/>Mensagens inspiradoras para refor\u00e7ar a autoestima e o poder feminino.<br \/>\ud83c\udf1f <strong>Painel Interativo \u2013 Mulheres que Inspiram<\/strong> (9 folhas A4 &#8211; Medida Aprox: 56,5 x 80cm). <br \/>\ud83d\udd16 <strong>3 modelos de tags<\/strong> \u2013 6 unidades por folha A4.<br \/>\ud83d\udce6 <strong>Caixinha para lembrancinhas<\/strong> \u2013 5 folhas A4.<\/p>\n<p><strong>Detalhes T\u00e9cnicos:<\/strong><br \/>\ud83d\udcc2\u00a0<strong>Arquivo em PDF pronto para impress\u00e3o<\/strong>,\u00a0<strong>100% digital<\/strong>, <strong>N\u00e3o edit\u00e1vel<\/strong>.\u00a0<strong>N\u00e3o<\/strong>\u00a0enviamos pelos\u00a0<strong>CORREIOS.<\/strong><br \/>\u26a0\ufe0f\u00a0<strong>Aten\u00e7\u00e3o:<\/strong>\u00a0Este produto\u00a0<strong>n\u00e3o \u00e9 clipart<\/strong>\u00a0e\u00a0<strong>n\u00e3o disponibilizamos a arte aberta<\/strong>. O material \u00e9 fornecido exclusivamente em\u00a0<strong>arquivos PDF<\/strong>.\u00a0<strong>Uso pessoal, proibida a revenda<\/strong>.<\/p>\n<p><strong>\ud83d\udce5 Como acessar seu arquivo<br \/>Ap\u00f3s a confirma\u00e7\u00e3o do pagamento, voc\u00ea poder\u00e1 baixar o seu produto de tr\u00eas formas pr\u00e1ticas:<br \/><\/strong>1\ufe0f\u20e3 Via e-mail<br \/>Voc\u00ea receber\u00e1 um e-mail com o t\u00edtulo \u201cSeu arquivo chegou\u201d.<br \/>Lembre-se de verificar tamb\u00e9m a caixa de Spam\/Lixo eletr\u00f4nico.<br \/>Para baixar, clique em todos os t\u00edtulos destacados e sublinhados na se\u00e7\u00e3o de Downloads.<br \/>2\ufe0f\u20e3 Via WhatsApp<br \/>Voc\u00ea receber\u00e1 uma mensagem autom\u00e1tica em seu WhatsApp.<br \/>Para receber o arquivo por l\u00e1, basta clicar no bot\u00e3o: \u201cRECEBER meu pedido aqui\u201d.<br \/>3\ufe0f\u20e3 Na sua \u00c1rea do Cliente (site)<br \/>Clique nas tr\u00eas linhas no canto superior esquerdo.<br \/>Acesse Minha Conta &gt; Downloads.<br \/>Baixe diretamente todos os produtos adquiridos.<br \/><strong>\ud83d\udccc Qualquer d\u00favida, nosso suporte est\u00e1 \u00e0 disposi\u00e7\u00e3o:<br \/>(11) 94050-7483.<\/strong><\/p>\n","protected":false},"excerpt":{"rendered":"<p>Celebre a for\u00e7a, a hist\u00f3ria e o legado das mulheres com este <strong>Kit Digital exclusivo<\/strong>! Ideal para decorar escolas, empresas e eventos, este material traz elementos inspiradores que valorizam as conquistas femininas e incentivam a reflex\u00e3o sobre igualdade e respeito.<\/p>\n","protected":false},"featured_media":20464,"comment_status":"open","ping_status":"closed","template":"","meta":{"bwfblock_default_font":"","_uf_show_specific_survey":0,"_uf_disable_surveys":false},"product_brand":[],"product_cat":[37],"product_tag":[47],"class_list":{"0":"post-20439","1":"product","2":"type-product","3":"status-publish","4":"has-post-thumbnail","6":"product_cat-datas-comemorativas","7":"product_tag-datas-comemorativas","9":"first","10":"instock","11":"sale","12":"downloadable","13":"virtual","14":"sold-individually","15":"taxable","16":"purchasable","17":"product-type-simple"},"aioseo_notices":[],"_links":{"self":[{"href":"https:\/\/educacaocomproposito.com.br\/index.php\/wp-json\/wp\/v2\/product\/20439","targetHints":{"allow":["GET"]}}],"collection":[{"href":"https:\/\/educacaocomproposito.com.br\/index.php\/wp-json\/wp\/v2\/product"}],"about":[{"href":"https:\/\/educacaocomproposito.com.br\/index.php\/wp-json\/wp\/v2\/types\/product"}],"replies":[{"embeddable":true,"href":"https:\/\/educacaocomproposito.com.br\/index.php\/wp-json\/wp\/v2\/comments?post=20439"}],"version-history":[{"count":3,"href":"https:\/\/educacaocomproposito.com.br\/index.php\/wp-json\/wp\/v2\/product\/20439\/revisions"}],"predecessor-version":[{"id":61975,"href":"https:\/\/educacaocomproposito.com.br\/index.php\/wp-json\/wp\/v2\/product\/20439\/revisions\/61975"}],"wp:featuredmedia":[{"embeddable":true,"href":"https:\/\/educacaocomproposito.com.br\/index.php\/wp-json\/wp\/v2\/media\/20464"}],"wp:attachment":[{"href":"https:\/\/educacaocomproposito.com.br\/index.php\/wp-json\/wp\/v2\/media?parent=20439"}],"wp:term":[{"taxonomy":"product_brand","embeddable":true,"href":"https:\/\/educacaocomproposito.com.br\/index.php\/wp-json\/wp\/v2\/product_brand?post=20439"},{"taxonomy":"product_cat","embeddable":true,"href":"https:\/\/educacaocomproposito.com.br\/index.php\/wp-json\/wp\/v2\/product_cat?post=20439"},{"taxonomy":"product_tag","embeddable":true,"href":"https:\/\/educacaocomproposito.com.br\/index.php\/wp-json\/wp\/v2\/product_tag?post=20439"}],"curies":[{"name":"wp","href":"https:\/\/api.w.org\/{rel}","templated":true}]}}