{"id":21225,"date":"2025-02-17T19:33:49","date_gmt":"2025-02-17T22:33:49","guid":{"rendered":"https:\/\/educacaocomproposito.com.br\/?post_type=product&#038;p=21225"},"modified":"2025-08-26T14:41:38","modified_gmt":"2025-08-26T17:41:38","slug":"tags-motivacionais-para-professores-inspire-valorize-e-fortaleca-sua-equipe","status":"publish","type":"product","link":"https:\/\/educacaocomproposito.com.br\/index.php\/product\/tags-motivacionais-para-professores-inspire-valorize-e-fortaleca-sua-equipe\/","title":{"rendered":"Tags Motivacionais para Professores \u2013 Inspire, Valorize e Fortale\u00e7a sua Equipe!"},"content":{"rendered":"<p>\u2728 <strong>O que voc\u00ea recebe?<\/strong><br \/>\u2714 12 tags motivacionais (uma para cada m\u00eas) com frases reflexivas e encorajadoras (6 por folha A4).<br \/>\u2714 Design lindo e pronto para impress\u00e3o.<br \/>\u2714 Mensagens cuidadosamente elaboradas para acolher, inspirar e valorizar os professores.<\/p>\n<p>\ud83d\udca1 <strong>Por que usar essas tags?<\/strong><br \/>Os professores enfrentam desafios di\u00e1rios e, muitas vezes, uma palavra de incentivo pode transformar o dia de algu\u00e9m. Essas mensagens n\u00e3o s\u00e3o apenas um mimo, mas um lembrete do impacto e da import\u00e2ncia do trabalho docente.<\/p>\n<p>\ud83d\udccc <strong>Ideal para coordenadores e gestores que desejam:<\/strong><br \/>\u2705 Criar um ambiente escolar mais positivo e motivador.<br \/>\u2705 Refor\u00e7ar o reconhecimento e a valoriza\u00e7\u00e3o dos professores.<br \/>\u2705 Inspirar e fortalecer o v\u00ednculo da equipe pedag\u00f3gica.<\/p>\n<p><strong>Detalhes T\u00e9cnicos:<\/strong><br \/>\ud83d\udcc2\u00a0<strong>Arquivo em PDF pronto para impress\u00e3o<\/strong>,\u00a0<strong>100% digital<\/strong>,\u00a0<strong>N\u00e3o edit\u00e1vel<\/strong>.\u00a0<strong>N\u00e3o<\/strong>\u00a0enviamos pelos\u00a0<strong>CORREIOS.<\/strong><br \/>\u26a0\ufe0f\u00a0<strong>Aten\u00e7\u00e3o:<\/strong>\u00a0Este produto\u00a0<strong>n\u00e3o \u00e9 clipart<\/strong>\u00a0e\u00a0<strong>n\u00e3o disponibilizamos a arte aberta<\/strong>. O material \u00e9 fornecido exclusivamente em\u00a0<strong>arquivos PDF<\/strong>.\u00a0<strong>Uso pessoal, proibida a revenda<\/strong>.<\/p>\n<p><strong>\ud83d\udce5 Como acessar seu arquivo<br \/>Ap\u00f3s a confirma\u00e7\u00e3o do pagamento, voc\u00ea poder\u00e1 baixar o seu produto de tr\u00eas formas pr\u00e1ticas:<br \/><\/strong>1\ufe0f\u20e3 Via e-mail<br \/>Voc\u00ea receber\u00e1 um e-mail com o t\u00edtulo \u201cSeu arquivo chegou\u201d.<br \/>Lembre-se de verificar tamb\u00e9m a caixa de Spam\/Lixo eletr\u00f4nico.<br \/>Para baixar, clique em todos os t\u00edtulos destacados e sublinhados na se\u00e7\u00e3o de Downloads.<br \/>2\ufe0f\u20e3 Via WhatsApp<br \/>Voc\u00ea receber\u00e1 uma mensagem autom\u00e1tica em seu WhatsApp.<br \/>Para receber o arquivo por l\u00e1, basta clicar no bot\u00e3o: \u201cRECEBER meu pedido aqui\u201d.<br \/>3\ufe0f\u20e3 Na sua \u00c1rea do Cliente (site)<br \/>Clique nas tr\u00eas linhas no canto superior esquerdo.<br \/>Acesse Minha Conta &gt; Downloads.<br \/>Baixe diretamente todos os produtos adquiridos.<br \/><strong>\ud83d\udccc Qualquer d\u00favida, nosso suporte est\u00e1 \u00e0 disposi\u00e7\u00e3o:<br \/>(11) 94050-7483.<\/strong><\/p>\n","protected":false},"excerpt":{"rendered":"<p>Pequenos gestos fazem uma grande diferen\u00e7a! \ud83d\udc9b Com o <strong>Kit de Tags Motivacionais para Professores<\/strong>, voc\u00ea ter\u00e1 um material pronto para reconhecer, incentivar e fortalecer sua equipe ao longo do ano.<\/p>\n","protected":false},"featured_media":21240,"comment_status":"open","ping_status":"closed","template":"","meta":{"bwfblock_default_font":"","_uf_show_specific_survey":0,"_uf_disable_surveys":false,"iawp_total_views":1218},"product_brand":[],"product_cat":[38],"product_tag":[70],"class_list":{"0":"post-21225","1":"product","2":"type-product","3":"status-publish","4":"has-post-thumbnail","6":"product_cat-coordenacao-pedagogica","7":"product_tag-coordenacao-pedagogica","9":"first","10":"instock","11":"sale","12":"downloadable","13":"virtual","14":"sold-individually","15":"taxable","16":"purchasable","17":"product-type-simple"},"aioseo_notices":[],"_links":{"self":[{"href":"https:\/\/educacaocomproposito.com.br\/index.php\/wp-json\/wp\/v2\/product\/21225","targetHints":{"allow":["GET"]}}],"collection":[{"href":"https:\/\/educacaocomproposito.com.br\/index.php\/wp-json\/wp\/v2\/product"}],"about":[{"href":"https:\/\/educacaocomproposito.com.br\/index.php\/wp-json\/wp\/v2\/types\/product"}],"replies":[{"embeddable":true,"href":"https:\/\/educacaocomproposito.com.br\/index.php\/wp-json\/wp\/v2\/comments?post=21225"}],"version-history":[{"count":2,"href":"https:\/\/educacaocomproposito.com.br\/index.php\/wp-json\/wp\/v2\/product\/21225\/revisions"}],"predecessor-version":[{"id":61973,"href":"https:\/\/educacaocomproposito.com.br\/index.php\/wp-json\/wp\/v2\/product\/21225\/revisions\/61973"}],"wp:featuredmedia":[{"embeddable":true,"href":"https:\/\/educacaocomproposito.com.br\/index.php\/wp-json\/wp\/v2\/media\/21240"}],"wp:attachment":[{"href":"https:\/\/educacaocomproposito.com.br\/index.php\/wp-json\/wp\/v2\/media?parent=21225"}],"wp:term":[{"taxonomy":"product_brand","embeddable":true,"href":"https:\/\/educacaocomproposito.com.br\/index.php\/wp-json\/wp\/v2\/product_brand?post=21225"},{"taxonomy":"product_cat","embeddable":true,"href":"https:\/\/educacaocomproposito.com.br\/index.php\/wp-json\/wp\/v2\/product_cat?post=21225"},{"taxonomy":"product_tag","embeddable":true,"href":"https:\/\/educacaocomproposito.com.br\/index.php\/wp-json\/wp\/v2\/product_tag?post=21225"}],"curies":[{"name":"wp","href":"https:\/\/api.w.org\/{rel}","templated":true}]}}