{"id":21724,"date":"2025-02-20T15:02:10","date_gmt":"2025-02-20T18:02:10","guid":{"rendered":"https:\/\/educacaocomproposito.com.br\/?post_type=product&#038;p=21724"},"modified":"2026-01-14T16:42:17","modified_gmt":"2026-01-14T19:42:17","slug":"painel-interativo-para-sala-da-coordenacao-pedagogica-2026","status":"publish","type":"product","link":"https:\/\/educacaocomproposito.com.br\/index.php\/product\/painel-interativo-para-sala-da-coordenacao-pedagogica-2026\/","title":{"rendered":"Painel Interativo para sala da Coordena\u00e7\u00e3o Pedag\u00f3gica &#8211; 2026"},"content":{"rendered":"<p>\ud83d\udd39 <strong>O que est\u00e1 inclu\u00eddo?<\/strong><br \/>\u2714 <strong>Calend\u00e1rio anual<\/strong> \u2013 para um planejamento de longo prazo.<br \/>\u2714 <strong>Aniversariantes do m\u00eas<\/strong> (edit\u00e1vel no <strong>Canva<\/strong> \u2013 vers\u00e3o paga ou gratuita).<br \/>\u2714 <strong>Planejamento mensal e semanal<\/strong> \u2013 mantenha suas metas e compromissos sempre \u00e0 vista. (Edit\u00e1vel no <strong>Canva<\/strong> \u2013 vers\u00e3o paga ou gratuita).<br \/>\u2714 <strong>4 quadros com frases motivacionais<\/strong> \u2013 inspira\u00e7\u00e3o di\u00e1ria para voc\u00ea e sua equipe.<br \/>\u2714 <strong>Mini painel para escrita com caneta de quadro branco<\/strong> \u2013 ideal para anota\u00e7\u00f5es r\u00e1pidas e organiza\u00e7\u00e3o da semana.<br \/>\ud83d\udcc4 <strong>Arquivo digital com 46 p\u00e1ginas<\/strong>, incluindo o calend\u00e1rio anual. Basta imprimir e montar seu painel para uma coordena\u00e7\u00e3o mais pr\u00e1tica, eficiente e motivadora!<\/p>\n<p><strong>Detalhes T\u00e9cnicos:<\/strong><br \/>\ud83d\udcc2\u00a0<strong>Arquivo em PDF pronto para impress\u00e3o<\/strong>,\u00a0<strong>100% digital<\/strong>,\u00a0<strong>N\u00e3o edit\u00e1vel<\/strong>.\u00a0<strong>N\u00e3o<\/strong>\u00a0enviamos pelos\u00a0<strong>CORREIOS.<\/strong><br \/>\u26a0\ufe0f\u00a0<strong>Aten\u00e7\u00e3o:<\/strong>\u00a0Este produto\u00a0<strong>n\u00e3o \u00e9 clipart<\/strong>\u00a0e\u00a0<strong>n\u00e3o disponibilizamos a arte aberta<\/strong>. O material \u00e9 fornecido exclusivamente em\u00a0<strong>arquivos PDF<\/strong>.\u00a0<strong>Uso pessoal, proibida a revenda<\/strong>.<\/p>\n<p><strong>\ud83d\udce5 Como acessar seu arquivo<br \/>Ap\u00f3s a confirma\u00e7\u00e3o do pagamento, voc\u00ea poder\u00e1 baixar o seu produto de tr\u00eas formas pr\u00e1ticas:<br \/><\/strong>1\ufe0f\u20e3 Via e-mail<br \/>Voc\u00ea receber\u00e1 um e-mail com o t\u00edtulo \u201cSeu arquivo chegou\u201d.<br \/>Lembre-se de verificar tamb\u00e9m a caixa de Spam\/Lixo eletr\u00f4nico.<br \/>Para baixar, clique em todos os t\u00edtulos destacados e sublinhados na se\u00e7\u00e3o de Downloads.<br \/>2\ufe0f\u20e3 Via WhatsApp<br \/>Voc\u00ea receber\u00e1 uma mensagem autom\u00e1tica em seu WhatsApp.<br \/>Para receber o arquivo por l\u00e1, basta clicar no bot\u00e3o: \u201cRECEBER meu pedido aqui\u201d.<br \/>3\ufe0f\u20e3 Na sua \u00c1rea do Cliente (site)<br \/>Clique nas tr\u00eas linhas no canto superior esquerdo.<br \/>Acesse Minha Conta &gt; Downloads.<br \/>Baixe diretamente todos os produtos adquiridos.<br \/><strong>\ud83d\udccc Qualquer d\u00favida, nosso suporte est\u00e1 \u00e0 disposi\u00e7\u00e3o:<br \/>(11) 94050-7483.<\/strong><\/p>\n","protected":false},"excerpt":{"rendered":"<p>Nosso <strong>Painel para Coordena\u00e7\u00e3o Pedag\u00f3gica<\/strong> foi desenvolvido para trazer mais funcionalidade, organiza\u00e7\u00e3o e inspira\u00e7\u00e3o ao seu ambiente de trabalho. Com medida aproximada de <strong>132&#215;75 cm<\/strong>, ele apresenta uma <strong>mensagem motivacional central<\/strong>, al\u00e9m de diversas se\u00e7\u00f5es interativas que facilitam o planejamento e a comunica\u00e7\u00e3o.<\/p>\n","protected":false},"featured_media":87802,"comment_status":"open","ping_status":"closed","template":"","meta":{"bwfblock_default_font":"","_uf_show_specific_survey":0,"_uf_disable_surveys":false},"product_brand":[],"product_cat":[38],"product_tag":[70],"class_list":{"0":"post-21724","1":"product","2":"type-product","3":"status-publish","4":"has-post-thumbnail","6":"product_cat-coordenacao-pedagogica","7":"product_tag-coordenacao-pedagogica","9":"first","10":"instock","11":"sale","12":"downloadable","13":"virtual","14":"sold-individually","15":"taxable","16":"purchasable","17":"product-type-simple"},"aioseo_notices":[],"_links":{"self":[{"href":"https:\/\/educacaocomproposito.com.br\/index.php\/wp-json\/wp\/v2\/product\/21724","targetHints":{"allow":["GET"]}}],"collection":[{"href":"https:\/\/educacaocomproposito.com.br\/index.php\/wp-json\/wp\/v2\/product"}],"about":[{"href":"https:\/\/educacaocomproposito.com.br\/index.php\/wp-json\/wp\/v2\/types\/product"}],"replies":[{"embeddable":true,"href":"https:\/\/educacaocomproposito.com.br\/index.php\/wp-json\/wp\/v2\/comments?post=21724"}],"version-history":[{"count":3,"href":"https:\/\/educacaocomproposito.com.br\/index.php\/wp-json\/wp\/v2\/product\/21724\/revisions"}],"predecessor-version":[{"id":87341,"href":"https:\/\/educacaocomproposito.com.br\/index.php\/wp-json\/wp\/v2\/product\/21724\/revisions\/87341"}],"wp:featuredmedia":[{"embeddable":true,"href":"https:\/\/educacaocomproposito.com.br\/index.php\/wp-json\/wp\/v2\/media\/87802"}],"wp:attachment":[{"href":"https:\/\/educacaocomproposito.com.br\/index.php\/wp-json\/wp\/v2\/media?parent=21724"}],"wp:term":[{"taxonomy":"product_brand","embeddable":true,"href":"https:\/\/educacaocomproposito.com.br\/index.php\/wp-json\/wp\/v2\/product_brand?post=21724"},{"taxonomy":"product_cat","embeddable":true,"href":"https:\/\/educacaocomproposito.com.br\/index.php\/wp-json\/wp\/v2\/product_cat?post=21724"},{"taxonomy":"product_tag","embeddable":true,"href":"https:\/\/educacaocomproposito.com.br\/index.php\/wp-json\/wp\/v2\/product_tag?post=21724"}],"curies":[{"name":"wp","href":"https:\/\/api.w.org\/{rel}","templated":true}]}}