{"id":22856,"date":"2025-02-26T09:19:43","date_gmt":"2025-02-26T12:19:43","guid":{"rendered":"https:\/\/educacaocomproposito.com.br\/?post_type=product&#038;p=22856"},"modified":"2025-08-26T14:39:42","modified_gmt":"2025-08-26T17:39:42","slug":"plaquinhas-para-identificacao-armarios-dos-professores","status":"publish","type":"product","link":"https:\/\/educacaocomproposito.com.br\/index.php\/product\/plaquinhas-para-identificacao-armarios-dos-professores\/","title":{"rendered":"Plaquinhas para Identifica\u00e7\u00e3o &#8211; Arm\u00e1rios dos Professores"},"content":{"rendered":"<p>\ud83d\udccc <strong>Caracter\u00edsticas do produto:<\/strong><br \/>\u2705 <strong>23 disciplinas inclu\u00eddas<\/strong> para atender a diferentes \u00e1reas do conhecimento.<br \/>\u2705 <strong>Vers\u00e3o edit\u00e1vel<\/strong> para personaliza\u00e7\u00e3o conforme a necessidade da escola.<br \/>\u2705 <strong>Arquivo pronto para impress\u00e3o<\/strong>, garantindo facilidade e rapidez no uso.<br \/>\u2705 <strong>Tutorial incluso<\/strong> para auxiliar na edi\u00e7\u00e3o do modelo edit\u00e1vel.<\/p>\n<p><strong>Detalhes T\u00e9cnicos:<\/strong><br \/>\ud83d\udcc2\u00a0<strong>Arquivo em PDF pronto para impress\u00e3o<\/strong>,\u00a0<strong>100% digital<\/strong>.\u00a0<strong>N\u00e3o<\/strong>\u00a0enviamos pelos\u00a0<strong>CORREIOS.<\/strong><br \/>\u26a0\ufe0f\u00a0<strong>Aten\u00e7\u00e3o:<\/strong>\u00a0Este produto\u00a0<strong>n\u00e3o \u00e9 clipart<\/strong>\u00a0e\u00a0<strong>n\u00e3o disponibilizamos a arte aberta<\/strong>. O material \u00e9 fornecido exclusivamente em\u00a0<strong>arquivos PDF<\/strong>.\u00a0<strong>Uso pessoal, proibida a revenda<\/strong>.<\/p>\n<p><strong>\ud83d\udce5 Como acessar seu arquivo<br \/>Ap\u00f3s a confirma\u00e7\u00e3o do pagamento, voc\u00ea poder\u00e1 baixar o seu produto de tr\u00eas formas pr\u00e1ticas:<br \/><\/strong>1\ufe0f\u20e3 Via e-mail<br \/>Voc\u00ea receber\u00e1 um e-mail com o t\u00edtulo \u201cSeu arquivo chegou\u201d.<br \/>Lembre-se de verificar tamb\u00e9m a caixa de Spam\/Lixo eletr\u00f4nico.<br \/>Para baixar, clique em todos os t\u00edtulos destacados e sublinhados na se\u00e7\u00e3o de Downloads.<br \/>2\ufe0f\u20e3 Via WhatsApp<br \/>Voc\u00ea receber\u00e1 uma mensagem autom\u00e1tica em seu WhatsApp.<br \/>Para receber o arquivo por l\u00e1, basta clicar no bot\u00e3o: \u201cRECEBER meu pedido aqui\u201d.<br \/>3\ufe0f\u20e3 Na sua \u00c1rea do Cliente (site)<br \/>Clique nas tr\u00eas linhas no canto superior esquerdo.<br \/>Acesse Minha Conta &gt; Downloads.<br \/>Baixe diretamente todos os produtos adquiridos.<br \/><strong>\ud83d\udccc Qualquer d\u00favida, nosso suporte est\u00e1 \u00e0 disposi\u00e7\u00e3o:<br \/>(11) 94050-7483.<\/strong><\/p>\n","protected":false},"excerpt":{"rendered":"<p>Organize os arm\u00e1rios da sua escola com praticidade e estilo! Este arquivo cont\u00e9m <strong>plaquinhas de identifica\u00e7\u00e3o<\/strong> para arm\u00e1rios dos professores, dispon\u00edveis em <strong>vers\u00e3o edit\u00e1vel e pronta para impress\u00e3o<\/strong>.<\/p>\n","protected":false},"featured_media":22875,"comment_status":"open","ping_status":"closed","template":"","meta":{"bwfblock_default_font":"","_uf_show_specific_survey":0,"_uf_disable_surveys":false},"product_brand":[],"product_cat":[38],"product_tag":[70],"class_list":{"0":"post-22856","1":"product","2":"type-product","3":"status-publish","4":"has-post-thumbnail","6":"product_cat-coordenacao-pedagogica","7":"product_tag-coordenacao-pedagogica","9":"first","10":"instock","11":"sale","12":"downloadable","13":"virtual","14":"sold-individually","15":"taxable","16":"purchasable","17":"product-type-simple"},"aioseo_notices":[],"_links":{"self":[{"href":"https:\/\/educacaocomproposito.com.br\/index.php\/wp-json\/wp\/v2\/product\/22856","targetHints":{"allow":["GET"]}}],"collection":[{"href":"https:\/\/educacaocomproposito.com.br\/index.php\/wp-json\/wp\/v2\/product"}],"about":[{"href":"https:\/\/educacaocomproposito.com.br\/index.php\/wp-json\/wp\/v2\/types\/product"}],"replies":[{"embeddable":true,"href":"https:\/\/educacaocomproposito.com.br\/index.php\/wp-json\/wp\/v2\/comments?post=22856"}],"version-history":[{"count":3,"href":"https:\/\/educacaocomproposito.com.br\/index.php\/wp-json\/wp\/v2\/product\/22856\/revisions"}],"predecessor-version":[{"id":61971,"href":"https:\/\/educacaocomproposito.com.br\/index.php\/wp-json\/wp\/v2\/product\/22856\/revisions\/61971"}],"wp:featuredmedia":[{"embeddable":true,"href":"https:\/\/educacaocomproposito.com.br\/index.php\/wp-json\/wp\/v2\/media\/22875"}],"wp:attachment":[{"href":"https:\/\/educacaocomproposito.com.br\/index.php\/wp-json\/wp\/v2\/media?parent=22856"}],"wp:term":[{"taxonomy":"product_brand","embeddable":true,"href":"https:\/\/educacaocomproposito.com.br\/index.php\/wp-json\/wp\/v2\/product_brand?post=22856"},{"taxonomy":"product_cat","embeddable":true,"href":"https:\/\/educacaocomproposito.com.br\/index.php\/wp-json\/wp\/v2\/product_cat?post=22856"},{"taxonomy":"product_tag","embeddable":true,"href":"https:\/\/educacaocomproposito.com.br\/index.php\/wp-json\/wp\/v2\/product_tag?post=22856"}],"curies":[{"name":"wp","href":"https:\/\/api.w.org\/{rel}","templated":true}]}}