{"id":23370,"date":"2025-02-28T15:43:44","date_gmt":"2025-02-28T18:43:44","guid":{"rendered":"https:\/\/educacaocomproposito.com.br\/?post_type=product&#038;p=23370"},"modified":"2026-03-05T16:53:00","modified_gmt":"2026-03-05T19:53:00","slug":"kit-mulheres-que-inspiram-homenagem-as-colaboradoras-1-2","status":"publish","type":"product","link":"https:\/\/educacaocomproposito.com.br\/index.php\/product\/kit-mulheres-que-inspiram-homenagem-as-colaboradoras-1-2\/","title":{"rendered":"Kit Mulheres que Inspiram &#8211; Homenagem as colaboradoras 2025"},"content":{"rendered":"<p>\ud83d\udca1 <strong>O que voc\u00ea recebe?<\/strong><br \/>\u2714 <strong>Painel grande<\/strong> (170cmx91cm) \u2013 Ideal para destacar a homenagem em um ambiente amplo.<br \/>\u2714 <strong>Painel pequeno<\/strong> (64cm x 74cm) \u2013 Perfeito para espa\u00e7os menores sem perder o impacto visual.<br \/>\u2714 <strong>TAGs personalizadas<\/strong> (6 por folha A4) \u2013 Para doces ou outros mimos especiais.<br \/>\u2714 <strong>Mini envelope + Texto de homenagem + Espa\u00e7o para foto edit\u00e1vel<\/strong> \u2013 Personalize pelo Canva (vers\u00e3o gratuita ou paga).<br \/>\u2714 <strong>V\u00eddeos tutoriais<\/strong> \u2013 Passo a passo para montagem de todos os itens com facilidade.<\/p>\n<p>\ud83d\udda8\ufe0f <strong>Detalhes T\u00e9cnicos<\/strong><br \/>\u26a0\ufe0f\u00a0<strong>Aten\u00e7\u00e3o:<\/strong>\u00a0Este produto\u00a0<strong>n\u00e3o \u00e9 clipart<\/strong>\u00a0e\u00a0<strong>n\u00e3o disponibilizamos a arte aberta<\/strong>. O material \u00e9 fornecido exclusivamente em\u00a0<strong>arquivos PDF<\/strong>.\u00a0<br \/>\ud83d\udce5 <strong>Entrega:<\/strong> Download imediato. Nenhum item f\u00edsico ser\u00e1 enviado pelos Correios.<br \/>\u26a0\ufe0f Uso pessoal. <strong>Proibida a revenda.<\/strong><\/p>\n<p><strong>\ud83d\udce5 Como acessar seu arquivo<br \/>Ap\u00f3s a confirma\u00e7\u00e3o do pagamento, voc\u00ea poder\u00e1 baixar o seu produto de tr\u00eas formas pr\u00e1ticas:<br \/><\/strong>1\ufe0f\u20e3 Via e-mail<br \/>Voc\u00ea receber\u00e1 um e-mail com o t\u00edtulo \u201cSeu arquivo chegou\u201d.<br \/>Lembre-se de verificar tamb\u00e9m a caixa de Spam\/Lixo eletr\u00f4nico.<br \/>Para baixar, clique em todos os t\u00edtulos destacados e sublinhados na se\u00e7\u00e3o de Downloads.<br \/>2\ufe0f\u20e3 Via WhatsApp<br \/>Voc\u00ea receber\u00e1 uma mensagem autom\u00e1tica em seu WhatsApp.<br \/>Para receber o arquivo por l\u00e1, basta clicar no bot\u00e3o: \u201cRECEBER meu pedido aqui\u201d.<br \/>3\ufe0f\u20e3 Na sua \u00c1rea do Cliente (site)<br \/>Clique nas tr\u00eas linhas no canto superior esquerdo.<br \/>Acesse Minha Conta &gt; Downloads.<br \/>Baixe diretamente todos os produtos adquiridos.<br \/><strong>\ud83d\udccc Qualquer d\u00favida, nosso suporte est\u00e1 \u00e0 disposi\u00e7\u00e3o:<br \/>(11) 94050-7483.<\/strong><\/p>\n","protected":false},"excerpt":{"rendered":"<p>Nosso <strong>Kit Mulheres que Inspiram<\/strong> \u00e9 perfeito para homenagear e reconhecer mulheres que fazem a diferen\u00e7a em seu ambiente de trabalho! Com um design inspirador e itens cuidadosamente elaborados, este kit tornar\u00e1 sua comemora\u00e7\u00e3o ainda mais especial.<\/p>\n","protected":false},"featured_media":21984,"comment_status":"open","ping_status":"closed","template":"","meta":{"bwfblock_default_font":"","_uf_show_specific_survey":0,"_uf_disable_surveys":false},"product_brand":[],"product_cat":[38,37],"product_tag":[70,47],"class_list":{"0":"post-23370","1":"product","2":"type-product","3":"status-publish","4":"has-post-thumbnail","6":"product_cat-coordenacao-pedagogica","7":"product_cat-datas-comemorativas","8":"product_tag-coordenacao-pedagogica","9":"product_tag-datas-comemorativas","11":"first","12":"instock","13":"sale","14":"downloadable","15":"virtual","16":"sold-individually","17":"taxable","18":"purchasable","19":"product-type-simple"},"aioseo_notices":[],"_links":{"self":[{"href":"https:\/\/educacaocomproposito.com.br\/index.php\/wp-json\/wp\/v2\/product\/23370","targetHints":{"allow":["GET"]}}],"collection":[{"href":"https:\/\/educacaocomproposito.com.br\/index.php\/wp-json\/wp\/v2\/product"}],"about":[{"href":"https:\/\/educacaocomproposito.com.br\/index.php\/wp-json\/wp\/v2\/types\/product"}],"replies":[{"embeddable":true,"href":"https:\/\/educacaocomproposito.com.br\/index.php\/wp-json\/wp\/v2\/comments?post=23370"}],"version-history":[{"count":4,"href":"https:\/\/educacaocomproposito.com.br\/index.php\/wp-json\/wp\/v2\/product\/23370\/revisions"}],"predecessor-version":[{"id":61970,"href":"https:\/\/educacaocomproposito.com.br\/index.php\/wp-json\/wp\/v2\/product\/23370\/revisions\/61970"}],"wp:featuredmedia":[{"embeddable":true,"href":"https:\/\/educacaocomproposito.com.br\/index.php\/wp-json\/wp\/v2\/media\/21984"}],"wp:attachment":[{"href":"https:\/\/educacaocomproposito.com.br\/index.php\/wp-json\/wp\/v2\/media?parent=23370"}],"wp:term":[{"taxonomy":"product_brand","embeddable":true,"href":"https:\/\/educacaocomproposito.com.br\/index.php\/wp-json\/wp\/v2\/product_brand?post=23370"},{"taxonomy":"product_cat","embeddable":true,"href":"https:\/\/educacaocomproposito.com.br\/index.php\/wp-json\/wp\/v2\/product_cat?post=23370"},{"taxonomy":"product_tag","embeddable":true,"href":"https:\/\/educacaocomproposito.com.br\/index.php\/wp-json\/wp\/v2\/product_tag?post=23370"}],"curies":[{"name":"wp","href":"https:\/\/api.w.org\/{rel}","templated":true}]}}