{"id":23433,"date":"2025-02-28T22:35:26","date_gmt":"2025-03-01T01:35:26","guid":{"rendered":"https:\/\/educacaocomproposito.com.br\/?post_type=product&#038;p=23433"},"modified":"2026-01-13T18:05:54","modified_gmt":"2026-01-13T21:05:54","slug":"kit-digital-aniversariantes-2025","status":"publish","type":"product","link":"https:\/\/educacaocomproposito.com.br\/index.php\/product\/kit-digital-aniversariantes-2025\/","title":{"rendered":"Kit Digital &#8211; Aniversariantes"},"content":{"rendered":"<p>\ud83d\udccc <strong>O que voc\u00ea recebe?<\/strong><br \/>\u2728 <strong>Painel Tem\u00e1tico de Aniversariantes<\/strong> \u2013 Composto por <strong>18 folhas A4<\/strong> (tamanho total de <strong>113,5&#215;80,5 cm<\/strong>), ideal para decorar o ambiente e destacar cada aniversariante do m\u00eas.<br \/>\ud83c\udf81 <strong>Tr\u00eas Modelos de Lembrancinhas<\/strong> para presentear de maneira carinhosa e criativa:<br \/>\u2714 <strong>Caixinha para barra de chocolate<\/strong> <br \/>\u2714 <strong>Tag para Bis<\/strong> <br \/>\u2714 <strong>Caixinha para doces<\/strong> <br \/>\ud83d\udcdd <strong>Tr\u00eas op\u00e7\u00f5es para registrar os aniversariantes<\/strong>, escolhendo a que melhor se adapta ao seu espa\u00e7o e necessidade:<br \/>\ud83d\udcf7 <strong>Registro por foto<\/strong> <br \/>\u270d <strong>Folha escrita<\/strong> <br \/>\ud83d\udcc4 <strong>Folha digitalizada<\/strong> <br \/>\ud83d\udc8c <strong>Cartinha de Anivers\u00e1rio Edit\u00e1vel<\/strong> \u2013 Personalize uma mensagem especial para cada aniversariante e torne o dia ainda mais emocionante.<br \/>\ud83c\udfa5 <strong>Facilidade total na montagem!<\/strong><br \/>\ud83d\udccc <strong>Todos os itens do kit acompanham v\u00eddeo auxiliar<\/strong> para te guiar no processo de edi\u00e7\u00e3o, impress\u00e3o e montagem, garantindo um resultado incr\u00edvel e sem complica\u00e7\u00f5es!<\/p>\n<p>\ud83d\udda8\ufe0f\u00a0<strong>Detalhes T\u00e9cnicos<\/strong><br \/>\ud83d\udcc2 Arquivo em PDF pronto para impress\u00e3o, 100% digital, N\u00e3o edit\u00e1vel. N\u00e3o enviamos pelos CORREIOS.<br \/>\u26a0\ufe0f Aten\u00e7\u00e3o: Este produto n\u00e3o \u00e9 clipart e n\u00e3o disponibilizamos a arte aberta. O material \u00e9 fornecido exclusivamente em arquivos PDF. Uso pessoal, proibida a revenda.<\/p>\n<p><strong>\ud83d\udce5 Como acessar seu arquivo<br \/>Ap\u00f3s a confirma\u00e7\u00e3o do pagamento, voc\u00ea poder\u00e1 baixar o seu produto de tr\u00eas formas pr\u00e1ticas:<br \/><\/strong>1\ufe0f\u20e3 Via e-mail<br \/>Voc\u00ea receber\u00e1 um e-mail com o t\u00edtulo \u201cSeu arquivo chegou\u201d.<br \/>Lembre-se de verificar tamb\u00e9m a caixa de Spam\/Lixo eletr\u00f4nico.<br \/>Para baixar, clique em todos os t\u00edtulos destacados e sublinhados na se\u00e7\u00e3o de Downloads.<br \/>2\ufe0f\u20e3 Via WhatsApp<br \/>Voc\u00ea receber\u00e1 uma mensagem autom\u00e1tica em seu WhatsApp.<br \/>Para receber o arquivo por l\u00e1, basta clicar no bot\u00e3o: \u201cRECEBER meu pedido aqui\u201d.<br \/>3\ufe0f\u20e3 Na sua \u00c1rea do Cliente (site)<br \/>Clique nas tr\u00eas linhas no canto superior esquerdo.<br \/>Acesse Minha Conta &gt; Downloads.<br \/>Baixe diretamente todos os produtos adquiridos.<br \/><strong>\ud83d\udccc Qualquer d\u00favida, nosso suporte est\u00e1 \u00e0 disposi\u00e7\u00e3o:<br \/>(11) 94050-7483.<\/strong><\/p>\n","protected":false},"excerpt":{"rendered":"<p>Transforme os anivers\u00e1rios da sua equipe em momentos inesquec\u00edveis com este <strong>kit digital completo<\/strong>, criado para valorizar cada aniversariante de forma especial e tornar a celebra\u00e7\u00e3o ainda mais significativa!<\/p>\n","protected":false},"featured_media":23435,"comment_status":"open","ping_status":"closed","template":"","meta":{"bwfblock_default_font":"","_uf_show_specific_survey":0,"_uf_disable_surveys":false},"product_brand":[],"product_cat":[38,37],"product_tag":[70,47],"class_list":{"0":"post-23433","1":"product","2":"type-product","3":"status-publish","4":"has-post-thumbnail","6":"product_cat-coordenacao-pedagogica","7":"product_cat-datas-comemorativas","8":"product_tag-coordenacao-pedagogica","9":"product_tag-datas-comemorativas","11":"first","12":"instock","13":"sale","14":"downloadable","15":"virtual","16":"sold-individually","17":"taxable","18":"purchasable","19":"product-type-simple"},"aioseo_notices":[],"_links":{"self":[{"href":"https:\/\/educacaocomproposito.com.br\/index.php\/wp-json\/wp\/v2\/product\/23433","targetHints":{"allow":["GET"]}}],"collection":[{"href":"https:\/\/educacaocomproposito.com.br\/index.php\/wp-json\/wp\/v2\/product"}],"about":[{"href":"https:\/\/educacaocomproposito.com.br\/index.php\/wp-json\/wp\/v2\/types\/product"}],"replies":[{"embeddable":true,"href":"https:\/\/educacaocomproposito.com.br\/index.php\/wp-json\/wp\/v2\/comments?post=23433"}],"version-history":[{"count":3,"href":"https:\/\/educacaocomproposito.com.br\/index.php\/wp-json\/wp\/v2\/product\/23433\/revisions"}],"predecessor-version":[{"id":87334,"href":"https:\/\/educacaocomproposito.com.br\/index.php\/wp-json\/wp\/v2\/product\/23433\/revisions\/87334"}],"wp:featuredmedia":[{"embeddable":true,"href":"https:\/\/educacaocomproposito.com.br\/index.php\/wp-json\/wp\/v2\/media\/23435"}],"wp:attachment":[{"href":"https:\/\/educacaocomproposito.com.br\/index.php\/wp-json\/wp\/v2\/media?parent=23433"}],"wp:term":[{"taxonomy":"product_brand","embeddable":true,"href":"https:\/\/educacaocomproposito.com.br\/index.php\/wp-json\/wp\/v2\/product_brand?post=23433"},{"taxonomy":"product_cat","embeddable":true,"href":"https:\/\/educacaocomproposito.com.br\/index.php\/wp-json\/wp\/v2\/product_cat?post=23433"},{"taxonomy":"product_tag","embeddable":true,"href":"https:\/\/educacaocomproposito.com.br\/index.php\/wp-json\/wp\/v2\/product_tag?post=23433"}],"curies":[{"name":"wp","href":"https:\/\/api.w.org\/{rel}","templated":true}]}}