{"id":24914,"date":"2025-03-08T01:22:49","date_gmt":"2025-03-08T04:22:49","guid":{"rendered":"https:\/\/educacaocomproposito.com.br\/?post_type=product&#038;p=24914"},"modified":"2026-04-16T17:23:34","modified_gmt":"2026-04-16T20:23:34","slug":"kit-digital-dia-do-bibliotecario-2025","status":"publish","type":"product","link":"https:\/\/educacaocomproposito.com.br\/index.php\/product\/kit-digital-dia-do-bibliotecario-2025\/","title":{"rendered":"Kit Digital &#8211; Dia do Bibliotec\u00e1rio 2025"},"content":{"rendered":"<p>\ud83d\udd39 <strong>O que est\u00e1 inclu\u00eddo?<\/strong><br \/>\u2705 <strong>Painel Tem\u00e1tico Grande<\/strong> (128x73cm) \u2013 Dispon\u00edvel em <strong>vers\u00e3o feminina e masculina<\/strong>, perfeito para decorar a biblioteca e destacar essa data especial.<br \/>\u2705 <strong>Mini Banner<\/strong> (37x52cm) \u2013 Op\u00e7\u00e3o menor para espa\u00e7os reduzidos, mantendo a homenagem sempre vis\u00edvel.<br \/>\u2705 <strong>Livro Personalizado com Foto<\/strong> \u2013 Um arquivo <strong>edit\u00e1vel no Canva<\/strong> (vers\u00e3o gratuita ou paga), permitindo adicionar a <strong>foto e o nome do bibliotec\u00e1rio<\/strong> para uma lembran\u00e7a \u00fanica e especial.<br \/>\u2705 <strong>Envelope Tem\u00e1tico para Barra de Chocolate (80g)<\/strong> \u2013 Um mimo delicado para ado\u00e7ar o dia desse profissional t\u00e3o importante.<br \/>\u2705 <strong>Tutoriais inclusos<\/strong> \u2013 Passo a passo para facilitar a edi\u00e7\u00e3o da foto e a impress\u00e3o de todos os itens.<\/p>\n<p>\ud83d\udda8\ufe0f\u00a0<strong>Detalhes T\u00e9cnicos<\/strong><br \/>\ud83d\udcc2 Arquivo\u00a0<strong>100% digital<\/strong>, em\u00a0<strong>PDF pronto para impress\u00e3o<\/strong>\u00a0(n\u00e3o edit\u00e1vel).<br \/>\ud83d\udeab\u00a0<strong>N\u00e3o enviamos arquivos f\u00edsicos pelos Correios.<\/strong><br \/>\u26a0\ufe0f\u00a0<strong>Uso pessoal. Proibida a revenda.<\/strong><\/p>\n<p><strong>\ud83d\udce5 Como acessar seu arquivo<br \/>Ap\u00f3s a confirma\u00e7\u00e3o do pagamento, voc\u00ea poder\u00e1 baixar o seu produto de tr\u00eas formas pr\u00e1ticas:<br \/><\/strong>1\ufe0f\u20e3 Via e-mail<br \/>Voc\u00ea receber\u00e1 um e-mail com o t\u00edtulo \u201cSeu arquivo chegou\u201d.<br \/>Lembre-se de verificar tamb\u00e9m a caixa de Spam\/Lixo eletr\u00f4nico.<br \/>Para baixar, clique em todos os t\u00edtulos destacados e sublinhados na se\u00e7\u00e3o de Downloads.<br \/>2\ufe0f\u20e3 Via WhatsApp<br \/>Voc\u00ea receber\u00e1 uma mensagem autom\u00e1tica em seu WhatsApp.<br \/>Para receber o arquivo por l\u00e1, basta clicar no bot\u00e3o: \u201cRECEBER meu pedido aqui\u201d.<br \/>3\ufe0f\u20e3 Na sua \u00c1rea do Cliente (site)<br \/>Clique nas tr\u00eas linhas no canto superior esquerdo.<br \/>Acesse Minha Conta &gt; Downloads.<br \/>Baixe diretamente todos os produtos adquiridos.<br \/><strong>\ud83d\udccc Qualquer d\u00favida, nosso suporte est\u00e1 \u00e0 disposi\u00e7\u00e3o:<br \/>(11) 94050-7483.<\/strong><\/p>\n","protected":false},"excerpt":{"rendered":"<p>Celebre o <strong>Dia do Bibliotec\u00e1rio<\/strong> com este <strong>Kit Digital exclusivo<\/strong>, criado para valorizar e homenagear esses grandes mediadores do conhecimento!<\/p>\n","protected":false},"featured_media":24925,"comment_status":"open","ping_status":"closed","template":"","meta":{"bwfblock_default_font":"","_uf_show_specific_survey":0,"_uf_disable_surveys":false},"product_brand":[],"product_cat":[38],"product_tag":[70],"class_list":{"0":"post-24914","1":"product","2":"type-product","3":"status-publish","4":"has-post-thumbnail","6":"product_cat-coordenacao-pedagogica","7":"product_tag-coordenacao-pedagogica","9":"first","10":"instock","11":"sale","12":"downloadable","13":"virtual","14":"sold-individually","15":"taxable","16":"purchasable","17":"product-type-simple"},"aioseo_notices":[],"_links":{"self":[{"href":"https:\/\/educacaocomproposito.com.br\/index.php\/wp-json\/wp\/v2\/product\/24914","targetHints":{"allow":["GET"]}}],"collection":[{"href":"https:\/\/educacaocomproposito.com.br\/index.php\/wp-json\/wp\/v2\/product"}],"about":[{"href":"https:\/\/educacaocomproposito.com.br\/index.php\/wp-json\/wp\/v2\/types\/product"}],"replies":[{"embeddable":true,"href":"https:\/\/educacaocomproposito.com.br\/index.php\/wp-json\/wp\/v2\/comments?post=24914"}],"version-history":[{"count":2,"href":"https:\/\/educacaocomproposito.com.br\/index.php\/wp-json\/wp\/v2\/product\/24914\/revisions"}],"predecessor-version":[{"id":61967,"href":"https:\/\/educacaocomproposito.com.br\/index.php\/wp-json\/wp\/v2\/product\/24914\/revisions\/61967"}],"wp:featuredmedia":[{"embeddable":true,"href":"https:\/\/educacaocomproposito.com.br\/index.php\/wp-json\/wp\/v2\/media\/24925"}],"wp:attachment":[{"href":"https:\/\/educacaocomproposito.com.br\/index.php\/wp-json\/wp\/v2\/media?parent=24914"}],"wp:term":[{"taxonomy":"product_brand","embeddable":true,"href":"https:\/\/educacaocomproposito.com.br\/index.php\/wp-json\/wp\/v2\/product_brand?post=24914"},{"taxonomy":"product_cat","embeddable":true,"href":"https:\/\/educacaocomproposito.com.br\/index.php\/wp-json\/wp\/v2\/product_cat?post=24914"},{"taxonomy":"product_tag","embeddable":true,"href":"https:\/\/educacaocomproposito.com.br\/index.php\/wp-json\/wp\/v2\/product_tag?post=24914"}],"curies":[{"name":"wp","href":"https:\/\/api.w.org\/{rel}","templated":true}]}}