{"id":25797,"date":"2025-03-11T22:10:32","date_gmt":"2025-03-12T01:10:32","guid":{"rendered":"https:\/\/educacaocomproposito.com.br\/?post_type=product&#038;p=25797"},"modified":"2026-03-02T17:44:55","modified_gmt":"2026-03-02T20:44:55","slug":"kit-dia-mundial-da-agua-2025","status":"publish","type":"product","link":"https:\/\/educacaocomproposito.com.br\/index.php\/product\/kit-dia-mundial-da-agua-2025\/","title":{"rendered":"Kit &#8211; Dia Mundial da \u00c1gua 2025"},"content":{"rendered":"<p><strong>\u2728 O QUE INCLUI?<\/strong><br \/>\ud83d\udccc <strong>Painel Interativo<\/strong> \u2013 Medida aproximada: <strong>146,5x78cm<\/strong> (composto por <strong>24 p\u00e1ginas A4 \u2013 formato retrato<\/strong>). Ideal para montar um painel visualmente impactante, despertando a conscientiza\u00e7\u00e3o de forma din\u00e2mica.<br \/>\ud83d\udccc <strong>Mini Banners Educativos<\/strong> \u2013 Dois banners informativos:<br \/>\u2705 <strong>&#8220;Voc\u00ea sabia?&#8221;<\/strong> \u2013 Curiosidades e dados importantes sobre a \u00e1gua.<br \/>\u2705 <strong>&#8220;Dicas para economizar \u00e1gua&#8221;<\/strong> \u2013 Pequenos h\u00e1bitos que fazem grande diferen\u00e7a.<br \/>\ud83d\udccc Cada banner \u00e9 composto por <strong>8 folhas A4<\/strong>, facilitando a impress\u00e3o e montagem.<br \/>\ud83d\udccc <strong>Mini Informativo para os Estudantes<\/strong> \u2013 Um material compacto e educativo com <strong>curiosidades e dicas<\/strong> sobre o uso consciente da \u00e1gua. Perfeito para distribuir entre os alunos, incentivando boas pr\u00e1ticas dentro e fora da escola.<br \/>\ud83c\udf1f <strong>Com esse kit, voc\u00ea transforma a educa\u00e7\u00e3o ambiental em uma experi\u00eancia visual e interativa, inspirando mudan\u00e7as reais na comunidade escolar.<\/strong> Fa\u00e7a parte dessa causa e ajude a preservar o recurso mais precioso do planeta!<\/p>\n<p>\ud83d\udda8\ufe0f\u00a0<strong>Detalhes T\u00e9cnicos<\/strong><br \/>\ud83d\udcc2 Arquivo\u00a0<strong>100% digital<\/strong>, em\u00a0<strong>PDF pronto para impress\u00e3o<\/strong><br \/>\ud83d\udeab\u00a0<strong>N\u00e3o enviamos arquivos f\u00edsicos pelos Correios.<\/strong><br \/>\u26a0\ufe0f\u00a0<strong>Uso pessoal. Proibida a revenda.<\/strong><\/p>\n<p><strong>\ud83d\udce5 Como acessar seu arquivo<br \/>Ap\u00f3s a confirma\u00e7\u00e3o do pagamento, voc\u00ea poder\u00e1 baixar o seu produto de tr\u00eas formas pr\u00e1ticas:<br \/><\/strong>1\ufe0f\u20e3 Via e-mail<br \/>Voc\u00ea receber\u00e1 um e-mail com o t\u00edtulo \u201cSeu arquivo chegou\u201d.<br \/>Lembre-se de verificar tamb\u00e9m a caixa de Spam\/Lixo eletr\u00f4nico.<br \/>Para baixar, clique em todos os t\u00edtulos destacados e sublinhados na se\u00e7\u00e3o de Downloads.<br \/>2\ufe0f\u20e3 Via WhatsApp<br \/>Voc\u00ea receber\u00e1 uma mensagem autom\u00e1tica em seu WhatsApp.<br \/>Para receber o arquivo por l\u00e1, basta clicar no bot\u00e3o: \u201cRECEBER meu pedido aqui\u201d.<br \/>3\ufe0f\u20e3 Na sua \u00c1rea do Cliente (site)<br \/>Clique nas tr\u00eas linhas no canto superior esquerdo.<br \/>Acesse Minha Conta &gt; Downloads.<br \/>Baixe diretamente todos os produtos adquiridos.<br \/><strong>\ud83d\udccc Qualquer d\u00favida, nosso suporte est\u00e1 \u00e0 disposi\u00e7\u00e3o:<br \/>(11) 94050-7483.<\/strong><\/p>\n","protected":false},"excerpt":{"rendered":"<p><strong>Incentive a conscientiza\u00e7\u00e3o sobre a import\u00e2ncia da \u00e1gua com um material completo<\/strong>! \ud83c\udf0d\ud83d\udca7<\/p>\n","protected":false},"featured_media":106234,"comment_status":"open","ping_status":"closed","template":"","meta":{"bwfblock_default_font":"","_uf_show_specific_survey":0,"_uf_disable_surveys":false},"product_brand":[],"product_cat":[37],"product_tag":[47],"class_list":{"0":"post-25797","1":"product","2":"type-product","3":"status-publish","4":"has-post-thumbnail","6":"product_cat-datas-comemorativas","7":"product_tag-datas-comemorativas","9":"first","10":"instock","11":"sale","12":"downloadable","13":"virtual","14":"sold-individually","15":"taxable","16":"purchasable","17":"product-type-simple"},"aioseo_notices":[],"_links":{"self":[{"href":"https:\/\/educacaocomproposito.com.br\/index.php\/wp-json\/wp\/v2\/product\/25797","targetHints":{"allow":["GET"]}}],"collection":[{"href":"https:\/\/educacaocomproposito.com.br\/index.php\/wp-json\/wp\/v2\/product"}],"about":[{"href":"https:\/\/educacaocomproposito.com.br\/index.php\/wp-json\/wp\/v2\/types\/product"}],"replies":[{"embeddable":true,"href":"https:\/\/educacaocomproposito.com.br\/index.php\/wp-json\/wp\/v2\/comments?post=25797"}],"version-history":[{"count":3,"href":"https:\/\/educacaocomproposito.com.br\/index.php\/wp-json\/wp\/v2\/product\/25797\/revisions"}],"predecessor-version":[{"id":61964,"href":"https:\/\/educacaocomproposito.com.br\/index.php\/wp-json\/wp\/v2\/product\/25797\/revisions\/61964"}],"wp:featuredmedia":[{"embeddable":true,"href":"https:\/\/educacaocomproposito.com.br\/index.php\/wp-json\/wp\/v2\/media\/106234"}],"wp:attachment":[{"href":"https:\/\/educacaocomproposito.com.br\/index.php\/wp-json\/wp\/v2\/media?parent=25797"}],"wp:term":[{"taxonomy":"product_brand","embeddable":true,"href":"https:\/\/educacaocomproposito.com.br\/index.php\/wp-json\/wp\/v2\/product_brand?post=25797"},{"taxonomy":"product_cat","embeddable":true,"href":"https:\/\/educacaocomproposito.com.br\/index.php\/wp-json\/wp\/v2\/product_cat?post=25797"},{"taxonomy":"product_tag","embeddable":true,"href":"https:\/\/educacaocomproposito.com.br\/index.php\/wp-json\/wp\/v2\/product_tag?post=25797"}],"curies":[{"name":"wp","href":"https:\/\/api.w.org\/{rel}","templated":true}]}}