{"id":25930,"date":"2025-03-12T13:15:48","date_gmt":"2025-03-12T16:15:48","guid":{"rendered":"https:\/\/educacaocomproposito.com.br\/?post_type=product&#038;p=25930"},"modified":"2025-08-26T14:34:10","modified_gmt":"2025-08-26T17:34:10","slug":"moldura-para-bambole-22-de-marco-dia-da-agua-2025","status":"publish","type":"product","link":"https:\/\/educacaocomproposito.com.br\/index.php\/product\/moldura-para-bambole-22-de-marco-dia-da-agua-2025\/","title":{"rendered":"Moldura para Bambol\u00ea \u2013 22 de Mar\u00e7o \u2013 Dia Mundial da \u00c1gua 2025"},"content":{"rendered":"<p>\ud83d\udfe2\u00a0<strong>Tamanho:<\/strong>\u00a0Para bambol\u00eas de\u00a0<strong>65cm<\/strong><br \/>\ud83d\udcc4\u00a0<strong>Arquivo digital em PDF<\/strong>\u00a0\u2013 pronto para impress\u00e3o.<br \/>\ud83d\udcd1\u00a0<strong>12 p\u00e1ginas<\/strong>\u00a0com elementos decorativos vibrantes.<\/p>\n<p>\ud83d\udda8\ufe0f\u00a0<strong>Detalhes T\u00e9cnicos<\/strong><br \/>\ud83d\udcc2 Arquivo\u00a0<strong>100% digital<\/strong>, em\u00a0<strong>PDF pronto para impress\u00e3o<\/strong>.<br \/>\ud83d\udeab\u00a0<strong>N\u00e3o enviamos arquivos f\u00edsicos pelos Correios.<\/strong><br \/>\u26a0\ufe0f\u00a0<strong>Uso pessoal. Proibida a revenda.<\/strong><\/p>\n<p><strong>\ud83d\udce5 Como acessar seu arquivo<br \/>Ap\u00f3s a confirma\u00e7\u00e3o do pagamento, voc\u00ea poder\u00e1 baixar o seu produto de tr\u00eas formas pr\u00e1ticas:<br \/><\/strong>1\ufe0f\u20e3 Via e-mail<br \/>Voc\u00ea receber\u00e1 um e-mail com o t\u00edtulo \u201cSeu arquivo chegou\u201d.<br \/>Lembre-se de verificar tamb\u00e9m a caixa de Spam\/Lixo eletr\u00f4nico.<br \/>Para baixar, clique em todos os t\u00edtulos destacados e sublinhados na se\u00e7\u00e3o de Downloads.<br \/>2\ufe0f\u20e3 Via WhatsApp<br \/>Voc\u00ea receber\u00e1 uma mensagem autom\u00e1tica em seu WhatsApp.<br \/>Para receber o arquivo por l\u00e1, basta clicar no bot\u00e3o: \u201cRECEBER meu pedido aqui\u201d.<br \/>3\ufe0f\u20e3 Na sua \u00c1rea do Cliente (site)<br \/>Clique nas tr\u00eas linhas no canto superior esquerdo.<br \/>Acesse Minha Conta &gt; Downloads.<br \/>Baixe diretamente todos os produtos adquiridos.<br \/><strong>\ud83d\udccc Qualquer d\u00favida, nosso suporte est\u00e1 \u00e0 disposi\u00e7\u00e3o:<br \/>(11) 94050-7483.<\/strong><\/p>\n","protected":false},"excerpt":{"rendered":"<p>Transforme o Dia da \u00c1gua em um momento ainda mais especial com nossa\u00a0<strong>Moldura para Bambol\u00ea Tem\u00e1tica<\/strong>!\u00a0<strong>Perfeita para fotos inesquec\u00edveis!<\/strong>\ud83d\udc99\u2728\ud83d\udcf8<\/p>\n","protected":false},"featured_media":25953,"comment_status":"open","ping_status":"closed","template":"","meta":{"bwfblock_default_font":"","_uf_show_specific_survey":0,"_uf_disable_surveys":false},"product_brand":[],"product_cat":[37],"product_tag":[47],"class_list":{"0":"post-25930","1":"product","2":"type-product","3":"status-publish","4":"has-post-thumbnail","6":"product_cat-datas-comemorativas","7":"product_tag-datas-comemorativas","9":"first","10":"instock","11":"sale","12":"downloadable","13":"virtual","14":"sold-individually","15":"taxable","16":"purchasable","17":"product-type-simple"},"aioseo_notices":[],"_links":{"self":[{"href":"https:\/\/educacaocomproposito.com.br\/index.php\/wp-json\/wp\/v2\/product\/25930","targetHints":{"allow":["GET"]}}],"collection":[{"href":"https:\/\/educacaocomproposito.com.br\/index.php\/wp-json\/wp\/v2\/product"}],"about":[{"href":"https:\/\/educacaocomproposito.com.br\/index.php\/wp-json\/wp\/v2\/types\/product"}],"replies":[{"embeddable":true,"href":"https:\/\/educacaocomproposito.com.br\/index.php\/wp-json\/wp\/v2\/comments?post=25930"}],"version-history":[{"count":4,"href":"https:\/\/educacaocomproposito.com.br\/index.php\/wp-json\/wp\/v2\/product\/25930\/revisions"}],"predecessor-version":[{"id":61963,"href":"https:\/\/educacaocomproposito.com.br\/index.php\/wp-json\/wp\/v2\/product\/25930\/revisions\/61963"}],"wp:featuredmedia":[{"embeddable":true,"href":"https:\/\/educacaocomproposito.com.br\/index.php\/wp-json\/wp\/v2\/media\/25953"}],"wp:attachment":[{"href":"https:\/\/educacaocomproposito.com.br\/index.php\/wp-json\/wp\/v2\/media?parent=25930"}],"wp:term":[{"taxonomy":"product_brand","embeddable":true,"href":"https:\/\/educacaocomproposito.com.br\/index.php\/wp-json\/wp\/v2\/product_brand?post=25930"},{"taxonomy":"product_cat","embeddable":true,"href":"https:\/\/educacaocomproposito.com.br\/index.php\/wp-json\/wp\/v2\/product_cat?post=25930"},{"taxonomy":"product_tag","embeddable":true,"href":"https:\/\/educacaocomproposito.com.br\/index.php\/wp-json\/wp\/v2\/product_tag?post=25930"}],"curies":[{"name":"wp","href":"https:\/\/api.w.org\/{rel}","templated":true}]}}