{"id":27205,"date":"2025-03-19T12:50:09","date_gmt":"2025-03-19T15:50:09","guid":{"rendered":"https:\/\/educacaocomproposito.com.br\/?post_type=product&#038;p=27205"},"modified":"2025-08-26T14:26:14","modified_gmt":"2025-08-26T17:26:14","slug":"caixinha-para-mini-ovo-pascoa-comercial-2025","status":"publish","type":"product","link":"https:\/\/educacaocomproposito.com.br\/index.php\/product\/caixinha-para-mini-ovo-pascoa-comercial-2025\/","title":{"rendered":"Caixinha para Mini Ovo &#8211; P\u00e1scoa Comercial 2025"},"content":{"rendered":"<p>\u2728 <strong>O que est\u00e1 incluso?<\/strong><br \/>\u2705 <strong>1 modelo exclusivo<\/strong> de caixinha para mini ovo<br \/>\u2705 <strong>3 varia\u00e7\u00f5es de cores:<\/strong> rosa, verde claro e marrom<br \/>\u2705 <strong>Design delicado e vers\u00e1til<\/strong>, ideal para escolas, empresas e institui\u00e7\u00f5es<br \/>\u2705 <strong>Tutorial passo a passo<\/strong> para facilitar a montagem<\/p>\n<p>\ud83d\udca1 <strong>Sugest\u00f5es de uso:<\/strong><br \/>\u2714 Escolas que desejam presentear alunos com um mimo especial<br \/>\u2714 Professores que querem oferecer um gesto carinhoso aos seus alunos<br \/>\u2714 Empresas e institui\u00e7\u00f5es que desejam presentear seus funcion\u00e1rios com eleg\u00e2ncia<\/p>\n<p>\ud83d\udda8\ufe0f\u00a0<strong>Detalhes T\u00e9cnicos:<\/strong><br \/>\ud83d\udcc2 Arquivo\u00a0<strong>100% digital<\/strong>, em PDF\u00a0<strong>n\u00e3o edit\u00e1vel<\/strong>.<br \/>\ud83d\udeab\u00a0<strong>N\u00e3o enviamos arquivos f\u00edsicos<\/strong>\u00a0pelos Correios.<br \/>\u26a0\ufe0f\u00a0<strong>Uso pessoal<\/strong>. Proibida a venda e revenda do material f\u00edsico ou digital.<\/p>\n<p><strong>\ud83d\udce5 Como acessar seu arquivo<br \/>Ap\u00f3s a confirma\u00e7\u00e3o do pagamento, voc\u00ea poder\u00e1 baixar o seu produto de tr\u00eas formas pr\u00e1ticas:<br \/><\/strong>1\ufe0f\u20e3 Via e-mail<br \/>Voc\u00ea receber\u00e1 um e-mail com o t\u00edtulo \u201cSeu arquivo chegou\u201d.<br \/>Lembre-se de verificar tamb\u00e9m a caixa de Spam\/Lixo eletr\u00f4nico.<br \/>Para baixar, clique em todos os t\u00edtulos destacados e sublinhados na se\u00e7\u00e3o de Downloads.<br \/>2\ufe0f\u20e3 Via WhatsApp<br \/>Voc\u00ea receber\u00e1 uma mensagem autom\u00e1tica em seu WhatsApp.<br \/>Para receber o arquivo por l\u00e1, basta clicar no bot\u00e3o: \u201cRECEBER meu pedido aqui\u201d.<br \/>3\ufe0f\u20e3 Na sua \u00c1rea do Cliente (site)<br \/>Clique nas tr\u00eas linhas no canto superior esquerdo.<br \/>Acesse Minha Conta &gt; Downloads.<br \/>Baixe diretamente todos os produtos adquiridos.<br \/><strong>\ud83d\udccc Qualquer d\u00favida, nosso suporte est\u00e1 \u00e0 disposi\u00e7\u00e3o:<br \/>(11) 94050-7483.<\/strong><\/p>\n","protected":false},"excerpt":{"rendered":"<p>Celebre a P\u00e1scoa com um toque especial e carinhoso! Esta <strong>caixinha personalizada<\/strong> \u00e9 perfeita para presentear alunos, funcion\u00e1rios ou colegas de trabalho com um mini ovo de chocolate, tornando a data ainda mais doce e significativa.<\/p>\n","protected":false},"featured_media":27209,"comment_status":"open","ping_status":"closed","template":"","meta":{"bwfblock_default_font":"","_uf_show_specific_survey":0,"_uf_disable_surveys":false},"product_brand":[],"product_cat":[37,76],"product_tag":[47,77],"class_list":{"0":"post-27205","1":"product","2":"type-product","3":"status-publish","4":"has-post-thumbnail","6":"product_cat-datas-comemorativas","7":"product_cat-pascoa","8":"product_tag-datas-comemorativas","9":"product_tag-pascoa","11":"first","12":"instock","13":"sale","14":"downloadable","15":"virtual","16":"sold-individually","17":"taxable","18":"purchasable","19":"product-type-simple"},"aioseo_notices":[],"_links":{"self":[{"href":"https:\/\/educacaocomproposito.com.br\/index.php\/wp-json\/wp\/v2\/product\/27205","targetHints":{"allow":["GET"]}}],"collection":[{"href":"https:\/\/educacaocomproposito.com.br\/index.php\/wp-json\/wp\/v2\/product"}],"about":[{"href":"https:\/\/educacaocomproposito.com.br\/index.php\/wp-json\/wp\/v2\/types\/product"}],"replies":[{"embeddable":true,"href":"https:\/\/educacaocomproposito.com.br\/index.php\/wp-json\/wp\/v2\/comments?post=27205"}],"version-history":[{"count":2,"href":"https:\/\/educacaocomproposito.com.br\/index.php\/wp-json\/wp\/v2\/product\/27205\/revisions"}],"predecessor-version":[{"id":61955,"href":"https:\/\/educacaocomproposito.com.br\/index.php\/wp-json\/wp\/v2\/product\/27205\/revisions\/61955"}],"wp:featuredmedia":[{"embeddable":true,"href":"https:\/\/educacaocomproposito.com.br\/index.php\/wp-json\/wp\/v2\/media\/27209"}],"wp:attachment":[{"href":"https:\/\/educacaocomproposito.com.br\/index.php\/wp-json\/wp\/v2\/media?parent=27205"}],"wp:term":[{"taxonomy":"product_brand","embeddable":true,"href":"https:\/\/educacaocomproposito.com.br\/index.php\/wp-json\/wp\/v2\/product_brand?post=27205"},{"taxonomy":"product_cat","embeddable":true,"href":"https:\/\/educacaocomproposito.com.br\/index.php\/wp-json\/wp\/v2\/product_cat?post=27205"},{"taxonomy":"product_tag","embeddable":true,"href":"https:\/\/educacaocomproposito.com.br\/index.php\/wp-json\/wp\/v2\/product_tag?post=27205"}],"curies":[{"name":"wp","href":"https:\/\/api.w.org\/{rel}","templated":true}]}}