{"id":27271,"date":"2025-03-19T13:38:43","date_gmt":"2025-03-19T16:38:43","guid":{"rendered":"https:\/\/educacaocomproposito.com.br\/?post_type=product&#038;p=27271"},"modified":"2025-08-26T13:57:18","modified_gmt":"2025-08-26T16:57:18","slug":"combo-especial-de-pascoa-pascoa-comercial-2025","status":"publish","type":"product","link":"https:\/\/educacaocomproposito.com.br\/index.php\/product\/combo-especial-de-pascoa-pascoa-comercial-2025\/","title":{"rendered":"Combo Especial de P\u00e1scoa &#8211; P\u00e1scoa Comercial 2025"},"content":{"rendered":"<p>\u2728 O que est\u00e1 incluso?<br \/>\ud83d\udccc Caixa Envelope para KitKat (3 cores: rosa, verde claro e marrom)<br \/>\ud83d\udccc Porta Bis para 4 unidades (3 cores: rosa, verde claro e marrom)<br \/>\ud83d\udccc Tag para Bis (1 unidade) (3 cores: rosa, verde claro e marrom)<br \/>\ud83d\udccc Caixinha para Mini Ovo (3 cores: rosa, verde claro e marrom)<br \/>\ud83d\udccc Lapela de Doces &#8211; P\u00e1scoa Comercial (4 cores: rosa, verde claro, marrom e amarelo)<br \/>\ud83d\udccc Tag para Chocolate La Creme &#8211; Cacau Show (3 cores: rosa, verde claro e marrom)<br \/>\ud83d\udccc Caixa Envelope para Barra de Chocolate (3 cores: rosa, verde claro e marrom)<\/p>\n<p>\ud83d\udca1 <strong>Perfeito para:<\/strong><br \/>\u2705 <strong>Acompanha tutorial para auxiliar na montagem de todos os itens<\/strong><br \/>\u2705 <strong>Arquivos prontos para imprimir e montar com facilidade<\/strong><br \/>\u2705 <strong>Ideal para escolas, empresas, professores e lojistas que querem oferecer presentes especiais nesta P\u00e1scoa<\/strong><\/p>\n<p>\ud83d\udda8\ufe0f\u00a0<strong>Detalhes T\u00e9cnicos:<\/strong><br \/>\ud83d\udcc2 Arquivo\u00a0<strong>100% digital<\/strong>, em PDF\u00a0<strong>n\u00e3o edit\u00e1vel<\/strong>.<br \/>\ud83d\udeab\u00a0<strong>N\u00e3o enviamos arquivos f\u00edsicos<\/strong>\u00a0pelos Correios.<br \/>\u26a0\ufe0f\u00a0<strong>Uso pessoal<\/strong>. Proibida a venda e revenda do material f\u00edsico ou digital.<\/p>\n<p><strong>\ud83d\udce5 Como acessar seu arquivo<br \/>Ap\u00f3s a confirma\u00e7\u00e3o do pagamento, voc\u00ea poder\u00e1 baixar o seu produto de tr\u00eas formas pr\u00e1ticas:<br \/><\/strong>1\ufe0f\u20e3 Via e-mail<br \/>Voc\u00ea receber\u00e1 um e-mail com o t\u00edtulo \u201cSeu arquivo chegou\u201d.<br \/>Lembre-se de verificar tamb\u00e9m a caixa de Spam\/Lixo eletr\u00f4nico.<br \/>Para baixar, clique em todos os t\u00edtulos destacados e sublinhados na se\u00e7\u00e3o de Downloads.<br \/>2\ufe0f\u20e3 Via WhatsApp<br \/>Voc\u00ea receber\u00e1 uma mensagem autom\u00e1tica em seu WhatsApp.<br \/>Para receber o arquivo por l\u00e1, basta clicar no bot\u00e3o: \u201cRECEBER meu pedido aqui\u201d.<br \/>3\ufe0f\u20e3 Na sua \u00c1rea do Cliente (site)<br \/>Clique nas tr\u00eas linhas no canto superior esquerdo.<br \/>Acesse Minha Conta &gt; Downloads.<br \/>Baixe diretamente todos os produtos adquiridos.<br \/><strong>\ud83d\udccc Qualquer d\u00favida, nosso suporte est\u00e1 \u00e0 disposi\u00e7\u00e3o:<br \/>(11) 94050-7483.<\/strong><\/p>\n","protected":false},"excerpt":{"rendered":"<p>Facilite sua P\u00e1scoa com este <strong>combo completo de arquivos digitais<\/strong>, perfeito para presentear alunos, funcion\u00e1rios ou clientes com embalagens personalizadas e encantadoras! Com este kit, voc\u00ea ter\u00e1 <strong>diversas op\u00e7\u00f5es para embalar chocolates e doces de forma criativa e especial.<\/strong><\/p>\n","protected":false},"featured_media":27318,"comment_status":"open","ping_status":"closed","template":"","meta":{"bwfblock_default_font":"","_uf_show_specific_survey":0,"_uf_disable_surveys":false},"product_brand":[],"product_cat":[37,76],"product_tag":[47,77],"class_list":{"0":"post-27271","1":"product","2":"type-product","3":"status-publish","4":"has-post-thumbnail","6":"product_cat-datas-comemorativas","7":"product_cat-pascoa","8":"product_tag-datas-comemorativas","9":"product_tag-pascoa","11":"first","12":"instock","13":"sale","14":"downloadable","15":"virtual","16":"sold-individually","17":"taxable","18":"purchasable","19":"product-type-simple"},"aioseo_notices":[],"_links":{"self":[{"href":"https:\/\/educacaocomproposito.com.br\/index.php\/wp-json\/wp\/v2\/product\/27271","targetHints":{"allow":["GET"]}}],"collection":[{"href":"https:\/\/educacaocomproposito.com.br\/index.php\/wp-json\/wp\/v2\/product"}],"about":[{"href":"https:\/\/educacaocomproposito.com.br\/index.php\/wp-json\/wp\/v2\/types\/product"}],"replies":[{"embeddable":true,"href":"https:\/\/educacaocomproposito.com.br\/index.php\/wp-json\/wp\/v2\/comments?post=27271"}],"version-history":[{"count":2,"href":"https:\/\/educacaocomproposito.com.br\/index.php\/wp-json\/wp\/v2\/product\/27271\/revisions"}],"predecessor-version":[{"id":61942,"href":"https:\/\/educacaocomproposito.com.br\/index.php\/wp-json\/wp\/v2\/product\/27271\/revisions\/61942"}],"wp:featuredmedia":[{"embeddable":true,"href":"https:\/\/educacaocomproposito.com.br\/index.php\/wp-json\/wp\/v2\/media\/27318"}],"wp:attachment":[{"href":"https:\/\/educacaocomproposito.com.br\/index.php\/wp-json\/wp\/v2\/media?parent=27271"}],"wp:term":[{"taxonomy":"product_brand","embeddable":true,"href":"https:\/\/educacaocomproposito.com.br\/index.php\/wp-json\/wp\/v2\/product_brand?post=27271"},{"taxonomy":"product_cat","embeddable":true,"href":"https:\/\/educacaocomproposito.com.br\/index.php\/wp-json\/wp\/v2\/product_cat?post=27271"},{"taxonomy":"product_tag","embeddable":true,"href":"https:\/\/educacaocomproposito.com.br\/index.php\/wp-json\/wp\/v2\/product_tag?post=27271"}],"curies":[{"name":"wp","href":"https:\/\/api.w.org\/{rel}","templated":true}]}}