{"id":30328,"date":"2025-04-01T19:01:27","date_gmt":"2025-04-01T22:01:27","guid":{"rendered":"https:\/\/educacaocomproposito.com.br\/?post_type=product&#038;p=30328"},"modified":"2025-08-26T13:47:30","modified_gmt":"2025-08-26T16:47:30","slug":"caixinha-para-mini-ovo-pascoa-crista-2025","status":"publish","type":"product","link":"https:\/\/educacaocomproposito.com.br\/index.php\/product\/caixinha-para-mini-ovo-pascoa-crista-2025\/","title":{"rendered":"Caixinha para Mini Ovo \u2013 P\u00e1scoa Crist\u00e3 2025"},"content":{"rendered":"<p>\u2728 O que est\u00e1 incluso?<br \/>\u2705 1 modelo exclusivo de caixinha para mini ovo<br \/>\u2705 Tutorial passo a passo para facilitar a montagem<br \/>\u2705 2 caixinhas por folha A4.<\/p>\n<p>\ud83d\udda8\ufe0f Detalhes T\u00e9cnicos:<br \/>\ud83d\udcc2 Arquivo 100% digital, em PDF n\u00e3o edit\u00e1vel.<br \/>\ud83d\udeab N\u00e3o enviamos arquivos f\u00edsicos pelos Correios.<br \/>\u26a0\ufe0f Uso pessoal. Proibida a venda e revenda do material f\u00edsico ou digital.<\/p>\n<p><strong>\ud83d\udce5 Como acessar seu arquivo<br \/>Ap\u00f3s a confirma\u00e7\u00e3o do pagamento, voc\u00ea poder\u00e1 baixar o seu produto de tr\u00eas formas pr\u00e1ticas:<br \/><\/strong>1\ufe0f\u20e3 Via e-mail<br \/>Voc\u00ea receber\u00e1 um e-mail com o t\u00edtulo \u201cSeu arquivo chegou\u201d.<br \/>Lembre-se de verificar tamb\u00e9m a caixa de Spam\/Lixo eletr\u00f4nico.<br \/>Para baixar, clique em todos os t\u00edtulos destacados e sublinhados na se\u00e7\u00e3o de Downloads.<br \/>2\ufe0f\u20e3 Via WhatsApp<br \/>Voc\u00ea receber\u00e1 uma mensagem autom\u00e1tica em seu WhatsApp.<br \/>Para receber o arquivo por l\u00e1, basta clicar no bot\u00e3o: \u201cRECEBER meu pedido aqui\u201d.<br \/>3\ufe0f\u20e3 Na sua \u00c1rea do Cliente (site)<br \/>Clique nas tr\u00eas linhas no canto superior esquerdo.<br \/>Acesse Minha Conta &gt; Downloads.<br \/>Baixe diretamente todos os produtos adquiridos.<br \/><strong>\ud83d\udccc Qualquer d\u00favida, nosso suporte est\u00e1 \u00e0 disposi\u00e7\u00e3o:<br \/>(11) 94050-7483.<\/strong><\/p>\n","protected":false},"excerpt":{"rendered":"<p>Esta caixinha personalizada \u00e9 perfeita para embalar um mini ovo de chocolate e transmitir uma mensagem de f\u00e9, renova\u00e7\u00e3o e esperan\u00e7a. Um gesto carinhoso para presentear alunos, funcion\u00e1rios ou colegas de trabalho, lembrando que o maior presente foi a vida que Jesus nos deu atrav\u00e9s da cruz e da ressurrei\u00e7\u00e3o.<\/p>\n","protected":false},"featured_media":30329,"comment_status":"open","ping_status":"closed","template":"","meta":{"bwfblock_default_font":"","_uf_show_specific_survey":0,"_uf_disable_surveys":false},"product_brand":[],"product_cat":[37,76],"product_tag":[47,77],"class_list":{"0":"post-30328","1":"product","2":"type-product","3":"status-publish","4":"has-post-thumbnail","6":"product_cat-datas-comemorativas","7":"product_cat-pascoa","8":"product_tag-datas-comemorativas","9":"product_tag-pascoa","11":"first","12":"instock","13":"sale","14":"downloadable","15":"virtual","16":"sold-individually","17":"taxable","18":"purchasable","19":"product-type-simple"},"aioseo_notices":[],"_links":{"self":[{"href":"https:\/\/educacaocomproposito.com.br\/index.php\/wp-json\/wp\/v2\/product\/30328","targetHints":{"allow":["GET"]}}],"collection":[{"href":"https:\/\/educacaocomproposito.com.br\/index.php\/wp-json\/wp\/v2\/product"}],"about":[{"href":"https:\/\/educacaocomproposito.com.br\/index.php\/wp-json\/wp\/v2\/types\/product"}],"replies":[{"embeddable":true,"href":"https:\/\/educacaocomproposito.com.br\/index.php\/wp-json\/wp\/v2\/comments?post=30328"}],"version-history":[{"count":2,"href":"https:\/\/educacaocomproposito.com.br\/index.php\/wp-json\/wp\/v2\/product\/30328\/revisions"}],"predecessor-version":[{"id":61925,"href":"https:\/\/educacaocomproposito.com.br\/index.php\/wp-json\/wp\/v2\/product\/30328\/revisions\/61925"}],"wp:featuredmedia":[{"embeddable":true,"href":"https:\/\/educacaocomproposito.com.br\/index.php\/wp-json\/wp\/v2\/media\/30329"}],"wp:attachment":[{"href":"https:\/\/educacaocomproposito.com.br\/index.php\/wp-json\/wp\/v2\/media?parent=30328"}],"wp:term":[{"taxonomy":"product_brand","embeddable":true,"href":"https:\/\/educacaocomproposito.com.br\/index.php\/wp-json\/wp\/v2\/product_brand?post=30328"},{"taxonomy":"product_cat","embeddable":true,"href":"https:\/\/educacaocomproposito.com.br\/index.php\/wp-json\/wp\/v2\/product_cat?post=30328"},{"taxonomy":"product_tag","embeddable":true,"href":"https:\/\/educacaocomproposito.com.br\/index.php\/wp-json\/wp\/v2\/product_tag?post=30328"}],"curies":[{"name":"wp","href":"https:\/\/api.w.org\/{rel}","templated":true}]}}