{"id":3164,"date":"2024-10-22T09:36:37","date_gmt":"2024-10-22T12:36:37","guid":{"rendered":"https:\/\/educacaocomproposito.com.br\/?post_type=product&#038;p=3164"},"modified":"2025-08-26T15:11:44","modified_gmt":"2025-08-26T18:11:44","slug":"kit-bullying-2024","status":"publish","type":"product","link":"https:\/\/educacaocomproposito.com.br\/index.php\/product\/kit-bullying-2024\/","title":{"rendered":"Kit &#8211; Bullying 2024"},"content":{"rendered":"<p><strong>O kit inclui:<\/strong><br \/><strong>&#8211; 2 vers\u00f5es de pain\u00e9is grandes <\/strong>(aproximadamente 110x80cm) para destacar o tema e refor\u00e7ar a import\u00e2ncia da gentileza, respeito e empatia.<br \/>&#8211; <strong>4 banners <\/strong>complementares que abordam t\u00f3picos essenciais:<br \/>O que \u00e9 bullying;<br \/>Por que n\u00e3o praticar bullying;<br \/>Voc\u00ea est\u00e1 sofrendo bullying?;<br \/>Como agir se conhecer algu\u00e9m que est\u00e1 sendo v\u00edtima de bullying;<br \/>&#8211; <strong>Banner &#8220;Checklist di\u00e1rio sobre bullying&#8221;<\/strong>: Ferramenta pr\u00e1tica para que os alunos reflitam diariamente sobre suas atitudes e as de seus colegas, ajudando a promover um ambiente escolar mais saud\u00e1vel.<\/p>\n<p><strong>Materiais de apoio:<\/strong><br \/><strong>&#8211; PDF estilo slide explicativo:<\/strong> Uma apresenta\u00e7\u00e3o did\u00e1tica que pode ser usada com as crian\u00e7as para iniciar conversas importantes sobre o tema.<br \/>&#8211; <strong>Din\u00e2mica &#8220;Quebrando o Sil\u00eancio&#8221;<\/strong>: Atividade interativa que incentiva os alunos a expressarem suas experi\u00eancias e sentimentos, criando um espa\u00e7o seguro para di\u00e1logo e conscientiza\u00e7\u00e3o. A din\u00e2mica vem com passo a passo completo e materiais de apoio para facilitar sua aplica\u00e7\u00e3o.<\/p>\n<p><strong>Detalhes T\u00e9cnicos:<\/strong><br \/>Arquivo 100% digital, pronto para impress\u00e3o. N\u00c3O ENVIAMOS PELOS CORREIOS.<\/p>\n<p><strong>\ud83d\udce5 Como acessar seu arquivo<br \/>Ap\u00f3s a confirma\u00e7\u00e3o do pagamento, voc\u00ea poder\u00e1 baixar o seu produto de tr\u00eas formas pr\u00e1ticas:<br \/><\/strong>1\ufe0f\u20e3 Via e-mail<br \/>Voc\u00ea receber\u00e1 um e-mail com o t\u00edtulo \u201cSeu arquivo chegou\u201d.<br \/>Lembre-se de verificar tamb\u00e9m a caixa de Spam\/Lixo eletr\u00f4nico.<br \/>Para baixar, clique em todos os t\u00edtulos destacados e sublinhados na se\u00e7\u00e3o de Downloads.<br \/>2\ufe0f\u20e3 Via WhatsApp<br \/>Voc\u00ea receber\u00e1 uma mensagem autom\u00e1tica em seu WhatsApp.<br \/>Para receber o arquivo por l\u00e1, basta clicar no bot\u00e3o: \u201cRECEBER meu pedido aqui\u201d.<br \/>3\ufe0f\u20e3 Na sua \u00c1rea do Cliente (site)<br \/>Clique nas tr\u00eas linhas no canto superior esquerdo.<br \/>Acesse Minha Conta &gt; Downloads.<br \/>Baixe diretamente todos os produtos adquiridos.<br \/><strong>\ud83d\udccc Qualquer d\u00favida, nosso suporte est\u00e1 \u00e0 disposi\u00e7\u00e3o:<br \/>(11) 94050-7483.<\/strong><\/p>\n","protected":false},"excerpt":{"rendered":"<p>Apresente o tema do bullying de forma did\u00e1tica e impactante com o <strong>Kit Anti-Bullying<\/strong>. Este kit foi desenvolvido especialmente para ajudar professores a conscientizar seus alunos sobre os perigos do bullying, como identific\u00e1-lo e, principalmente, como combat\u00ea-lo de maneira eficaz e colaborativa.<\/p>\n","protected":false},"featured_media":3165,"comment_status":"open","ping_status":"closed","template":"","meta":{"bwfblock_default_font":"","_uf_show_specific_survey":0,"_uf_disable_surveys":false},"product_brand":[],"product_cat":[37],"product_tag":[47],"class_list":{"0":"post-3164","1":"product","2":"type-product","3":"status-publish","4":"has-post-thumbnail","6":"product_cat-datas-comemorativas","7":"product_tag-datas-comemorativas","9":"first","10":"instock","11":"sale","12":"downloadable","13":"virtual","14":"sold-individually","15":"taxable","16":"purchasable","17":"product-type-simple"},"aioseo_notices":[],"_links":{"self":[{"href":"https:\/\/educacaocomproposito.com.br\/index.php\/wp-json\/wp\/v2\/product\/3164","targetHints":{"allow":["GET"]}}],"collection":[{"href":"https:\/\/educacaocomproposito.com.br\/index.php\/wp-json\/wp\/v2\/product"}],"about":[{"href":"https:\/\/educacaocomproposito.com.br\/index.php\/wp-json\/wp\/v2\/types\/product"}],"replies":[{"embeddable":true,"href":"https:\/\/educacaocomproposito.com.br\/index.php\/wp-json\/wp\/v2\/comments?post=3164"}],"version-history":[{"count":3,"href":"https:\/\/educacaocomproposito.com.br\/index.php\/wp-json\/wp\/v2\/product\/3164\/revisions"}],"predecessor-version":[{"id":62015,"href":"https:\/\/educacaocomproposito.com.br\/index.php\/wp-json\/wp\/v2\/product\/3164\/revisions\/62015"}],"wp:featuredmedia":[{"embeddable":true,"href":"https:\/\/educacaocomproposito.com.br\/index.php\/wp-json\/wp\/v2\/media\/3165"}],"wp:attachment":[{"href":"https:\/\/educacaocomproposito.com.br\/index.php\/wp-json\/wp\/v2\/media?parent=3164"}],"wp:term":[{"taxonomy":"product_brand","embeddable":true,"href":"https:\/\/educacaocomproposito.com.br\/index.php\/wp-json\/wp\/v2\/product_brand?post=3164"},{"taxonomy":"product_cat","embeddable":true,"href":"https:\/\/educacaocomproposito.com.br\/index.php\/wp-json\/wp\/v2\/product_cat?post=3164"},{"taxonomy":"product_tag","embeddable":true,"href":"https:\/\/educacaocomproposito.com.br\/index.php\/wp-json\/wp\/v2\/product_tag?post=3164"}],"curies":[{"name":"wp","href":"https:\/\/api.w.org\/{rel}","templated":true}]}}