{"id":32123,"date":"2025-04-08T20:09:01","date_gmt":"2025-04-08T23:09:01","guid":{"rendered":"https:\/\/educacaocomproposito.com.br\/?post_type=product&#038;p=32123"},"modified":"2025-08-25T17:27:10","modified_gmt":"2025-08-25T20:27:10","slug":"painel-especial-mae-voce-e-o-motivo-do-meu-sorriso","status":"publish","type":"product","link":"https:\/\/educacaocomproposito.com.br\/index.php\/product\/painel-especial-mae-voce-e-o-motivo-do-meu-sorriso\/","title":{"rendered":"Painel Especial &#8211; &#8220;M\u00e3e, voc\u00ea \u00e9 o motivo do meu sorriso&#8221;"},"content":{"rendered":"<p>\ud83c\udf38 <strong>O que voc\u00ea encontra no arquivo:<\/strong><br \/>\u2705 Painel base com <strong>21 p\u00e1ginas A4<\/strong> \u2013 medida aproximada: <strong>129x86cm<\/strong><br \/>\u2705 Vers\u00e3o completa com todos os elementos decorativos \u2013 <strong>35 p\u00e1ginas A4<\/strong> \u2013 medida aproximada: <strong>227x86cm<\/strong><br \/>\u2705 <strong>Tags personaliz\u00e1veis<\/strong> no Canva (vers\u00e3o gratuita ou paga)<br \/>\u2705 <strong>Tutorial de edi\u00e7\u00e3o incluso<\/strong> para te ajudar passo a passo<\/p>\n<p>\u2728 Ideal para compor pain\u00e9is escolares, murais e decora\u00e7\u00f5es afetivas que encantam e valorizam o v\u00ednculo entre m\u00e3es e filhos.<\/p>\n<p>\ud83d\udda8\ufe0f\u00a0<strong>Detalhes T\u00e9cnicos:<\/strong><br \/>\ud83d\udcc2 Arquivo\u00a0<strong>100% digital<\/strong>, em PDF\u00a0<strong>n\u00e3o edit\u00e1vel<\/strong>.<br \/>\ud83d\udeab\u00a0<strong>N\u00e3o enviamos arquivos f\u00edsicos<\/strong>\u00a0pelos Correios.<br \/>\u26a0\ufe0f\u00a0<strong>Uso pessoal<\/strong>. Proibida a venda e revenda do material f\u00edsico ou digital.<\/p>\n<p><strong>\ud83d\udce5 Como acessar seu arquivo<br \/>Ap\u00f3s a confirma\u00e7\u00e3o do pagamento, voc\u00ea poder\u00e1 baixar o seu produto de tr\u00eas formas pr\u00e1ticas:<br \/><\/strong>1\ufe0f\u20e3 Via e-mail<br \/>Voc\u00ea receber\u00e1 um e-mail com o t\u00edtulo \u201cSeu arquivo chegou\u201d.<br \/>Lembre-se de verificar tamb\u00e9m a caixa de Spam\/Lixo eletr\u00f4nico.<br \/>Para baixar, clique em todos os t\u00edtulos destacados e sublinhados na se\u00e7\u00e3o de Downloads.<br \/>2\ufe0f\u20e3 Via WhatsApp<br \/>Voc\u00ea receber\u00e1 uma mensagem autom\u00e1tica em seu WhatsApp.<br \/>Para receber o arquivo por l\u00e1, basta clicar no bot\u00e3o: \u201cRECEBER meu pedido aqui\u201d.<br \/>3\ufe0f\u20e3 Na sua \u00c1rea do Cliente (site)<br \/>Clique nas tr\u00eas linhas no canto superior esquerdo.<br \/>Acesse Minha Conta &gt; Downloads.<br \/>Baixe diretamente todos os produtos adquiridos.<br \/><strong>\ud83d\udccc Qualquer d\u00favida, nosso suporte est\u00e1 \u00e0 disposi\u00e7\u00e3o:<br \/>(11) 94050-7483.<\/strong><\/p>\n","protected":false},"excerpt":{"rendered":"<p>Celebre o Dia das M\u00e3es com um painel encantador e cheio de significado! Pensado para deixar sua sala e escola ainda mais acolhedora e especial nessa data t\u00e3o importante, este recurso vai emocionar m\u00e3es e alunos.<\/p>\n","protected":false},"featured_media":32124,"comment_status":"open","ping_status":"closed","template":"","meta":{"bwfblock_default_font":"","_uf_show_specific_survey":0,"_uf_disable_surveys":false},"product_brand":[82],"product_cat":[37,81],"product_tag":[47,80],"class_list":{"0":"post-32123","1":"product","2":"type-product","3":"status-publish","4":"has-post-thumbnail","6":"product_brand-dia-das-maes","7":"product_cat-datas-comemorativas","8":"product_cat-dia-das-maes","9":"product_tag-datas-comemorativas","10":"product_tag-dia-das-maes","12":"first","13":"instock","14":"sale","15":"downloadable","16":"virtual","17":"sold-individually","18":"taxable","19":"purchasable","20":"product-type-simple"},"aioseo_notices":[],"_links":{"self":[{"href":"https:\/\/educacaocomproposito.com.br\/index.php\/wp-json\/wp\/v2\/product\/32123","targetHints":{"allow":["GET"]}}],"collection":[{"href":"https:\/\/educacaocomproposito.com.br\/index.php\/wp-json\/wp\/v2\/product"}],"about":[{"href":"https:\/\/educacaocomproposito.com.br\/index.php\/wp-json\/wp\/v2\/types\/product"}],"replies":[{"embeddable":true,"href":"https:\/\/educacaocomproposito.com.br\/index.php\/wp-json\/wp\/v2\/comments?post=32123"}],"version-history":[{"count":2,"href":"https:\/\/educacaocomproposito.com.br\/index.php\/wp-json\/wp\/v2\/product\/32123\/revisions"}],"predecessor-version":[{"id":61775,"href":"https:\/\/educacaocomproposito.com.br\/index.php\/wp-json\/wp\/v2\/product\/32123\/revisions\/61775"}],"wp:featuredmedia":[{"embeddable":true,"href":"https:\/\/educacaocomproposito.com.br\/index.php\/wp-json\/wp\/v2\/media\/32124"}],"wp:attachment":[{"href":"https:\/\/educacaocomproposito.com.br\/index.php\/wp-json\/wp\/v2\/media?parent=32123"}],"wp:term":[{"taxonomy":"product_brand","embeddable":true,"href":"https:\/\/educacaocomproposito.com.br\/index.php\/wp-json\/wp\/v2\/product_brand?post=32123"},{"taxonomy":"product_cat","embeddable":true,"href":"https:\/\/educacaocomproposito.com.br\/index.php\/wp-json\/wp\/v2\/product_cat?post=32123"},{"taxonomy":"product_tag","embeddable":true,"href":"https:\/\/educacaocomproposito.com.br\/index.php\/wp-json\/wp\/v2\/product_tag?post=32123"}],"curies":[{"name":"wp","href":"https:\/\/api.w.org\/{rel}","templated":true}]}}