{"id":36637,"date":"2025-05-06T19:52:23","date_gmt":"2025-05-06T22:52:23","guid":{"rendered":"https:\/\/educacaocomproposito.com.br\/?post_type=product&#038;p=36637"},"modified":"2025-08-25T17:22:57","modified_gmt":"2025-08-25T20:22:57","slug":"kit-dia-das-maes-flowers-2025","status":"publish","type":"product","link":"https:\/\/educacaocomproposito.com.br\/index.php\/product\/kit-dia-das-maes-flowers-2025\/","title":{"rendered":"Kit \u2013 Dia das M\u00e3es Flowers 2025"},"content":{"rendered":"<p>Este material exclusivo conta com:<br \/>\ud83d\udccc <strong>3 modelos de pain\u00e9is tem\u00e1ticos<\/strong> (aprox. 73x128cm cada)<br \/>Cada painel cont\u00e9m 20 folhas A4 e traz uma proposta visual delicada e emocionante, ideal para diferentes p\u00fablicos:<br \/>\ud83d\udc95 Modelo direcionado para <strong>m\u00e3es de alunos<\/strong><br \/>\ud83c\udf4e Modelo direcionado para <strong>professoras que m\u00e3es<\/strong><br \/>\ud83c\udf37 Modelo direcionado para <em>colaboradoras em geral<\/em>*<br \/>\ud83c\udf81 <strong>Lembrancinhas criativas e vers\u00e1teis:<\/strong><br \/>Inclui <strong>8 modelos<\/strong>:<br \/>2 op\u00e7\u00f5es para as crian\u00e7as <strong>colorirem<\/strong> com amor<br \/>2 op\u00e7\u00f5es <strong>prontas para impress\u00e3o<\/strong><br \/>4 op\u00e7\u00f5es <strong>edit\u00e1veis no Canva<\/strong> (vers\u00e3o gratuita ou Pro)<br \/>\ud83d\udee0\ufe0f O arquivo acompanha:<br \/><strong>Tutorial de montagem passo a passo<\/strong><br \/>**V\u00eddeo explicativo para edi\u00e7\u00e3o f\u00e1cil e r\u00e1pida no Canva<\/p>\n<p>\ud83d\udda8\ufe0f\u00a0<strong>Detalhes T\u00e9cnicos:<\/strong><br \/>\ud83d\udcc2 Arquivo\u00a0<strong>100% digital<\/strong>, em PDF<strong>. Parcialmente edit\u00e1vel<\/strong>.<br \/>\ud83d\udeab\u00a0<strong>N\u00e3o enviamos arquivos f\u00edsicos<\/strong>\u00a0pelos Correios.<br \/>\u26a0\ufe0f\u00a0<strong>Uso pessoal<\/strong>. Proibida a venda e revenda do material f\u00edsico ou digital.<\/p>\n<p><strong>\ud83d\udce5 Como acessar seu arquivo<br \/>Ap\u00f3s a confirma\u00e7\u00e3o do pagamento, voc\u00ea poder\u00e1 baixar o seu produto de tr\u00eas formas pr\u00e1ticas:<br \/><\/strong>1\ufe0f\u20e3 Via e-mail<br \/>Voc\u00ea receber\u00e1 um e-mail com o t\u00edtulo \u201cSeu arquivo chegou\u201d.<br \/>Lembre-se de verificar tamb\u00e9m a caixa de Spam\/Lixo eletr\u00f4nico.<br \/>Para baixar, clique em todos os t\u00edtulos destacados e sublinhados na se\u00e7\u00e3o de Downloads.<br \/>2\ufe0f\u20e3 Via WhatsApp<br \/>Voc\u00ea receber\u00e1 uma mensagem autom\u00e1tica em seu WhatsApp.<br \/>Para receber o arquivo por l\u00e1, basta clicar no bot\u00e3o: \u201cRECEBER meu pedido aqui\u201d.<br \/>3\ufe0f\u20e3 Na sua \u00c1rea do Cliente (site)<br \/>Clique nas tr\u00eas linhas no canto superior esquerdo.<br \/>Acesse Minha Conta &gt; Downloads.<br \/>Baixe diretamente todos os produtos adquiridos.<br \/><strong>\ud83d\udccc Qualquer d\u00favida, nosso suporte est\u00e1 \u00e0 disposi\u00e7\u00e3o:<br \/>(11) 94050-7483.<\/strong><\/p>\n","protected":false},"excerpt":{"rendered":"<p>Celebre o amor mais bonito com um kit completo, pensado para homenagear com carinho e significado todas as m\u00e3es do ambiente escolar!<\/p>\n","protected":false},"featured_media":36640,"comment_status":"open","ping_status":"closed","template":"","meta":{"bwfblock_default_font":"","_uf_show_specific_survey":0,"_uf_disable_surveys":false},"product_brand":[82],"product_cat":[37,81],"product_tag":[47,80],"class_list":{"0":"post-36637","1":"product","2":"type-product","3":"status-publish","4":"has-post-thumbnail","6":"product_brand-dia-das-maes","7":"product_cat-datas-comemorativas","8":"product_cat-dia-das-maes","9":"product_tag-datas-comemorativas","10":"product_tag-dia-das-maes","12":"first","13":"instock","14":"sale","15":"downloadable","16":"virtual","17":"sold-individually","18":"purchasable","19":"product-type-simple"},"aioseo_notices":[],"_links":{"self":[{"href":"https:\/\/educacaocomproposito.com.br\/index.php\/wp-json\/wp\/v2\/product\/36637","targetHints":{"allow":["GET"]}}],"collection":[{"href":"https:\/\/educacaocomproposito.com.br\/index.php\/wp-json\/wp\/v2\/product"}],"about":[{"href":"https:\/\/educacaocomproposito.com.br\/index.php\/wp-json\/wp\/v2\/types\/product"}],"replies":[{"embeddable":true,"href":"https:\/\/educacaocomproposito.com.br\/index.php\/wp-json\/wp\/v2\/comments?post=36637"}],"version-history":[{"count":3,"href":"https:\/\/educacaocomproposito.com.br\/index.php\/wp-json\/wp\/v2\/product\/36637\/revisions"}],"predecessor-version":[{"id":61771,"href":"https:\/\/educacaocomproposito.com.br\/index.php\/wp-json\/wp\/v2\/product\/36637\/revisions\/61771"}],"wp:featuredmedia":[{"embeddable":true,"href":"https:\/\/educacaocomproposito.com.br\/index.php\/wp-json\/wp\/v2\/media\/36640"}],"wp:attachment":[{"href":"https:\/\/educacaocomproposito.com.br\/index.php\/wp-json\/wp\/v2\/media?parent=36637"}],"wp:term":[{"taxonomy":"product_brand","embeddable":true,"href":"https:\/\/educacaocomproposito.com.br\/index.php\/wp-json\/wp\/v2\/product_brand?post=36637"},{"taxonomy":"product_cat","embeddable":true,"href":"https:\/\/educacaocomproposito.com.br\/index.php\/wp-json\/wp\/v2\/product_cat?post=36637"},{"taxonomy":"product_tag","embeddable":true,"href":"https:\/\/educacaocomproposito.com.br\/index.php\/wp-json\/wp\/v2\/product_tag?post=36637"}],"curies":[{"name":"wp","href":"https:\/\/api.w.org\/{rel}","templated":true}]}}