{"id":36744,"date":"2025-05-07T12:14:39","date_gmt":"2025-05-07T15:14:39","guid":{"rendered":"https:\/\/educacaocomproposito.com.br\/?post_type=product&#038;p=36744"},"modified":"2025-08-25T17:21:39","modified_gmt":"2025-08-25T20:21:39","slug":"moldura-para-foto-dia-das-maes-estilo-spotify","status":"publish","type":"product","link":"https:\/\/educacaocomproposito.com.br\/index.php\/product\/moldura-para-foto-dia-das-maes-estilo-spotify\/","title":{"rendered":"Moldura para Foto \u2013 Dia das M\u00e3es | Estilo Spotify"},"content":{"rendered":"<p>\ud83d\udcc4 Composta por 9 p\u00e1ginas A4 para montagem ampliada<br \/>\ud83c\udfb5 Design musical, com player e detalhes afetivos<br \/>\ud83d\udcf8 Ideal para fotos em escolas, eventos ou lembrancinhas<\/p>\n<p>\ud83d\udda8\ufe0f Detalhes T\u00e9cnicos<br \/>\ud83d\udcc2 Arquivo 100% digital, em PDF pronto para impress\u00e3o (n\u00e3o edit\u00e1vel).<br \/>\ud83d\udeab N\u00e3o enviamos arquivos f\u00edsicos pelos Correios.<br \/>\u26a0\ufe0f Uso pessoal. Proibida a venda e revenda do material f\u00edsico ou digital.<br \/>Como receberei meu arquivo?<br \/>Ap\u00f3s a confirma\u00e7\u00e3o do pagamento voc\u00ea receber\u00e1 o link para download do arquivo por E-MAIL e WHATSAPP. VERIFIQUE O SPAM.<\/p>\n<p><strong>\ud83d\udce5 Como acessar seu arquivo<br \/>Ap\u00f3s a confirma\u00e7\u00e3o do pagamento, voc\u00ea poder\u00e1 baixar o seu produto de tr\u00eas formas pr\u00e1ticas:<br \/><\/strong>1\ufe0f\u20e3 Via e-mail<br \/>Voc\u00ea receber\u00e1 um e-mail com o t\u00edtulo \u201cSeu arquivo chegou\u201d.<br \/>Lembre-se de verificar tamb\u00e9m a caixa de Spam\/Lixo eletr\u00f4nico.<br \/>Para baixar, clique em todos os t\u00edtulos destacados e sublinhados na se\u00e7\u00e3o de Downloads.<br \/>2\ufe0f\u20e3 Via WhatsApp<br \/>Voc\u00ea receber\u00e1 uma mensagem autom\u00e1tica em seu WhatsApp.<br \/>Para receber o arquivo por l\u00e1, basta clicar no bot\u00e3o: \u201cRECEBER meu pedido aqui\u201d.<br \/>3\ufe0f\u20e3 Na sua \u00c1rea do Cliente (site)<br \/>Clique nas tr\u00eas linhas no canto superior esquerdo.<br \/>Acesse Minha Conta &gt; Downloads.<br \/>Baixe diretamente todos os produtos adquiridos.<br \/><strong>\ud83d\udccc Qualquer d\u00favida, nosso suporte est\u00e1 \u00e0 disposi\u00e7\u00e3o:<br \/>(11) 94050-7483.<\/strong><\/p>\n","protected":false},"excerpt":{"rendered":"<p>Celebre o amor de forma criativa e emocionante com essa moldura inspirada no visual do Spotify! Com a can\u00e7\u00e3o <em>&#8220;Como \u00e9 grande o meu amor por voc\u00ea&#8221;<\/em>, de Roberto Carlos, essa moldura transforma cada foto em uma verdadeira homenagem \u00e0s m\u00e3es.<\/p>\n","protected":false},"featured_media":36746,"comment_status":"open","ping_status":"closed","template":"","meta":{"bwfblock_default_font":"","_uf_show_specific_survey":0,"_uf_disable_surveys":false},"product_brand":[82],"product_cat":[37,81],"product_tag":[80],"class_list":{"0":"post-36744","1":"product","2":"type-product","3":"status-publish","4":"has-post-thumbnail","6":"product_brand-dia-das-maes","7":"product_cat-datas-comemorativas","8":"product_cat-dia-das-maes","9":"product_tag-dia-das-maes","11":"first","12":"instock","13":"sale","14":"downloadable","15":"virtual","16":"sold-individually","17":"taxable","18":"purchasable","19":"product-type-simple"},"aioseo_notices":[],"_links":{"self":[{"href":"https:\/\/educacaocomproposito.com.br\/index.php\/wp-json\/wp\/v2\/product\/36744","targetHints":{"allow":["GET"]}}],"collection":[{"href":"https:\/\/educacaocomproposito.com.br\/index.php\/wp-json\/wp\/v2\/product"}],"about":[{"href":"https:\/\/educacaocomproposito.com.br\/index.php\/wp-json\/wp\/v2\/types\/product"}],"replies":[{"embeddable":true,"href":"https:\/\/educacaocomproposito.com.br\/index.php\/wp-json\/wp\/v2\/comments?post=36744"}],"version-history":[{"count":2,"href":"https:\/\/educacaocomproposito.com.br\/index.php\/wp-json\/wp\/v2\/product\/36744\/revisions"}],"predecessor-version":[{"id":61769,"href":"https:\/\/educacaocomproposito.com.br\/index.php\/wp-json\/wp\/v2\/product\/36744\/revisions\/61769"}],"wp:featuredmedia":[{"embeddable":true,"href":"https:\/\/educacaocomproposito.com.br\/index.php\/wp-json\/wp\/v2\/media\/36746"}],"wp:attachment":[{"href":"https:\/\/educacaocomproposito.com.br\/index.php\/wp-json\/wp\/v2\/media?parent=36744"}],"wp:term":[{"taxonomy":"product_brand","embeddable":true,"href":"https:\/\/educacaocomproposito.com.br\/index.php\/wp-json\/wp\/v2\/product_brand?post=36744"},{"taxonomy":"product_cat","embeddable":true,"href":"https:\/\/educacaocomproposito.com.br\/index.php\/wp-json\/wp\/v2\/product_cat?post=36744"},{"taxonomy":"product_tag","embeddable":true,"href":"https:\/\/educacaocomproposito.com.br\/index.php\/wp-json\/wp\/v2\/product_tag?post=36744"}],"curies":[{"name":"wp","href":"https:\/\/api.w.org\/{rel}","templated":true}]}}