{"id":37683,"date":"2025-05-15T10:31:06","date_gmt":"2025-05-15T13:31:06","guid":{"rendered":"https:\/\/educacaocomproposito.com.br\/?post_type=product&#038;p=37683"},"modified":"2025-08-25T17:16:03","modified_gmt":"2025-08-25T20:16:03","slug":"kit-para-formacao-de-professores-e-conselho-de-classe-a-mochila-da-aprendizagem","status":"publish","type":"product","link":"https:\/\/educacaocomproposito.com.br\/index.php\/product\/kit-para-formacao-de-professores-e-conselho-de-classe-a-mochila-da-aprendizagem\/","title":{"rendered":"Kit para Forma\u00e7\u00e3o de Professores e Conselho de Classe \u2013 A Mochila da Aprendizagem"},"content":{"rendered":"<p>\ud83d\udce6 O que o kit cont\u00e9m:<br \/>\u2714\ufe0f Painel tem\u00e1tico interativo \u2013 \u201cA Mochila da Aprendizagem\u201d<br \/>Escolha o tamanho ideal para o seu espa\u00e7o:<br \/>\u25aa\ufe0f Grande: 21 folhas A4 \u2013 aprox. 129 x 68,5 cm<br \/>\u25aa\ufe0f M\u00e9dio: 18 folhas A4 \u2013 aprox. 110 x 78,5 cm<br \/>\u2714\ufe0f Din\u00e2mica completa e guiada<br \/>Com todo o passo a passo detalhado para condu\u00e7\u00e3o e participa\u00e7\u00e3o dos professores, al\u00e9m de sugest\u00f5es pr\u00e1ticas de abordagem.<br \/>\u2714\ufe0f + de 40 fichas prontas de apoio<br \/>Desafios, causas e interven\u00e7\u00f5es da Educa\u00e7\u00e3o Infantil ao Ensino Fundamental I, organizadas para consulta e uso em grupo.<br \/>\u2714\ufe0f Tag para lembrancinha<br \/>Emocione e valorize sua equipe com uma mensagem significativa.<br \/>\u25aa\ufe0f 6 unidades por folha A4, prontas para imprimir.<br \/>\ud83d\udee0\ufe0f Facilidade na montagem:<br \/>Arquivo com p\u00e1ginas numeradas para otimizar o processo<br \/>Acompanha tutorial de montagem detalhado<\/p>\n<p><strong>Detalhes T\u00e9cnicos:<\/strong><br \/>\ud83d\udcc2 Arquivo em PDF pronto para impress\u00e3o, 100% digital. N\u00e3o Edit\u00e1vel.<br \/>\u26a0\ufe0f N\u00e3o enviamos pelos CORREIOS.<br \/>\u26a0\ufe0f Aten\u00e7\u00e3o: Este produto n\u00e3o \u00e9 clipart e n\u00e3o disponibilizamos a arte aberta. O material \u00e9 fornecido exclusivamente em arquivos PDF. Uso pessoal, proibida a venda e revenda do material f\u00edsico ou digital.<br \/><strong><br \/>\ud83d\udce5 Como acessar seu arquivo<br \/>Ap\u00f3s a confirma\u00e7\u00e3o do pagamento, voc\u00ea poder\u00e1 baixar o seu produto de tr\u00eas formas pr\u00e1ticas:<br \/><\/strong>1\ufe0f\u20e3 Via e-mail<br \/>Voc\u00ea receber\u00e1 um e-mail com o t\u00edtulo \u201cSeu arquivo chegou\u201d.<br \/>Lembre-se de verificar tamb\u00e9m a caixa de Spam\/Lixo eletr\u00f4nico.<br \/>Para baixar, clique em todos os t\u00edtulos destacados e sublinhados na se\u00e7\u00e3o de Downloads.<br \/>2\ufe0f\u20e3 Via WhatsApp<br \/>Voc\u00ea receber\u00e1 uma mensagem autom\u00e1tica em seu WhatsApp.<br \/>Para receber o arquivo por l\u00e1, basta clicar no bot\u00e3o: \u201cRECEBER meu pedido aqui\u201d.<br \/>3\ufe0f\u20e3 Na sua \u00c1rea do Cliente (site)<br \/>Clique nas tr\u00eas linhas no canto superior esquerdo.<br \/>Acesse Minha Conta &gt; Downloads.<br \/>Baixe diretamente todos os produtos adquiridos.<br \/><strong>\ud83d\udccc Qualquer d\u00favida, nosso suporte est\u00e1 \u00e0 disposi\u00e7\u00e3o:<br \/>(11) 94050-7483.<\/strong><\/p>\n","protected":false},"excerpt":{"rendered":"<p>Transforme seus encontros pedag\u00f3gicos em momentos de escuta, reflex\u00e3o e a\u00e7\u00e3o com este kit completo e simb\u00f3lico, ideal para forma\u00e7\u00f5es e conselhos de classe.<br \/>Este recurso foi pensado para valorizar o protagonismo dos professores, estimular o olhar emp\u00e1tico sobre os desafios dos alunos e promover interven\u00e7\u00f5es significativas a partir da realidade da sala de aula.<\/p>\n","protected":false},"featured_media":37775,"comment_status":"open","ping_status":"closed","template":"","meta":{"bwfblock_default_font":"","_uf_show_specific_survey":0,"_uf_disable_surveys":false},"product_brand":[],"product_cat":[38],"product_tag":[70,86],"class_list":{"0":"post-37683","1":"product","2":"type-product","3":"status-publish","4":"has-post-thumbnail","6":"product_cat-coordenacao-pedagogica","7":"product_tag-coordenacao-pedagogica","8":"product_tag-gestao-escolar","10":"first","11":"instock","12":"sale","13":"downloadable","14":"virtual","15":"sold-individually","16":"taxable","17":"purchasable","18":"product-type-simple"},"aioseo_notices":[],"_links":{"self":[{"href":"https:\/\/educacaocomproposito.com.br\/index.php\/wp-json\/wp\/v2\/product\/37683","targetHints":{"allow":["GET"]}}],"collection":[{"href":"https:\/\/educacaocomproposito.com.br\/index.php\/wp-json\/wp\/v2\/product"}],"about":[{"href":"https:\/\/educacaocomproposito.com.br\/index.php\/wp-json\/wp\/v2\/types\/product"}],"replies":[{"embeddable":true,"href":"https:\/\/educacaocomproposito.com.br\/index.php\/wp-json\/wp\/v2\/comments?post=37683"}],"version-history":[{"count":3,"href":"https:\/\/educacaocomproposito.com.br\/index.php\/wp-json\/wp\/v2\/product\/37683\/revisions"}],"predecessor-version":[{"id":61765,"href":"https:\/\/educacaocomproposito.com.br\/index.php\/wp-json\/wp\/v2\/product\/37683\/revisions\/61765"}],"wp:featuredmedia":[{"embeddable":true,"href":"https:\/\/educacaocomproposito.com.br\/index.php\/wp-json\/wp\/v2\/media\/37775"}],"wp:attachment":[{"href":"https:\/\/educacaocomproposito.com.br\/index.php\/wp-json\/wp\/v2\/media?parent=37683"}],"wp:term":[{"taxonomy":"product_brand","embeddable":true,"href":"https:\/\/educacaocomproposito.com.br\/index.php\/wp-json\/wp\/v2\/product_brand?post=37683"},{"taxonomy":"product_cat","embeddable":true,"href":"https:\/\/educacaocomproposito.com.br\/index.php\/wp-json\/wp\/v2\/product_cat?post=37683"},{"taxonomy":"product_tag","embeddable":true,"href":"https:\/\/educacaocomproposito.com.br\/index.php\/wp-json\/wp\/v2\/product_tag?post=37683"}],"curies":[{"name":"wp","href":"https:\/\/api.w.org\/{rel}","templated":true}]}}