{"id":3783,"date":"2024-10-31T18:53:49","date_gmt":"2024-10-31T21:53:49","guid":{"rendered":"https:\/\/educacaocomproposito.com.br\/?post_type=product&#038;p=3783"},"modified":"2025-09-10T22:44:33","modified_gmt":"2025-09-11T01:44:33","slug":"kit-digital-dia-doa-diretora-escolar","status":"publish","type":"product","link":"https:\/\/educacaocomproposito.com.br\/index.php\/product\/kit-digital-dia-doa-diretora-escolar\/","title":{"rendered":"Kit Digital &#8211; Dia do(a) Diretor(a) Escolar"},"content":{"rendered":"<p><strong>O kit inclui:<br \/>Painel Decorativo<\/strong>: Ampliado para impress\u00e3o em folhas A4, com medida aproximada de 110&#215;80 cm, ideal para impressoras convencionais. O painel traz uma mensagem especial de gratid\u00e3o.<br \/><strong>Moldura para Foto<\/strong>: Em homenagem ao(a) diretor(a), com edi\u00e7\u00e3o f\u00e1cil pelo Canva (gratuito ou pago), e acompanha um tutorial completo para personaliza\u00e7\u00e3o.<br \/><strong>Elementos Complementares de Decora\u00e7\u00e3o<\/strong>: Frases de agradecimento para enriquecer a homenagem e decorar o espa\u00e7o.<br \/><strong>Caixa Ba\u00fa de Recadinhos<\/strong>: Um local especial para que alunos e colaboradores deixem suas mensagens de agradecimento e carinho ao(a) diretor(a).<br \/><strong>Porta-Caneca Personalizado<\/strong>: Um presente exclusivo para o(a) diretor(a) lembrar sempre da sua import\u00e2ncia na escola.<\/p>\n<p>Este kit digital \u00e9 pr\u00e1tico, vers\u00e1til e proporciona um toque emocional \u00fanico para celebrar o Dia do Diretor(a) com muito carinho e reconhecimento!<\/p>\n<p><strong>Detalhes T\u00e9cnicos:<\/strong><br \/>Arquivo 100% digital, pronto para impress\u00e3o. N\u00c3O ENVIAMOS PELOS CORREIOS.<\/p>\n<p><strong>\ud83d\udce5 Como acessar seu arquivo<br \/>Ap\u00f3s a confirma\u00e7\u00e3o do pagamento, voc\u00ea poder\u00e1 baixar o seu produto de tr\u00eas formas pr\u00e1ticas:<br \/><\/strong>1\ufe0f\u20e3 Via e-mail<br \/>Voc\u00ea receber\u00e1 um e-mail com o t\u00edtulo \u201cSeu arquivo chegou\u201d.<br \/>Lembre-se de verificar tamb\u00e9m a caixa de Spam\/Lixo eletr\u00f4nico.<br \/>Para baixar, clique em todos os t\u00edtulos destacados e sublinhados na se\u00e7\u00e3o de Downloads.<br \/>2\ufe0f\u20e3 Via WhatsApp<br \/>Voc\u00ea receber\u00e1 uma mensagem autom\u00e1tica em seu WhatsApp.<br \/>Para receber o arquivo por l\u00e1, basta clicar no bot\u00e3o: \u201cRECEBER meu pedido aqui\u201d.<br \/>3\ufe0f\u20e3 Na sua \u00c1rea do Cliente (site)<br \/>Clique nas tr\u00eas linhas no canto superior esquerdo.<br \/>Acesse Minha Conta &gt; Downloads.<br \/>Baixe diretamente todos os produtos adquiridos.<br \/><strong>\ud83d\udccc Qualquer d\u00favida, nosso suporte est\u00e1 \u00e0 disposi\u00e7\u00e3o:<br \/>(11) 94050-7483.<\/strong><\/p>\n","protected":false},"excerpt":{"rendered":"<p>Este kit digital foi criado especialmente para homenagear o(a) diretor(a) da escola de forma pr\u00e1tica e personalizada.<\/p>\n","protected":false},"featured_media":3784,"comment_status":"open","ping_status":"closed","template":"","meta":{"bwfblock_default_font":"","_uf_show_specific_survey":0,"_uf_disable_surveys":false},"product_brand":[],"product_cat":[38,37],"product_tag":[47],"class_list":{"0":"post-3783","1":"product","2":"type-product","3":"status-publish","4":"has-post-thumbnail","6":"product_cat-coordenacao-pedagogica","7":"product_cat-datas-comemorativas","8":"product_tag-datas-comemorativas","10":"first","11":"instock","12":"sale","13":"downloadable","14":"virtual","15":"sold-individually","16":"taxable","17":"purchasable","18":"product-type-simple"},"aioseo_notices":[],"_links":{"self":[{"href":"https:\/\/educacaocomproposito.com.br\/index.php\/wp-json\/wp\/v2\/product\/3783","targetHints":{"allow":["GET"]}}],"collection":[{"href":"https:\/\/educacaocomproposito.com.br\/index.php\/wp-json\/wp\/v2\/product"}],"about":[{"href":"https:\/\/educacaocomproposito.com.br\/index.php\/wp-json\/wp\/v2\/types\/product"}],"replies":[{"embeddable":true,"href":"https:\/\/educacaocomproposito.com.br\/index.php\/wp-json\/wp\/v2\/comments?post=3783"}],"version-history":[{"count":2,"href":"https:\/\/educacaocomproposito.com.br\/index.php\/wp-json\/wp\/v2\/product\/3783\/revisions"}],"predecessor-version":[{"id":62011,"href":"https:\/\/educacaocomproposito.com.br\/index.php\/wp-json\/wp\/v2\/product\/3783\/revisions\/62011"}],"wp:featuredmedia":[{"embeddable":true,"href":"https:\/\/educacaocomproposito.com.br\/index.php\/wp-json\/wp\/v2\/media\/3784"}],"wp:attachment":[{"href":"https:\/\/educacaocomproposito.com.br\/index.php\/wp-json\/wp\/v2\/media?parent=3783"}],"wp:term":[{"taxonomy":"product_brand","embeddable":true,"href":"https:\/\/educacaocomproposito.com.br\/index.php\/wp-json\/wp\/v2\/product_brand?post=3783"},{"taxonomy":"product_cat","embeddable":true,"href":"https:\/\/educacaocomproposito.com.br\/index.php\/wp-json\/wp\/v2\/product_cat?post=3783"},{"taxonomy":"product_tag","embeddable":true,"href":"https:\/\/educacaocomproposito.com.br\/index.php\/wp-json\/wp\/v2\/product_tag?post=3783"}],"curies":[{"name":"wp","href":"https:\/\/api.w.org\/{rel}","templated":true}]}}