{"id":38051,"date":"2025-05-17T21:29:04","date_gmt":"2025-05-18T00:29:04","guid":{"rendered":"https:\/\/educacaocomproposito.com.br\/?post_type=product&#038;p=38051"},"modified":"2025-08-25T17:04:29","modified_gmt":"2025-08-25T20:04:29","slug":"painel-gigante-arraia-2025","status":"publish","type":"product","link":"https:\/\/educacaocomproposito.com.br\/index.php\/product\/painel-gigante-arraia-2025\/","title":{"rendered":"Painel Gigante &#8211; Arrai\u00e1 2025"},"content":{"rendered":"<p>\u2728 <strong>O que voc\u00ea vai receber:<\/strong><br \/>\ud83d\udccc <strong>Painel Decorativo Tem\u00e1tico<\/strong> \u2013 Estilo romano | Medida aprox.: <em>123x180cm<\/em> | (49 p\u00e1ginas A4)<br \/>\ud83d\udccf Medida total aproximada (Todos os elementos): 230x180cm<br \/>\ud83c\udf3b <strong>Espantalho fofo<\/strong> \u2013 7 p\u00e1ginas A4<br \/>\ud83c\udf89 <strong>Bandeirola grande<\/strong> \u2013 4 p\u00e1ginas A4<br \/>\ud83d\udea7 <strong>Cerca r\u00fastica<\/strong> \u2013 12 p\u00e1ginas A4 (sugest\u00e3o de uso com 2 unidades)<br \/>\ud83c\udf88 <strong>Bandeirinhas com frases juninas<\/strong> \u2013 6 modelos<br \/>\ud83c\udfa8 <strong>Bandeirinhas coloridas<\/strong> \u2013 6 modelos<br \/>\ud83c\udf3d <strong>Detalhes decorativos<\/strong> \u2013 milho, bal\u00f5es e girass\u00f3is<br \/>\ud83d\udd25 <strong>Fogueira grande e charmosa<\/strong> \u2013 9 p\u00e1ginas A4<br \/>\ud83c\udfa5 <strong>Acompanha v\u00eddeo tutorial<\/strong> para montagem pr\u00e1tica, com todos os passos explicadinhos para voc\u00ea montar com tranquilidade e o resultado ficar impec\u00e1vel!<br \/>\ud83d\udda8\ufe0fImpress\u00e3o em folha A4 &#8211; Impressora Convencional<\/p>\n<p><strong>Detalhes T\u00e9cnicos:<\/strong><br \/>\ud83d\udcc2 Arquivo em PDF pronto para impress\u00e3o, 100% digital. N\u00e3o Edit\u00e1vel.<br \/>\u26a0\ufe0f N\u00e3o enviamos pelos CORREIOS.<br \/>\u26a0\ufe0f Aten\u00e7\u00e3o: Este produto n\u00e3o \u00e9 clipart e n\u00e3o disponibilizamos a arte aberta. O material \u00e9 fornecido exclusivamente em arquivos PDF. Uso pessoal, proibida a venda e revenda do material f\u00edsico ou digital.<br \/><strong><br \/>\ud83d\udce5 Como acessar seu arquivo<br \/>Ap\u00f3s a confirma\u00e7\u00e3o do pagamento, voc\u00ea poder\u00e1 baixar o seu produto de tr\u00eas formas pr\u00e1ticas:<br \/><\/strong>1\ufe0f\u20e3 Via e-mail<br \/>Voc\u00ea receber\u00e1 um e-mail com o t\u00edtulo \u201cSeu arquivo chegou\u201d.<br \/>Lembre-se de verificar tamb\u00e9m a caixa de Spam\/Lixo eletr\u00f4nico.<br \/>Para baixar, clique em todos os t\u00edtulos destacados e sublinhados na se\u00e7\u00e3o de Downloads.<br \/>2\ufe0f\u20e3 Via WhatsApp<br \/>Voc\u00ea receber\u00e1 uma mensagem autom\u00e1tica em seu WhatsApp.<br \/>Para receber o arquivo por l\u00e1, basta clicar no bot\u00e3o: \u201cRECEBER meu pedido aqui\u201d.<br \/>3\ufe0f\u20e3 Na sua \u00c1rea do Cliente (site)<br \/>Clique nas tr\u00eas linhas no canto superior esquerdo.<br \/>Acesse Minha Conta &gt; Downloads.<br \/>Baixe diretamente todos os produtos adquiridos.<br \/><strong>\ud83d\udccc Qualquer d\u00favida, nosso suporte est\u00e1 \u00e0 disposi\u00e7\u00e3o:<br \/>(11) 94050-7483.<\/strong><\/p>\n","protected":false},"excerpt":{"rendered":"<p>Transforme seu espa\u00e7o em um verdadeiro arraial com este kit completo, colorido e encantador! Ideal para decorar escolas, eventos ou ambientes festivos, este painel foi criado com muito carinho para deixar sua festa junina ainda mais especial!<\/p>\n","protected":false},"featured_media":38059,"comment_status":"open","ping_status":"closed","template":"","meta":{"bwfblock_default_font":"","_uf_show_specific_survey":0,"_uf_disable_surveys":false},"product_brand":[],"product_cat":[37,91],"product_tag":[93,47,92],"class_list":{"0":"post-38051","1":"product","2":"type-product","3":"status-publish","4":"has-post-thumbnail","6":"product_cat-datas-comemorativas","7":"product_cat-festa-junina","8":"product_tag-arraia","9":"product_tag-datas-comemorativas","10":"product_tag-festa-junina","12":"first","13":"instock","14":"sale","15":"downloadable","16":"virtual","17":"sold-individually","18":"taxable","19":"purchasable","20":"product-type-simple"},"aioseo_notices":[],"_links":{"self":[{"href":"https:\/\/educacaocomproposito.com.br\/index.php\/wp-json\/wp\/v2\/product\/38051","targetHints":{"allow":["GET"]}}],"collection":[{"href":"https:\/\/educacaocomproposito.com.br\/index.php\/wp-json\/wp\/v2\/product"}],"about":[{"href":"https:\/\/educacaocomproposito.com.br\/index.php\/wp-json\/wp\/v2\/types\/product"}],"replies":[{"embeddable":true,"href":"https:\/\/educacaocomproposito.com.br\/index.php\/wp-json\/wp\/v2\/comments?post=38051"}],"version-history":[{"count":3,"href":"https:\/\/educacaocomproposito.com.br\/index.php\/wp-json\/wp\/v2\/product\/38051\/revisions"}],"predecessor-version":[{"id":61762,"href":"https:\/\/educacaocomproposito.com.br\/index.php\/wp-json\/wp\/v2\/product\/38051\/revisions\/61762"}],"wp:featuredmedia":[{"embeddable":true,"href":"https:\/\/educacaocomproposito.com.br\/index.php\/wp-json\/wp\/v2\/media\/38059"}],"wp:attachment":[{"href":"https:\/\/educacaocomproposito.com.br\/index.php\/wp-json\/wp\/v2\/media?parent=38051"}],"wp:term":[{"taxonomy":"product_brand","embeddable":true,"href":"https:\/\/educacaocomproposito.com.br\/index.php\/wp-json\/wp\/v2\/product_brand?post=38051"},{"taxonomy":"product_cat","embeddable":true,"href":"https:\/\/educacaocomproposito.com.br\/index.php\/wp-json\/wp\/v2\/product_cat?post=38051"},{"taxonomy":"product_tag","embeddable":true,"href":"https:\/\/educacaocomproposito.com.br\/index.php\/wp-json\/wp\/v2\/product_tag?post=38051"}],"curies":[{"name":"wp","href":"https:\/\/api.w.org\/{rel}","templated":true}]}}