{"id":38586,"date":"2025-05-21T20:27:58","date_gmt":"2025-05-21T23:27:58","guid":{"rendered":"https:\/\/educacaocomproposito.com.br\/?post_type=product&#038;p=38586"},"modified":"2025-08-25T17:03:33","modified_gmt":"2025-08-25T20:03:33","slug":"painel-medio-arraia-2025","status":"publish","type":"product","link":"https:\/\/educacaocomproposito.com.br\/index.php\/product\/painel-medio-arraia-2025\/","title":{"rendered":"Painel M\u00e9dio &#8211; Arrai\u00e1 2025"},"content":{"rendered":"<p>\ud83c\udf3d O que voc\u00ea vai receber:<br \/>\ud83d\udccc Painel decorativo com frase tem\u00e1tica junina<br \/>\ud83d\udccc Elementos complementares: bandeirolas, milho, sanfona, girassol, plaquinhas e muito mais<br \/>\ud83d\udccc Tutorial de montagem passo a passo incluso<br \/>\ud83d\udcc4 Total: 37 p\u00e1ginas em formato A4 \u2013 prontas para imprimir!<br \/>\ud83d\udccf Medida aproximada do painel montado: 156x73cm<\/p>\n<p><strong>Detalhes T\u00e9cnicos:<\/strong><br \/>\ud83d\udcc2 Arquivo em PDF pronto para impress\u00e3o, 100% digital. N\u00e3o Edit\u00e1vel.<br \/>\u26a0\ufe0f N\u00e3o enviamos pelos CORREIOS.<br \/>\u26a0\ufe0f Aten\u00e7\u00e3o: Este produto n\u00e3o \u00e9 clipart e n\u00e3o disponibilizamos a arte aberta. O material \u00e9 fornecido exclusivamente em arquivos PDF. Uso pessoal, proibida a venda e revenda do material f\u00edsico ou digital.<br \/><strong><br \/>\ud83d\udce5 Como acessar seu arquivo<br \/>Ap\u00f3s a confirma\u00e7\u00e3o do pagamento, voc\u00ea poder\u00e1 baixar o seu produto de tr\u00eas formas pr\u00e1ticas:<br \/><\/strong>1\ufe0f\u20e3 Via e-mail<br \/>Voc\u00ea receber\u00e1 um e-mail com o t\u00edtulo \u201cSeu arquivo chegou\u201d.<br \/>Lembre-se de verificar tamb\u00e9m a caixa de Spam\/Lixo eletr\u00f4nico.<br \/>Para baixar, clique em todos os t\u00edtulos destacados e sublinhados na se\u00e7\u00e3o de Downloads.<br \/>2\ufe0f\u20e3 Via WhatsApp<br \/>Voc\u00ea receber\u00e1 uma mensagem autom\u00e1tica em seu WhatsApp.<br \/>Para receber o arquivo por l\u00e1, basta clicar no bot\u00e3o: \u201cRECEBER meu pedido aqui\u201d.<br \/>3\ufe0f\u20e3 Na sua \u00c1rea do Cliente (site)<br \/>Clique nas tr\u00eas linhas no canto superior esquerdo.<br \/>Acesse Minha Conta &gt; Downloads.<br \/>Baixe diretamente todos os produtos adquiridos.<br \/><strong>\ud83d\udccc Qualquer d\u00favida, nosso suporte est\u00e1 \u00e0 disposi\u00e7\u00e3o:<br \/>(11) 94050-7483.<\/strong><\/p>\n","protected":false},"excerpt":{"rendered":"<p>Transforme sua festa junina com este <strong>painel tem\u00e1tico encantador<\/strong>, cheio de cor, poesia e elementos t\u00edpicos que aquecem o cora\u00e7\u00e3o!<\/p>\n","protected":false},"featured_media":38588,"comment_status":"open","ping_status":"closed","template":"","meta":{"bwfblock_default_font":"","_uf_show_specific_survey":0,"_uf_disable_surveys":false},"product_brand":[],"product_cat":[37,91],"product_tag":[93,47,92],"class_list":{"0":"post-38586","1":"product","2":"type-product","3":"status-publish","4":"has-post-thumbnail","6":"product_cat-datas-comemorativas","7":"product_cat-festa-junina","8":"product_tag-arraia","9":"product_tag-datas-comemorativas","10":"product_tag-festa-junina","12":"first","13":"instock","14":"sale","15":"downloadable","16":"virtual","17":"sold-individually","18":"taxable","19":"purchasable","20":"product-type-simple"},"aioseo_notices":[],"_links":{"self":[{"href":"https:\/\/educacaocomproposito.com.br\/index.php\/wp-json\/wp\/v2\/product\/38586","targetHints":{"allow":["GET"]}}],"collection":[{"href":"https:\/\/educacaocomproposito.com.br\/index.php\/wp-json\/wp\/v2\/product"}],"about":[{"href":"https:\/\/educacaocomproposito.com.br\/index.php\/wp-json\/wp\/v2\/types\/product"}],"replies":[{"embeddable":true,"href":"https:\/\/educacaocomproposito.com.br\/index.php\/wp-json\/wp\/v2\/comments?post=38586"}],"version-history":[{"count":2,"href":"https:\/\/educacaocomproposito.com.br\/index.php\/wp-json\/wp\/v2\/product\/38586\/revisions"}],"predecessor-version":[{"id":61761,"href":"https:\/\/educacaocomproposito.com.br\/index.php\/wp-json\/wp\/v2\/product\/38586\/revisions\/61761"}],"wp:featuredmedia":[{"embeddable":true,"href":"https:\/\/educacaocomproposito.com.br\/index.php\/wp-json\/wp\/v2\/media\/38588"}],"wp:attachment":[{"href":"https:\/\/educacaocomproposito.com.br\/index.php\/wp-json\/wp\/v2\/media?parent=38586"}],"wp:term":[{"taxonomy":"product_brand","embeddable":true,"href":"https:\/\/educacaocomproposito.com.br\/index.php\/wp-json\/wp\/v2\/product_brand?post=38586"},{"taxonomy":"product_cat","embeddable":true,"href":"https:\/\/educacaocomproposito.com.br\/index.php\/wp-json\/wp\/v2\/product_cat?post=38586"},{"taxonomy":"product_tag","embeddable":true,"href":"https:\/\/educacaocomproposito.com.br\/index.php\/wp-json\/wp\/v2\/product_tag?post=38586"}],"curies":[{"name":"wp","href":"https:\/\/api.w.org\/{rel}","templated":true}]}}