{"id":38813,"date":"2025-05-22T21:36:33","date_gmt":"2025-05-23T00:36:33","guid":{"rendered":"https:\/\/educacaocomproposito.com.br\/?post_type=product&#038;p=38813"},"modified":"2025-08-25T17:01:57","modified_gmt":"2025-08-25T20:01:57","slug":"painel-interativo-organizacao-para-festa-junina-escolar","status":"publish","type":"product","link":"https:\/\/educacaocomproposito.com.br\/index.php\/product\/painel-interativo-organizacao-para-festa-junina-escolar\/","title":{"rendered":"Painel Interativo &#8211; Organiza\u00e7\u00e3o para Festa Junina Escolar"},"content":{"rendered":"<p>\ud83d\udcc4 <strong>O que voc\u00ea recebe:<\/strong><br \/>16 p\u00e1ginas A4 prontas para impress\u00e3o com ilustra\u00e7\u00f5es tem\u00e1ticas, frases criativas e informa\u00e7\u00f5es essenciais para orientar os participantes da festa.<br \/>Layout vertical, ideal para montar um painel explicativo no estilo cordel junino!<br \/>\ud83d\udccc <strong>Acompanha tamb\u00e9m:<\/strong><br \/>\u2714\ufe0f Arquivo edit\u00e1vel no Canva com:<br \/>\u2022 Hor\u00e1rios e locais das apresenta\u00e7\u00f5es<br \/>\u2022 Card\u00e1pio com valores<br \/>\u2022 Informa\u00e7\u00f5es importantes para o p\u00fablico<br \/>\u2022 Regras de seguran\u00e7a<br \/>\u2022 Espa\u00e7o instagram\u00e1vel<br \/>\u2022 E muito mais!<\/p>\n<p><strong>Detalhes T\u00e9cnicos:<\/strong><br \/>\ud83d\udcc2 Arquivo em PDF pronto para impress\u00e3o, 100% digital.  Parcialmente Edit\u00e1vel.<br \/>\u26a0\ufe0f N\u00e3o enviamos pelos CORREIOS.<br \/>\u26a0\ufe0f Aten\u00e7\u00e3o: Este produto n\u00e3o \u00e9 clipart e n\u00e3o disponibilizamos a arte aberta. O material \u00e9 fornecido exclusivamente em arquivos PDF. Uso pessoal, proibida a venda e revenda do material f\u00edsico ou digital.<br \/><strong><br \/>\ud83d\udce5 Como acessar seu arquivo<br \/>Ap\u00f3s a confirma\u00e7\u00e3o do pagamento, voc\u00ea poder\u00e1 baixar o seu produto de tr\u00eas formas pr\u00e1ticas:<br \/><\/strong>1\ufe0f\u20e3 Via e-mail<br \/>Voc\u00ea receber\u00e1 um e-mail com o t\u00edtulo \u201cSeu arquivo chegou\u201d.<br \/>Lembre-se de verificar tamb\u00e9m a caixa de Spam\/Lixo eletr\u00f4nico.<br \/>Para baixar, clique em todos os t\u00edtulos destacados e sublinhados na se\u00e7\u00e3o de Downloads.<br \/>2\ufe0f\u20e3 Via WhatsApp<br \/>Voc\u00ea receber\u00e1 uma mensagem autom\u00e1tica em seu WhatsApp.<br \/>Para receber o arquivo por l\u00e1, basta clicar no bot\u00e3o: \u201cRECEBER meu pedido aqui\u201d.<br \/>3\ufe0f\u20e3 Na sua \u00c1rea do Cliente (site)<br \/>Clique nas tr\u00eas linhas no canto superior esquerdo.<br \/>Acesse Minha Conta &gt; Downloads.<br \/>Baixe diretamente todos os produtos adquiridos.<br \/><strong>\ud83d\udccc Qualquer d\u00favida, nosso suporte est\u00e1 \u00e0 disposi\u00e7\u00e3o:<br \/>(11) 94050-7483.<\/strong><\/p>\n","protected":false},"excerpt":{"rendered":"<p>Deixe sua festa junina ainda mais encantadora, organizada e funcional com este kit completo e visualmente atrativo!<\/p>\n","protected":false},"featured_media":38949,"comment_status":"open","ping_status":"closed","template":"","meta":{"bwfblock_default_font":"","_uf_show_specific_survey":0,"_uf_disable_surveys":false},"product_brand":[],"product_cat":[37,91],"product_tag":[93,47,92],"class_list":{"0":"post-38813","1":"product","2":"type-product","3":"status-publish","4":"has-post-thumbnail","6":"product_cat-datas-comemorativas","7":"product_cat-festa-junina","8":"product_tag-arraia","9":"product_tag-datas-comemorativas","10":"product_tag-festa-junina","12":"first","13":"instock","14":"sale","15":"downloadable","16":"virtual","17":"sold-individually","18":"taxable","19":"purchasable","20":"product-type-simple"},"aioseo_notices":[],"_links":{"self":[{"href":"https:\/\/educacaocomproposito.com.br\/index.php\/wp-json\/wp\/v2\/product\/38813","targetHints":{"allow":["GET"]}}],"collection":[{"href":"https:\/\/educacaocomproposito.com.br\/index.php\/wp-json\/wp\/v2\/product"}],"about":[{"href":"https:\/\/educacaocomproposito.com.br\/index.php\/wp-json\/wp\/v2\/types\/product"}],"replies":[{"embeddable":true,"href":"https:\/\/educacaocomproposito.com.br\/index.php\/wp-json\/wp\/v2\/comments?post=38813"}],"version-history":[{"count":3,"href":"https:\/\/educacaocomproposito.com.br\/index.php\/wp-json\/wp\/v2\/product\/38813\/revisions"}],"predecessor-version":[{"id":61760,"href":"https:\/\/educacaocomproposito.com.br\/index.php\/wp-json\/wp\/v2\/product\/38813\/revisions\/61760"}],"wp:featuredmedia":[{"embeddable":true,"href":"https:\/\/educacaocomproposito.com.br\/index.php\/wp-json\/wp\/v2\/media\/38949"}],"wp:attachment":[{"href":"https:\/\/educacaocomproposito.com.br\/index.php\/wp-json\/wp\/v2\/media?parent=38813"}],"wp:term":[{"taxonomy":"product_brand","embeddable":true,"href":"https:\/\/educacaocomproposito.com.br\/index.php\/wp-json\/wp\/v2\/product_brand?post=38813"},{"taxonomy":"product_cat","embeddable":true,"href":"https:\/\/educacaocomproposito.com.br\/index.php\/wp-json\/wp\/v2\/product_cat?post=38813"},{"taxonomy":"product_tag","embeddable":true,"href":"https:\/\/educacaocomproposito.com.br\/index.php\/wp-json\/wp\/v2\/product_tag?post=38813"}],"curies":[{"name":"wp","href":"https:\/\/api.w.org\/{rel}","templated":true}]}}