{"id":40817,"date":"2025-06-02T20:50:39","date_gmt":"2025-06-02T23:50:39","guid":{"rendered":"https:\/\/educacaocomproposito.com.br\/?post_type=product&#038;p=40817"},"modified":"2025-08-25T16:54:26","modified_gmt":"2025-08-25T19:54:26","slug":"painel-enem-2025","status":"publish","type":"product","link":"https:\/\/educacaocomproposito.com.br\/index.php\/product\/painel-enem-2025\/","title":{"rendered":"Painel ENEM 2025"},"content":{"rendered":"<p>\ud83d\udce6 <strong>O que voc\u00ea recebe:<\/strong><br \/>\ud83e\udde9 <strong>Painel<\/strong><br \/>21 p\u00e1ginas no formato A4<br \/>Tamanho aproximado montado: <strong>128x74cm<\/strong><br \/>Ideal para decorar a escola e motivar os alunos!<\/p>\n<p>\ud83d\udccc <strong>4 Plaquinhas informativas<\/strong><br \/>Conte\u00fados informativo sobre: Inscri\u00e7\u00f5es, aplica\u00e7\u00e3o e estrutura do exame.<\/p>\n<p>\u23f3 <strong>Mini Painel de Contagem Regressiva<\/strong><br \/>4 p\u00e1ginas A4<br \/>Deixe os alunos animados e atentos aos dias que faltam para o exame!<\/p>\n<p>\ud83d\udcc5 <strong>B\u00d4NUS em breve!<\/strong><br \/>Perto da data do ENEM, voc\u00ea receber\u00e1 no link do Drive modelos <strong>complementares<\/strong>, prontos para impress\u00e3o, para preencher os campos do painel, com temas como:<br \/>\u2705 Hor\u00e1rios de aplica\u00e7\u00e3o<br \/>\u2705 O que levar no dia da prova<br \/>\ud83d\udeab O que n\u00e3o pode levar<br \/>\ud83e\udeaa Documentos aceitos<br \/>\ud83e\udd12 Procedimentos em caso de doen\u00e7a<br \/>Tudo pensado para ajudar voc\u00ea a informar, acolher e preparar seus alunos de forma completa e visualmente atrativa!<\/p>\n<p><strong>Detalhes T\u00e9cnicos:<\/strong><br \/>\ud83d\udcc2\u00a0<strong>Arquivo em PDF pronto para impress\u00e3o<\/strong>,\u00a0<strong>100% digital.<\/strong> N\u00e3o edit\u00e1vel.<br \/>\u26a0\ufe0f\u00a0<strong>N\u00e3o<\/strong>\u00a0enviamos pelos\u00a0<strong>CORREIOS.<\/strong><br \/>\u26a0\ufe0f\u00a0<strong>Aten\u00e7\u00e3o:<\/strong>\u00a0Este produto\u00a0<strong>n\u00e3o \u00e9 clipart<\/strong>\u00a0e\u00a0<strong>n\u00e3o disponibilizamos a arte aberta<\/strong>. O material \u00e9 fornecido exclusivamente em\u00a0<strong>arquivos PDF<\/strong>.\u00a0<strong>Uso pessoal, proibida a venda e revenda<\/strong>\u00a0do material f\u00edsico ou digital.<\/p>\n<p><strong>\ud83d\udce5 Como acessar seu arquivo<br \/>Ap\u00f3s a confirma\u00e7\u00e3o do pagamento, voc\u00ea poder\u00e1 baixar o seu produto de tr\u00eas formas pr\u00e1ticas:<br \/><\/strong>1\ufe0f\u20e3 Via e-mail<br \/>Voc\u00ea receber\u00e1 um e-mail com o t\u00edtulo \u201cSeu arquivo chegou\u201d.<br \/>Lembre-se de verificar tamb\u00e9m a caixa de Spam\/Lixo eletr\u00f4nico.<br \/>Para baixar, clique em todos os t\u00edtulos destacados e sublinhados na se\u00e7\u00e3o de Downloads.<br \/>2\ufe0f\u20e3 Via WhatsApp<br \/>Voc\u00ea receber\u00e1 uma mensagem autom\u00e1tica em seu WhatsApp.<br \/>Para receber o arquivo por l\u00e1, basta clicar no bot\u00e3o: \u201cRECEBER meu pedido aqui\u201d.<br \/>3\ufe0f\u20e3 Na sua \u00c1rea do Cliente (site)<br \/>Clique nas tr\u00eas linhas no canto superior esquerdo.<br \/>Acesse Minha Conta &gt; Downloads.<br \/>Baixe diretamente todos os produtos adquiridos.<br \/><strong>\ud83d\udccc Qualquer d\u00favida, nosso suporte est\u00e1 \u00e0 disposi\u00e7\u00e3o:<br \/>(11) 94050-7483.<\/strong><\/p>\n","protected":false},"excerpt":{"rendered":"<p>Transforme a prepara\u00e7\u00e3o para o ENEM em um momento visual, organizado e cheio de incentivo com este kit completo e atualizado!<\/p>\n","protected":false},"featured_media":40825,"comment_status":"open","ping_status":"closed","template":"","meta":{"bwfblock_default_font":"","_uf_show_specific_survey":0,"_uf_disable_surveys":false},"product_brand":[],"product_cat":[54],"product_tag":[55],"class_list":{"0":"post-40817","1":"product","2":"type-product","3":"status-publish","4":"has-post-thumbnail","6":"product_cat-enem","7":"product_tag-enem","9":"first","10":"instock","11":"sale","12":"downloadable","13":"virtual","14":"sold-individually","15":"purchasable","16":"product-type-simple"},"aioseo_notices":[],"_links":{"self":[{"href":"https:\/\/educacaocomproposito.com.br\/index.php\/wp-json\/wp\/v2\/product\/40817","targetHints":{"allow":["GET"]}}],"collection":[{"href":"https:\/\/educacaocomproposito.com.br\/index.php\/wp-json\/wp\/v2\/product"}],"about":[{"href":"https:\/\/educacaocomproposito.com.br\/index.php\/wp-json\/wp\/v2\/types\/product"}],"replies":[{"embeddable":true,"href":"https:\/\/educacaocomproposito.com.br\/index.php\/wp-json\/wp\/v2\/comments?post=40817"}],"version-history":[{"count":4,"href":"https:\/\/educacaocomproposito.com.br\/index.php\/wp-json\/wp\/v2\/product\/40817\/revisions"}],"predecessor-version":[{"id":61755,"href":"https:\/\/educacaocomproposito.com.br\/index.php\/wp-json\/wp\/v2\/product\/40817\/revisions\/61755"}],"wp:featuredmedia":[{"embeddable":true,"href":"https:\/\/educacaocomproposito.com.br\/index.php\/wp-json\/wp\/v2\/media\/40825"}],"wp:attachment":[{"href":"https:\/\/educacaocomproposito.com.br\/index.php\/wp-json\/wp\/v2\/media?parent=40817"}],"wp:term":[{"taxonomy":"product_brand","embeddable":true,"href":"https:\/\/educacaocomproposito.com.br\/index.php\/wp-json\/wp\/v2\/product_brand?post=40817"},{"taxonomy":"product_cat","embeddable":true,"href":"https:\/\/educacaocomproposito.com.br\/index.php\/wp-json\/wp\/v2\/product_cat?post=40817"},{"taxonomy":"product_tag","embeddable":true,"href":"https:\/\/educacaocomproposito.com.br\/index.php\/wp-json\/wp\/v2\/product_tag?post=40817"}],"curies":[{"name":"wp","href":"https:\/\/api.w.org\/{rel}","templated":true}]}}