{"id":4096,"date":"2024-11-06T19:38:34","date_gmt":"2024-11-06T22:38:34","guid":{"rendered":"https:\/\/educacaocomproposito.com.br\/?post_type=product&#038;p=4096"},"modified":"2025-08-26T15:08:11","modified_gmt":"2025-08-26T18:08:11","slug":"kit-digital-proclamacao-da-republica-2024","status":"publish","type":"product","link":"https:\/\/educacaocomproposito.com.br\/index.php\/product\/kit-digital-proclamacao-da-republica-2024\/","title":{"rendered":"Kit Digital &#8211; Proclama\u00e7\u00e3o da Rep\u00fablica 2024"},"content":{"rendered":"<p><strong>O que o Kit inclui:<\/strong><br \/><strong>Painel Decorativo:<\/strong> Painel de aproximadamente 110x80cm, com ilustra\u00e7\u00f5es vibrantes que destacam a import\u00e2ncia da Proclama\u00e7\u00e3o da Rep\u00fablica no Brasil.<br \/><strong>Banner com o Hino da Independ\u00eancia:<\/strong> Um banner distribu\u00eddo em 9 folhas A4, pronto para imprimir e montar, com o Hino da Independ\u00eancia para celebrar a liberdade e os valores nacionais.<br \/><strong>Elementos Informativos sobre a Independ\u00eancia:<\/strong> Pesquisa organizada com 8 informa\u00e7\u00f5es importantes sobre a Independ\u00eancia, prontas para serem exibidas e compartilhadas com os alunos.<br \/><strong>Coroas, Pulseiras e Medalhas:<\/strong> Coroa, pulseira e medalha, dispon\u00edveis tanto coloridas quanto em vers\u00f5es para colorir, incentivando a participa\u00e7\u00e3o ativa dos alunos na decora\u00e7\u00e3o e celebra\u00e7\u00e3o.<br \/><strong>Tag para Pirulito:<\/strong> Tags decorativas para enfeitar pirulitos e outros doces, trazendo um toque especial \u00e0 comemora\u00e7\u00e3o.<br \/><strong>Moldura para Foto:<\/strong> Uma moldura especial de 4 folhas A4, perfeita para capturar fotos dos alunos durante a celebra\u00e7\u00e3o e criar lembran\u00e7as inesquec\u00edveis.<\/p>\n<p><strong>\ud83d\udce5 Como acessar seu arquivo<br \/>Ap\u00f3s a confirma\u00e7\u00e3o do pagamento, voc\u00ea poder\u00e1 baixar o seu produto de tr\u00eas formas pr\u00e1ticas:<br \/><\/strong>1\ufe0f\u20e3 Via e-mail<br \/>Voc\u00ea receber\u00e1 um e-mail com o t\u00edtulo \u201cSeu arquivo chegou\u201d.<br \/>Lembre-se de verificar tamb\u00e9m a caixa de Spam\/Lixo eletr\u00f4nico.<br \/>Para baixar, clique em todos os t\u00edtulos destacados e sublinhados na se\u00e7\u00e3o de Downloads.<br \/>2\ufe0f\u20e3 Via WhatsApp<br \/>Voc\u00ea receber\u00e1 uma mensagem autom\u00e1tica em seu WhatsApp.<br \/>Para receber o arquivo por l\u00e1, basta clicar no bot\u00e3o: \u201cRECEBER meu pedido aqui\u201d.<br \/>3\ufe0f\u20e3 Na sua \u00c1rea do Cliente (site)<br \/>Clique nas tr\u00eas linhas no canto superior esquerdo.<br \/>Acesse Minha Conta &gt; Downloads.<br \/>Baixe diretamente todos os produtos adquiridos.<br \/><strong>\ud83d\udccc Qualquer d\u00favida, nosso suporte est\u00e1 \u00e0 disposi\u00e7\u00e3o:<br \/>(11) 94050-7483.<\/strong><\/p>\n","protected":false},"excerpt":{"rendered":"<p>Comemore o Dia da Proclama\u00e7\u00e3o da Rep\u00fablica com um kit digital completo e educativo, ideal para decorar a sala de aula e envolver os alunos em atividades sobre esse momento hist\u00f3rico. Este kit inclui uma variedade de elementos visuais e interativos que ajudam a contar a hist\u00f3ria do Brasil de maneira l\u00fadica e acess\u00edvel.<\/p>\n","protected":false},"featured_media":4097,"comment_status":"closed","ping_status":"closed","template":"","meta":{"bwfblock_default_font":"","_uf_show_specific_survey":0,"_uf_disable_surveys":false},"product_brand":[],"product_cat":[37],"product_tag":[47],"class_list":{"0":"post-4096","1":"product","2":"type-product","3":"status-publish","4":"has-post-thumbnail","6":"product_cat-datas-comemorativas","7":"product_tag-datas-comemorativas","9":"first","10":"instock","11":"sale","12":"downloadable","13":"virtual","14":"taxable","15":"purchasable","16":"product-type-simple"},"aioseo_notices":[],"_links":{"self":[{"href":"https:\/\/educacaocomproposito.com.br\/index.php\/wp-json\/wp\/v2\/product\/4096","targetHints":{"allow":["GET"]}}],"collection":[{"href":"https:\/\/educacaocomproposito.com.br\/index.php\/wp-json\/wp\/v2\/product"}],"about":[{"href":"https:\/\/educacaocomproposito.com.br\/index.php\/wp-json\/wp\/v2\/types\/product"}],"replies":[{"embeddable":true,"href":"https:\/\/educacaocomproposito.com.br\/index.php\/wp-json\/wp\/v2\/comments?post=4096"}],"version-history":[{"count":2,"href":"https:\/\/educacaocomproposito.com.br\/index.php\/wp-json\/wp\/v2\/product\/4096\/revisions"}],"predecessor-version":[{"id":62010,"href":"https:\/\/educacaocomproposito.com.br\/index.php\/wp-json\/wp\/v2\/product\/4096\/revisions\/62010"}],"wp:featuredmedia":[{"embeddable":true,"href":"https:\/\/educacaocomproposito.com.br\/index.php\/wp-json\/wp\/v2\/media\/4097"}],"wp:attachment":[{"href":"https:\/\/educacaocomproposito.com.br\/index.php\/wp-json\/wp\/v2\/media?parent=4096"}],"wp:term":[{"taxonomy":"product_brand","embeddable":true,"href":"https:\/\/educacaocomproposito.com.br\/index.php\/wp-json\/wp\/v2\/product_brand?post=4096"},{"taxonomy":"product_cat","embeddable":true,"href":"https:\/\/educacaocomproposito.com.br\/index.php\/wp-json\/wp\/v2\/product_cat?post=4096"},{"taxonomy":"product_tag","embeddable":true,"href":"https:\/\/educacaocomproposito.com.br\/index.php\/wp-json\/wp\/v2\/product_tag?post=4096"}],"curies":[{"name":"wp","href":"https:\/\/api.w.org\/{rel}","templated":true}]}}