{"id":43029,"date":"2025-06-10T15:48:39","date_gmt":"2025-06-10T18:48:39","guid":{"rendered":"https:\/\/educacaocomproposito.com.br\/?post_type=product&#038;p=43029"},"modified":"2025-08-25T16:45:25","modified_gmt":"2025-08-25T19:45:25","slug":"kit-educacao-que-transforma-2025","status":"publish","type":"product","link":"https:\/\/educacaocomproposito.com.br\/index.php\/product\/kit-educacao-que-transforma-2025\/","title":{"rendered":"Kit \u2013 Educa\u00e7\u00e3o que Transforma 2025"},"content":{"rendered":"<p>\u2728 <strong>O que cont\u00e9m:<\/strong><br \/>\u2705 <strong>Painel base<\/strong> (12 folhas A4) para decorar com impacto e inspira\u00e7\u00e3o<br \/>\u2705 <strong>10 mini cartazes motivacionais<\/strong> com dicas pr\u00e1ticas para mandar bem nas avalia\u00e7\u00f5es (2 por folha A4)<br \/>\u2705 <strong>Banner edit\u00e1vel<\/strong> com as siglas das provas estaduais e nacionais (formato: 4 folhas A4) \u2013 edit\u00e1vel no <strong>Canva Pro e Gratuito<\/strong><br \/>\u2705 <strong>Gr\u00e1ficos e tabelas edit\u00e1veis<\/strong> para montar de forma personalizada no Canva<br \/>\u2705 <strong>Acesso ao link dos arquivos edit\u00e1veis<\/strong> com instru\u00e7\u00f5es para amplia\u00e7\u00e3o e impress\u00e3o<br \/>\u2705 <strong>Tutorial completo em v\u00eddeo<\/strong> para facilitar a edi\u00e7\u00e3o no Canva e a montagem do painel<\/p>\n<p><strong>Detalhes T\u00e9cnicos:<\/strong><br \/>\ud83d\udcc2 Arquivo em PDF pronto para impress\u00e3o, 100% digital. Arquivo Edit\u00e1vel (Exceto painel ilustrativo).<br \/>\u26a0\ufe0f N\u00e3o enviamos pelos CORREIOS.<br \/>\u26a0\ufe0f Aten\u00e7\u00e3o: Este produto n\u00e3o \u00e9 clipart e n\u00e3o disponibilizamos a arte aberta. O material \u00e9 fornecido exclusivamente em arquivos PDF. Uso pessoal, proibida a venda e revenda do material f\u00edsico ou digital.<br \/><strong><br \/>\ud83d\udce5 Como acessar seu arquivo<br \/>Ap\u00f3s a confirma\u00e7\u00e3o do pagamento, voc\u00ea poder\u00e1 baixar o seu produto de tr\u00eas formas pr\u00e1ticas:<br \/><\/strong>1\ufe0f\u20e3 Via e-mail<br \/>Voc\u00ea receber\u00e1 um e-mail com o t\u00edtulo \u201cSeu arquivo chegou\u201d.<br \/>Lembre-se de verificar tamb\u00e9m a caixa de Spam\/Lixo eletr\u00f4nico.<br \/>Para baixar, clique em todos os t\u00edtulos destacados e sublinhados na se\u00e7\u00e3o de Downloads.<br \/>2\ufe0f\u20e3 Via WhatsApp<br \/>Voc\u00ea receber\u00e1 uma mensagem autom\u00e1tica em seu WhatsApp.<br \/>Para receber o arquivo por l\u00e1, basta clicar no bot\u00e3o: \u201cRECEBER meu pedido aqui\u201d.<br \/>3\ufe0f\u20e3 Na sua \u00c1rea do Cliente (site)<br \/>Clique nas tr\u00eas linhas no canto superior esquerdo.<br \/>Acesse Minha Conta &gt; Downloads.<br \/>Baixe diretamente todos os produtos adquiridos.<br \/><strong>\ud83d\udccc Qualquer d\u00favida, nosso suporte est\u00e1 \u00e0 disposi\u00e7\u00e3o:<br \/>(11) 94050-7483.<\/strong><\/p>\n","protected":false},"excerpt":{"rendered":"<p>Ideal para preparar sua escola para os momentos de avalia\u00e7\u00e3o com organiza\u00e7\u00e3o, motiva\u00e7\u00e3o e muito prop\u00f3sito!<\/p>\n","protected":false},"featured_media":43070,"comment_status":"open","ping_status":"closed","template":"","meta":{"bwfblock_default_font":"","_uf_show_specific_survey":0,"_uf_disable_surveys":false},"product_brand":[],"product_cat":[38],"product_tag":[97,70],"class_list":{"0":"post-43029","1":"product","2":"type-product","3":"status-publish","4":"has-post-thumbnail","6":"product_cat-coordenacao-pedagogica","7":"product_tag-aluno-destaque","8":"product_tag-coordenacao-pedagogica","10":"first","11":"instock","12":"sale","13":"downloadable","14":"virtual","15":"sold-individually","16":"taxable","17":"purchasable","18":"product-type-simple"},"aioseo_notices":[],"_links":{"self":[{"href":"https:\/\/educacaocomproposito.com.br\/index.php\/wp-json\/wp\/v2\/product\/43029","targetHints":{"allow":["GET"]}}],"collection":[{"href":"https:\/\/educacaocomproposito.com.br\/index.php\/wp-json\/wp\/v2\/product"}],"about":[{"href":"https:\/\/educacaocomproposito.com.br\/index.php\/wp-json\/wp\/v2\/types\/product"}],"replies":[{"embeddable":true,"href":"https:\/\/educacaocomproposito.com.br\/index.php\/wp-json\/wp\/v2\/comments?post=43029"}],"version-history":[{"count":2,"href":"https:\/\/educacaocomproposito.com.br\/index.php\/wp-json\/wp\/v2\/product\/43029\/revisions"}],"predecessor-version":[{"id":61749,"href":"https:\/\/educacaocomproposito.com.br\/index.php\/wp-json\/wp\/v2\/product\/43029\/revisions\/61749"}],"wp:featuredmedia":[{"embeddable":true,"href":"https:\/\/educacaocomproposito.com.br\/index.php\/wp-json\/wp\/v2\/media\/43070"}],"wp:attachment":[{"href":"https:\/\/educacaocomproposito.com.br\/index.php\/wp-json\/wp\/v2\/media?parent=43029"}],"wp:term":[{"taxonomy":"product_brand","embeddable":true,"href":"https:\/\/educacaocomproposito.com.br\/index.php\/wp-json\/wp\/v2\/product_brand?post=43029"},{"taxonomy":"product_cat","embeddable":true,"href":"https:\/\/educacaocomproposito.com.br\/index.php\/wp-json\/wp\/v2\/product_cat?post=43029"},{"taxonomy":"product_tag","embeddable":true,"href":"https:\/\/educacaocomproposito.com.br\/index.php\/wp-json\/wp\/v2\/product_tag?post=43029"}],"curies":[{"name":"wp","href":"https:\/\/api.w.org\/{rel}","templated":true}]}}